{"id":4507,"date":"2019-12-23T13:56:15","date_gmt":"2019-12-23T13:56:15","guid":{"rendered":"http:\/\/conceptteam.org\/home\/about-us\/"},"modified":"2024-10-23T20:45:33","modified_gmt":"2024-10-23T20:45:33","slug":"hakkimizda","status":"publish","type":"page","link":"https:\/\/conceptteam.org\/tr\/hakkimizda\/","title":{"rendered":"HAKKIMIZDA"},"content":{"rendered":"<div class=\"wpb-content-wrapper\"><p>[vc_row row_content_width=&#8221;grid&#8221;][vc_column width=&#8221;1\/2&#8243;]<div class=\"mkdf-single-image-holder    \" >\n    <div class=\"mkdf-si-inner\" >\n                                    <img loading=\"lazy\" decoding=\"async\" width=\"800\" height=\"1220\" src=\"https:\/\/conceptteam.org\/wp-content\/uploads\/2019\/12\/about-us-page-img-3.jpg\" class=\"attachment-full size-full\" alt=\"\" srcset=\"https:\/\/conceptteam.org\/wp-content\/uploads\/2019\/12\/about-us-page-img-3.jpg 800w, https:\/\/conceptteam.org\/wp-content\/uploads\/2019\/12\/about-us-page-img-3-600x915.jpg 600w, https:\/\/conceptteam.org\/wp-content\/uploads\/2019\/12\/about-us-page-img-3-197x300.jpg 197w, https:\/\/conceptteam.org\/wp-content\/uploads\/2019\/12\/about-us-page-img-3-671x1024.jpg 671w, https:\/\/conceptteam.org\/wp-content\/uploads\/2019\/12\/about-us-page-img-3-768x1171.jpg 768w\" sizes=\"(max-width: 800px) 100vw, 800px\" \/>                        <\/div>\n<\/div>[\/vc_column][vc_column width=&#8221;1\/2&#8243;][vc_column_text]<\/p>\n<h2 class=\"mkdf-st-title\">CONCEPT TEAM<\/h2>\n<h5>FINE CATERING &amp; EVENT CONSULTING<\/h5>\n<p>2005 y\u0131l\u0131 Ocak ay\u0131nda hayalleri pe\u015fine d\u00fc\u015fen 3 ortak taraf\u0131ndan kurulan Concept Team, T\u00fcrk ve D\u00fcnya mutfa\u011f\u0131 lezzetlerini harmanlay\u0131p, farkl\u0131 k\u00fclt\u00fcrden misafirlerimizi T\u00fcrk misafirperverli\u011fi ile en iyi \u015fekilde a\u011f\u0131rlamaktad\u0131r.<\/p>\n<p>O tarihten bu yana, \u201cII Michelin Y\u0131ld\u0131z\u0131\u201d sahibi Bel\u00e7ikal\u0131 a\u015f\u00e7\u0131 Michel Beyls\u2019in dan\u0131\u015fmanl\u0131\u011f\u0131nda Atilla Acet, Ba\u015fak \u015earizi ve Nur Acet y\u00f6netiminde se\u00e7kin davet ve organizasyonlarda ki\u015filere ve kurumlara \u00f6zel catering hizmeti vermektedir.<br \/>\n3 orta\u011f\u0131n tecr\u00fcbelerini birle\u015ftirerek olu\u015fturdu\u011fu g\u00fc\u00e7 birli\u011fiyle b\u00fcy\u00fcyen Concept Team Catering, 15 seneyi a\u015fk\u0131n s\u00fcrede say\u0131s\u0131z de\u011ferli organizasyona imza atmay\u0131 ba\u015farm\u0131\u015ft\u0131r.<\/p>\n<p>Concept Team Catering, her etkinlikte, kaliteli ve detayc\u0131 konseptler yaratmay\u0131 hedefleyen bir yiyecek ve i\u00e7ecek at\u00f6lyesi olmakla beraber, her daim i\u00e7inde bulundu\u011fumuz inovasyon s\u00fcreciyle lezzet ve sunumlara g\u00f6stermi\u015f oldu\u011fu \u00f6zen, heyecan\u0131m\u0131z\u0131n daima taze kalmas\u0131n\u0131 sa\u011flamaktad\u0131r.<\/p>\n<p>Yeni d\u00f6nemde, sunulan tatlar\u0131n online \u00fczerinden daha fazla ki\u015filerle bulu\u015fmas\u0131n\u0131 da hedefleyen Concept Team, Ready to Go, Ready to Cook ve Cook Master projeleriyle evlerde, misafir sofralar\u0131nda yerini alacakt\u0131r.[\/vc_column_text][\/vc_column][\/vc_row][vc_row][vc_column css=&#8221;.vc_custom_1577119046115{margin-top: -123px !important;}&#8221; offset=&#8221;vc_hidden-xs&#8221;][vc_row_inner enable_parallax_background_elements=&#8221;yes&#8221; parallax_background_elements_vertical_alignment=&#8221;middle&#8221; enable_parallax_effect=&#8221;no&#8221; right_parallax_background_element=&#8221;3734&#8243; css=&#8221;.vc_custom_1577121492950{padding-top: 13% !important;padding-bottom: 13% !important;}&#8221; left_parallax_background_element=&#8221;3761&#8243;][vc_column_inner][\/vc_column_inner][\/vc_row_inner][\/vc_column][\/vc_row][vc_row row_content_width=&#8221;grid&#8221;][vc_column offset=&#8221;vc_col-lg-6 vc_col-md-6 vc_col-xs-12&#8243;][vc_empty_space height=&#8221;30px&#8221;][vc_column_text]Yelpazemizde yer alan \u00e7e\u015fitlilikle yiyecek ve i\u00e7ecek alan\u0131nda, Catering, Dan\u0131\u015fmanl\u0131k, Gurme Rotas\u0131, Yemek At\u00f6lyesi, \u015eef Sohbetleri ve Online Lezzetler gibi farkl\u0131 renklere sahip olan Concept Team Catering, titizlikle haz\u0131rlanan bu \u00f6zenli hizmetlerin yan\u0131 s\u0131ra sundu\u011fu mekan alternatifleriyle, davetlerde farkl\u0131l\u0131k arayan misafirleri unutulmaz atmosferlerde a\u011f\u0131rlamaktan keyif almaktad\u0131r.<\/p>\n<p>Hayat\u0131n, her y\u00f6n\u00fcyle bir b\u00fct\u00fcn oldu\u011fu bilinciyle destekledi\u011fimiz vak\u0131f ve derneklerden baz\u0131lar\u0131 olarak Koruncuk Vakf\u0131, TOG, Rotary, L\u00d6SEV, Make-A-Wish ve Dar\u00fclaceze\u2019yi sayabiliriz. Ayr\u0131ca \u0130l\u00e7e Belediyeleri ile yapm\u0131\u015f oldu\u011fumuz i\u015f birli\u011fi ile minik dostlar\u0131m\u0131za yiyecek yard\u0131m\u0131 yapmaktan mutluluk duymaktay\u0131z.<\/p>\n<p>Destek olmaktan gurur duydu\u011fumuz kurum ve organizasyonlar\u0131n yan\u0131 s\u0131ra \u00fcyesi oldu\u011fumuz Skal Istanbul d\u0131\u015f\u0131nda, AHK T\u00fcrk- Alman Ticaret Odas\u0131 ve Site Turkey gibi derneklerle birlikteli\u011fimiz devam etmektedir.[\/vc_column_text][vc_empty_space height=&#8221;150px&#8221;][\/vc_column][vc_column css=&#8221;.vc_custom_1577118812764{margin-top: -340px !important;}&#8221; offset=&#8221;vc_col-lg-6 vc_col-md-6 vc_col-xs-12&#8243;]<div class=\"mkdf-elements-holder   mkdf-one-column  mkdf-responsive-mode-768 \" ><div class=\"mkdf-eh-item    \"  data-item-class=\"mkdf-eh-custom-5400\" data-1025-1366=\"219px 0% 0px 25%\" data-769-1024=\"185px 0% 0px 7%\" data-681-768=\"85% 20% 0% 0%\" data-680=\"202px 0% 0px 0%\">\n\t<div class=\"mkdf-eh-item-inner\">\n\t\t<div class=\"mkdf-eh-item-content mkdf-eh-custom-5400\" style=\"padding: 202px 0% 0px 27%\">\n\t\t\t<div class=\"mkdf-single-image-holder    \" data-parallax=\"{&quot;y&quot;: 30, &quot;smoothness&quot;: 30}\">\n    <div class=\"mkdf-si-inner\" >\n                                    <img loading=\"lazy\" decoding=\"async\" width=\"400\" height=\"600\" src=\"https:\/\/conceptteam.org\/wp-content\/uploads\/2019\/12\/about-us-page-img-4.jpg\" class=\"attachment-full size-full\" alt=\"\" srcset=\"https:\/\/conceptteam.org\/wp-content\/uploads\/2019\/12\/about-us-page-img-4.jpg 400w, https:\/\/conceptteam.org\/wp-content\/uploads\/2019\/12\/about-us-page-img-4-200x300.jpg 200w\" sizes=\"(max-width: 400px) 100vw, 400px\" \/>                        <\/div>\n<\/div>\t\t<\/div>\n\t<\/div>\n<\/div><\/div>[vc_empty_space height=&#8221;30px&#8221;][\/vc_column][\/vc_row][vc_row content_placement=&#8221;middle&#8221; content_text_aligment=&#8221;center&#8221; css=&#8221;.vc_custom_1577118754890{padding-top: 60px !important;padding-bottom: 30px !important;}&#8221; simple_background_color=&#8221;#111111&#8243;][vc_column width=&#8221;1\/2&#8243; offset=&#8221;vc_col-lg-offset-0 vc_col-lg-3 vc_col-md-offset-0 vc_col-md-3 vc_col-sm-offset-0 vc_col-xs-12&#8243;]<div class=\"mkdf-counter-holder \">\n\t<div class=\"mkdf-counter-inner\">\n\t\t\t\t\t<span class=\"mkdf-counter mkdf-zero-counter\" style=\"color: #ffffff\">20<\/span>\n\t\t\t\t\t\t\t<h6 class=\"mkdf-counter-title\" style=\"color: #ffffff\">\n\t\t\t\tYIL\t\t\t<\/h6>\n\t\t\t\t\t<\/div>\n<\/div>[vc_empty_space height=&#8221;30px&#8221;][\/vc_column][vc_column width=&#8221;1\/2&#8243; offset=&#8221;vc_col-lg-offset-0 vc_col-lg-3 vc_col-md-offset-0 vc_col-md-3 vc_col-sm-offset-0 vc_col-xs-12&#8243;]<div class=\"mkdf-counter-holder \">\n\t<div class=\"mkdf-counter-inner\">\n\t\t\t\t\t<span class=\"mkdf-counter mkdf-zero-counter\" style=\"color: #ffffff\">9500<\/span>\n\t\t\t\t\t\t\t<h6 class=\"mkdf-counter-title\" style=\"color: #ffffff\">\n\t\t\t\tETK\u0130NL\u0130K\t\t\t<\/h6>\n\t\t\t\t\t<\/div>\n<\/div>[vc_empty_space height=&#8221;30px&#8221;][\/vc_column][vc_column width=&#8221;1\/2&#8243; offset=&#8221;vc_col-lg-offset-0 vc_col-lg-3 vc_col-md-offset-0 vc_col-md-3 vc_col-sm-offset-0 vc_col-xs-12&#8243;]<div class=\"mkdf-counter-holder \">\n\t<div class=\"mkdf-counter-inner\">\n\t\t\t\t\t<span class=\"mkdf-counter mkdf-zero-counter\" style=\"color: #ffffff\">530<\/span>\n\t\t\t\t\t\t\t<h6 class=\"mkdf-counter-title\" style=\"color: #ffffff\">\n\t\t\t\tMEKAN\t\t\t<\/h6>\n\t\t\t\t\t<\/div>\n<\/div>[vc_empty_space height=&#8221;30px&#8221;][\/vc_column][vc_column width=&#8221;1\/2&#8243; offset=&#8221;vc_col-lg-offset-0 vc_col-lg-3 vc_col-md-offset-0 vc_col-md-3 vc_col-sm-offset-0 vc_col-xs-12&#8243;]<div class=\"mkdf-counter-holder \">\n\t<div class=\"mkdf-counter-inner\">\n\t\t\t\t\t<span class=\"mkdf-counter mkdf-zero-counter\" style=\"color: #ffffff\">1748750<\/span>\n\t\t\t\t\t\t\t<h6 class=\"mkdf-counter-title\" style=\"color: #ffffff\">\n\t\t\t\tM\u0130SAF\u0130R\t\t\t<\/h6>\n\t\t\t\t\t<\/div>\n<\/div>[vc_empty_space height=&#8221;30px&#8221;][\/vc_column][\/vc_row][vc_row row_content_width=&#8221;grid&#8221; content_text_aligment=&#8221;center&#8221; css=&#8221;.vc_custom_1577114834961{margin-top: 60px !important;}&#8221;][vc_column width=&#8221;1\/2&#8243; offset=&#8221;vc_col-lg-3 vc_col-md-6 vc_col-xs-12&#8243; css=&#8221;.vc_custom_1577115088945{padding-top: 30px !important;}&#8221;]<div class=\"mkdf-section-title-holder  mkdf-st-standard mkdf-st-title-left mkdf-st-normal-space \" >\n\t<div class=\"mkdf-st-inner\">\n\t\t\t\t\t<h3 class=\"mkdf-st-title\" >\n\t\t\t\tCONCEPT<br \/> TEAM\t\t\t<\/h3>\n\t\t    <span class=\"mkdf-st-line\" ><\/span>\n    <div class=\"mkdf-st-text\" >\n            <\/div>\n\t<\/div>\n<\/div>[\/vc_column][vc_column width=&#8221;1\/2&#8243; offset=&#8221;vc_col-lg-3 vc_col-md-6 vc_col-xs-12&#8243;]<div class=\"mkdf-team-holder mkdf-team-info-on-image\">\n\t<div class=\"mkdf-team-inner\">\n\t\t\t\t\t<div class=\"mkdf-team-image\">\n                <img loading=\"lazy\" decoding=\"async\" width=\"345\" height=\"345\" src=\"https:\/\/conceptteam.org\/wp-content\/uploads\/2020\/02\/basak-team-member.jpg\" class=\"attachment-full size-full\" alt=\"\" srcset=\"https:\/\/conceptteam.org\/wp-content\/uploads\/2020\/02\/basak-team-member.jpg 345w, https:\/\/conceptteam.org\/wp-content\/uploads\/2020\/02\/basak-team-member-300x300.jpg 300w, https:\/\/conceptteam.org\/wp-content\/uploads\/2020\/02\/basak-team-member-100x100.jpg 100w, https:\/\/conceptteam.org\/wp-content\/uploads\/2020\/02\/basak-team-member-150x150.jpg 150w\" sizes=\"(max-width: 345px) 100vw, 345px\" \/>\t\t\t\t<div class=\"mkdf-team-social-wrapper\">\n\t\t\t\t\t<div class=\"mkdf-team-social-outer\">\n\t\t\t\t\t\t<div class=\"mkdf-team-social-inner\">\n\t\t\t\t\t\t\t\t\t\t\t\t\t\t\t<h6 class=\"mkdf-team-name\" >BA\u015eAK \u015eAR\u0130Z\u0130<\/h6>\n\t\t\t\t\t\t\t\t\t\t\t\t\t\t\t\t\t\t\t\t\t\t<span class=\"mkdf-team-position\" >Y\u00f6netici Ortak<\/span>\n\t\t\t\t\t\t\t\t\t\t\t\t\t\t\t\t\t\t\t\t\t\t\t\t\t\t\t<\/div>\n\t\t\t\t\t<\/div>\n\t\t\t\t<\/div>\n\t\t\t<\/div>\n\t\t\t<\/div>\n<\/div>[\/vc_column][vc_column width=&#8221;1\/2&#8243; offset=&#8221;vc_col-lg-3 vc_col-md-6 vc_col-xs-12&#8243;]<div class=\"mkdf-team-holder mkdf-team-info-on-image\">\n\t<div class=\"mkdf-team-inner\">\n\t\t\t\t\t<div class=\"mkdf-team-image\">\n                <img loading=\"lazy\" decoding=\"async\" width=\"345\" height=\"345\" src=\"https:\/\/conceptteam.org\/wp-content\/uploads\/2020\/02\/nur-team-member.jpg\" class=\"attachment-full size-full\" alt=\"\" srcset=\"https:\/\/conceptteam.org\/wp-content\/uploads\/2020\/02\/nur-team-member.jpg 345w, https:\/\/conceptteam.org\/wp-content\/uploads\/2020\/02\/nur-team-member-300x300.jpg 300w, https:\/\/conceptteam.org\/wp-content\/uploads\/2020\/02\/nur-team-member-100x100.jpg 100w, https:\/\/conceptteam.org\/wp-content\/uploads\/2020\/02\/nur-team-member-150x150.jpg 150w\" sizes=\"(max-width: 345px) 100vw, 345px\" \/>\t\t\t\t<div class=\"mkdf-team-social-wrapper\">\n\t\t\t\t\t<div class=\"mkdf-team-social-outer\">\n\t\t\t\t\t\t<div class=\"mkdf-team-social-inner\">\n\t\t\t\t\t\t\t\t\t\t\t\t\t\t\t<h6 class=\"mkdf-team-name\" >NUR ACET<\/h6>\n\t\t\t\t\t\t\t\t\t\t\t\t\t\t\t\t\t\t\t\t\t\t<span class=\"mkdf-team-position\" >Y\u00f6netici Ortak<\/span>\n\t\t\t\t\t\t\t\t\t\t\t\t\t\t\t\t\t\t\t\t\t\t\t\t\t\t\t<\/div>\n\t\t\t\t\t<\/div>\n\t\t\t\t<\/div>\n\t\t\t<\/div>\n\t\t\t<\/div>\n<\/div>[\/vc_column][vc_column width=&#8221;1\/2&#8243; offset=&#8221;vc_col-lg-3 vc_col-md-6 vc_col-xs-12&#8243;]<div class=\"mkdf-team-holder mkdf-team-info-on-image\">\n\t<div class=\"mkdf-team-inner\">\n\t\t\t\t\t<div class=\"mkdf-team-image\">\n                <img loading=\"lazy\" decoding=\"async\" width=\"345\" height=\"345\" src=\"https:\/\/conceptteam.org\/wp-content\/uploads\/2020\/02\/atilla-team-member.jpg\" class=\"attachment-full size-full\" alt=\"\" srcset=\"https:\/\/conceptteam.org\/wp-content\/uploads\/2020\/02\/atilla-team-member.jpg 345w, https:\/\/conceptteam.org\/wp-content\/uploads\/2020\/02\/atilla-team-member-300x300.jpg 300w, https:\/\/conceptteam.org\/wp-content\/uploads\/2020\/02\/atilla-team-member-100x100.jpg 100w, https:\/\/conceptteam.org\/wp-content\/uploads\/2020\/02\/atilla-team-member-150x150.jpg 150w\" sizes=\"(max-width: 345px) 100vw, 345px\" \/>\t\t\t\t<div class=\"mkdf-team-social-wrapper\">\n\t\t\t\t\t<div class=\"mkdf-team-social-outer\">\n\t\t\t\t\t\t<div class=\"mkdf-team-social-inner\">\n\t\t\t\t\t\t\t\t\t\t\t\t\t\t\t<h6 class=\"mkdf-team-name\" >AT\u0130LLA ACET<\/h6>\n\t\t\t\t\t\t\t\t\t\t\t\t\t\t\t\t\t\t\t\t\t\t<span class=\"mkdf-team-position\" >Y\u00f6netici Ortak<\/span>\n\t\t\t\t\t\t\t\t\t\t\t\t\t\t\t\t\t\t\t\t\t\t\t\t\t\t\t<\/div>\n\t\t\t\t\t<\/div>\n\t\t\t\t<\/div>\n\t\t\t<\/div>\n\t\t\t<\/div>\n<\/div>[\/vc_column][\/vc_row][vc_row][vc_column][vc_row_inner row_content_width=&#8221;grid&#8221; enable_parallax_background_elements=&#8221;yes&#8221; parallax_background_elements_vertical_alignment=&#8221;middle&#8221; enable_parallax_effect=&#8221;no&#8221; left_parallax_background_element=&#8221;3646&#8243;][vc_column_inner width=&#8221;1\/12&#8243; offset=&#8221;vc_hidden-md vc_hidden-sm vc_hidden-xs&#8221;][\/vc_column_inner][vc_column_inner offset=&#8221;vc_col-lg-4 vc_col-md-5 vc_col-xs-12&#8243;]<div class=\"mkdf-single-image-holder    \" data-parallax=\"{&quot;y&quot;: 30, &quot;smoothness&quot;: 30}\">\n    <div class=\"mkdf-si-inner\" >\n                                    <img loading=\"lazy\" decoding=\"async\" width=\"384\" height=\"576\" src=\"https:\/\/conceptteam.org\/wp-content\/uploads\/2019\/12\/abpout-us-page-img-5.jpg\" class=\"attachment-full size-full\" alt=\"\" srcset=\"https:\/\/conceptteam.org\/wp-content\/uploads\/2019\/12\/abpout-us-page-img-5.jpg 384w, https:\/\/conceptteam.org\/wp-content\/uploads\/2019\/12\/abpout-us-page-img-5-200x300.jpg 200w\" sizes=\"(max-width: 384px) 100vw, 384px\" \/>                        <\/div>\n<\/div>[\/vc_column_inner][vc_column_inner width=&#8221;1\/12&#8243; offset=&#8221;vc_hidden-md vc_hidden-sm vc_hidden-xs&#8221;][\/vc_column_inner][vc_column_inner css=&#8221;.vc_custom_1534512863336{padding-left: 0px !important;}&#8221; offset=&#8221;vc_col-lg-6 vc_col-md-7 vc_col-xs-12&#8243;][vc_empty_space height=&#8221;80px&#8221;]<div class=\"mkdf-section-title-holder  mkdf-st-standard mkdf-st-title-left mkdf-st-normal-space \" style=\"padding:0 0 15% 0;text-align: left\">\n\t<div class=\"mkdf-st-inner\">\n\t\t\t\t\t<h2 class=\"mkdf-st-title\" >\n\t\t\t\tH\u0130ZMETLER\u0130M\u0130Z\t\t\t<\/h2>\n\t\t    <span class=\"mkdf-st-line\" style=\"margin: 50px 9% 0 26%; height: 320px\"><\/span>\n    <div class=\"mkdf-st-text\" style=\"margin-top: 45px;padding-right: 0\">\n        \n<h5>CATERING<\/h5>\n<h5>DANI\u015eMANLIK<\/h5>\n<h5>GURME ROTASI<\/h5>\n<h5>YEMEK AT\u00d6LYES\u0130<\/h5>\n<h5>\u015eEF SOHBETLER\u0130<\/h5>\n<p>&nbsp;<\/p>\n<p><a itemprop=\"url\" href=\"https:\/\/conceptteam.org\/tr\/hizmetlerimiz\/\" target=\"_self\"  class=\"mkdf-btn mkdf-btn-medium mkdf-btn-solid\"  >\n\t    <span class=\"mkdf-btn-text\">H\u0130ZMETLER\u0130M\u0130Z<\/span>\n    <i class=\"mkdf-icon-font-awesome  \" ><\/i><\/a>    <\/div>\n\t<\/div>\n<\/div>[\/vc_column_inner][\/vc_row_inner][\/vc_column][\/vc_row]<\/p>\n<\/div>","protected":false},"excerpt":{"rendered":"<p>[vc_row row_content_width=&#8221;grid&#8221;][vc_column width=&#8221;1\/2&#8243;][\/vc_column][vc_column width=&#8221;1\/2&#8243;][vc_column_text] CONCEPT TEAM FINE CATERING &amp; EVENT CONSULTING 2005 y\u0131l\u0131 Ocak ay\u0131nda hayalleri pe\u015fine d\u00fc\u015fen 3 ortak taraf\u0131ndan kurulan Concept Team, T\u00fcrk ve D\u00fcnya mutfa\u011f\u0131 lezzetlerini harmanlay\u0131p, farkl\u0131 k\u00fclt\u00fcrden misafirlerimizi T\u00fcrk misafirperverli\u011fi ile en iyi \u015fekilde a\u011f\u0131rlamaktad\u0131r. [&hellip;]<\/p>\n","protected":false},"author":1,"featured_media":0,"parent":0,"menu_order":0,"comment_status":"closed","ping_status":"closed","template":"full-width.php","meta":{"footnotes":""},"_links":{"self":[{"href":"https:\/\/conceptteam.org\/tr\/wp-json\/wp\/v2\/pages\/4507"}],"collection":[{"href":"https:\/\/conceptteam.org\/tr\/wp-json\/wp\/v2\/pages"}],"about":[{"href":"https:\/\/conceptteam.org\/tr\/wp-json\/wp\/v2\/types\/page"}],"author":[{"embeddable":true,"href":"https:\/\/conceptteam.org\/tr\/wp-json\/wp\/v2\/users\/1"}],"replies":[{"embeddable":true,"href":"https:\/\/conceptteam.org\/tr\/wp-json\/wp\/v2\/comments?post=4507"}],"version-history":[{"count":19,"href":"https:\/\/conceptteam.org\/tr\/wp-json\/wp\/v2\/pages\/4507\/revisions"}],"predecessor-version":[{"id":5461,"href":"https:\/\/conceptteam.org\/tr\/wp-json\/wp\/v2\/pages\/4507\/revisions\/5461"}],"wp:attachment":[{"href":"https:\/\/conceptteam.org\/tr\/wp-json\/wp\/v2\/media?parent=4507"}],"curies":[{"name":"wp","href":"https:\/\/api.w.org\/{rel}","templated":true}]}}