{"id":4514,"date":"2019-12-23T17:21:43","date_gmt":"2019-12-23T17:21:43","guid":{"rendered":"http:\/\/conceptteam.org\/home\/services\/"},"modified":"2020-05-29T13:33:37","modified_gmt":"2020-05-29T13:33:37","slug":"hizmetlerimiz","status":"publish","type":"page","link":"https:\/\/conceptteam.org\/tr\/hizmetlerimiz\/","title":{"rendered":"H\u0130ZMETLER\u0130M\u0130Z"},"content":{"rendered":"<div class=\"wpb-content-wrapper\"><p>[vc_row content_placement=&#8221;top&#8221; enable_parallax_background_elements=&#8221;yes&#8221; right_parallax_background_element=&#8221;3817&#8243;][vc_column][vc_row_inner content_placement=&#8221;middle&#8221; row_content_width=&#8221;grid&#8221; css=&#8221;.vc_custom_1535380918653{padding-bottom: 40px !important;}&#8221;][vc_column_inner offset=&#8221;vc_col-lg-6 vc_col-md-12&#8243;]<div class=\"mkdf-section-title-holder  mkdf-st-standard mkdf-st-title-left mkdf-st-normal-space \" >\n\t<div class=\"mkdf-st-inner\">\n\t\t\t\t\t<h2 class=\"mkdf-st-title\" >\n\t\t\t\tCATERING\t\t\t<\/h2>\n\t\t    <span class=\"mkdf-st-line\" style=\"margin: 40px 8% 0 8%; height: 100px\"><\/span>\n    <div class=\"mkdf-st-text\" style=\"margin-top: 40px;padding-right: 40px\">\n        \u00c7\u0131k\u0131\u015f noktam\u0131z olan \u201cFine Catering\u201d ile ba\u015flad\u0131\u011f\u0131m\u0131z yolculu\u011fumuzun yelpazesini kurumsal etkinlikler, d\u00fc\u011f\u00fcn davetleri, bireysel kutlamalar ile ki\u015fiye ve etkinliklere \u00f6zel haz\u0131rlad\u0131\u011f\u0131m\u0131z men\u00fcler ile \u00e7e\u015fitlendirdik.<\/p>\n<p>Men\u00fcm\u00fczdeki \u00f6z\u00fcn\u00fc koruyan re\u00e7etelerimizle haz\u0131rlanan Osmanl\u0131 ve D\u00fcnya tatlar\u0131ndan olu\u015fan ikramlar, \u00f6zenle misafirlerimize sunuluyor.<br \/>\n    <\/div>\n\t<\/div>\n<\/div>[vc_empty_space height=&#8221;50px&#8221;][\/vc_column_inner][vc_column_inner offset=&#8221;vc_col-lg-6 vc_col-md-12&#8243; css=&#8221;.vc_custom_1535446084271{padding-right: 0px !important;padding-left: 0px !important;}&#8221;]<div class=\"mkdf-single-image-holder    \" >\n    <div class=\"mkdf-si-inner\" >\n                                    <img loading=\"lazy\" decoding=\"async\" width=\"800\" height=\"450\" src=\"https:\/\/conceptteam.org\/wp-content\/uploads\/2020\/02\/services-page-img-new.jpg\" class=\"attachment-full size-full\" alt=\"\" srcset=\"https:\/\/conceptteam.org\/wp-content\/uploads\/2020\/02\/services-page-img-new.jpg 800w, https:\/\/conceptteam.org\/wp-content\/uploads\/2020\/02\/services-page-img-new-600x338.jpg 600w, https:\/\/conceptteam.org\/wp-content\/uploads\/2020\/02\/services-page-img-new-300x169.jpg 300w, https:\/\/conceptteam.org\/wp-content\/uploads\/2020\/02\/services-page-img-new-768x432.jpg 768w\" sizes=\"(max-width: 800px) 100vw, 800px\" \/>                        <\/div>\n<\/div>[\/vc_column_inner][\/vc_row_inner][vc_row_inner row_content_width=&#8221;grid&#8221; css=&#8221;.vc_custom_1534240845257{padding-bottom: 30px !important;}&#8221;][vc_column_inner offset=&#8221;vc_col-lg-offset-1 vc_col-lg-10&#8243; css=&#8221;.vc_custom_1534234226432{padding-right: 0px !important;padding-left: 0px !important;}&#8221;]<div class=\"mkdf-single-image-holder    \" >\n    <div class=\"mkdf-si-inner\" >\n                                    <img loading=\"lazy\" decoding=\"async\" width=\"1300\" height=\"610\" src=\"https:\/\/conceptteam.org\/wp-content\/uploads\/2019\/12\/services-page-img-2.jpg\" class=\"attachment-full size-full\" alt=\"\" srcset=\"https:\/\/conceptteam.org\/wp-content\/uploads\/2019\/12\/services-page-img-2.jpg 1300w, https:\/\/conceptteam.org\/wp-content\/uploads\/2019\/12\/services-page-img-2-600x282.jpg 600w, https:\/\/conceptteam.org\/wp-content\/uploads\/2019\/12\/services-page-img-2-300x141.jpg 300w, https:\/\/conceptteam.org\/wp-content\/uploads\/2019\/12\/services-page-img-2-1024x480.jpg 1024w, https:\/\/conceptteam.org\/wp-content\/uploads\/2019\/12\/services-page-img-2-768x360.jpg 768w\" sizes=\"(max-width: 1300px) 100vw, 1300px\" \/>                        <\/div>\n<\/div>[\/vc_column_inner][\/vc_row_inner][\/vc_column][\/vc_row][vc_row content_placement=&#8221;top&#8221; enable_parallax_background_elements=&#8221;yes&#8221;][vc_column][vc_row_inner content_placement=&#8221;middle&#8221; gap=&#8221;30&#8243; row_content_width=&#8221;grid&#8221; css=&#8221;.vc_custom_1577123848016{padding-bottom: 40px !important;}&#8221;][vc_column_inner offset=&#8221;vc_col-lg-6 vc_col-md-12&#8243; css=&#8221;.vc_custom_1577123712865{padding-right: 0px !important;padding-left: 0px !important;}&#8221;]<div class=\"mkdf-single-image-holder    \" >\n    <div class=\"mkdf-si-inner\" >\n                                    <img loading=\"lazy\" decoding=\"async\" width=\"800\" height=\"673\" src=\"https:\/\/conceptteam.org\/wp-content\/uploads\/2019\/12\/sevices-consultancy-img-1.jpg\" class=\"attachment-full size-full\" alt=\"\" srcset=\"https:\/\/conceptteam.org\/wp-content\/uploads\/2019\/12\/sevices-consultancy-img-1.jpg 800w, https:\/\/conceptteam.org\/wp-content\/uploads\/2019\/12\/sevices-consultancy-img-1-600x505.jpg 600w, https:\/\/conceptteam.org\/wp-content\/uploads\/2019\/12\/sevices-consultancy-img-1-300x252.jpg 300w, https:\/\/conceptteam.org\/wp-content\/uploads\/2019\/12\/sevices-consultancy-img-1-768x646.jpg 768w\" sizes=\"(max-width: 800px) 100vw, 800px\" \/>                        <\/div>\n<\/div>[\/vc_column_inner][vc_column_inner offset=&#8221;vc_col-lg-6 vc_col-md-12&#8243;]<div class=\"mkdf-section-title-holder  mkdf-st-standard mkdf-st-title-left mkdf-st-normal-space \" >\n\t<div class=\"mkdf-st-inner\">\n\t\t\t\t\t<h2 class=\"mkdf-st-title\" >\n\t\t\t\tDANI\u015eMANLIK\t\t\t<\/h2>\n\t\t    <span class=\"mkdf-st-line\" style=\"margin: 40px 8% 0 8%; height: 100px\"><\/span>\n    <div class=\"mkdf-st-text\" style=\"margin-top: 40px;padding-right: 40px\">\n        Yiyecek ve \u0130\u00e7ecek alan\u0131nda etkinlik projelerinizde operasyon dan\u0131\u015fmanl\u0131\u011f\u0131n\u0131n yan\u0131 s\u0131ra mekan i\u015fletmecili\u011fi olarak otel ve restoranlarda uluslararas\u0131 ve lokal tecr\u00fcbelerimizi sizlerle payla\u015fmaktan mutluluk duyuyoruz.    <\/div>\n\t<\/div>\n<\/div>[\/vc_column_inner][\/vc_row_inner][\/vc_column][\/vc_row][vc_row content_placement=&#8221;top&#8221; enable_parallax_background_elements=&#8221;yes&#8221; right_parallax_background_element=&#8221;3817&#8243;][vc_column][vc_row_inner content_placement=&#8221;middle&#8221; row_content_width=&#8221;grid&#8221; css=&#8221;.vc_custom_1535380918653{padding-bottom: 40px !important;}&#8221;][vc_column_inner offset=&#8221;vc_col-lg-6 vc_col-md-12&#8243;]<div class=\"mkdf-section-title-holder  mkdf-st-standard mkdf-st-title-left mkdf-st-normal-space \" >\n\t<div class=\"mkdf-st-inner\">\n\t\t\t\t\t<h2 class=\"mkdf-st-title\" >\n\t\t\t\tGURME ROTASI\t\t\t<\/h2>\n\t\t    <span class=\"mkdf-st-line\" style=\"margin: 40px 8% 0 8%; height: 100px\"><\/span>\n    <div class=\"mkdf-st-text\" style=\"margin-top: 40px;padding-right: 40px\">\n        Lezzet Mozai\u011finin kalbi olan \u0130stanbul\u2019dan ba\u015flatt\u0131\u011f\u0131m\u0131z rotam\u0131za Gaziantep, Hatay y\u00f6relerine uzanan keyifli duraklarla rotam\u0131za alternatif bir y\u00f6n veriyoruz. Misafirlerimiz tarihi dokular aras\u0131ndaki yolcu\u011fumuzda tatlar\u0131n lezzetleri kadar hikayeleri ile de ba\u015fka d\u00fcnyalara s\u00fcr\u00fckleniyor. Tarihi bir kahvede bir hat\u0131r aras\u0131, Seyyar arabada ge\u00e7mi\u015f 40 y\u0131ll\u0131 a\u015fk\u0131n \u00f6m\u00fcrler gibi daha nice ya\u015fanm\u0131\u015fl\u0131klar zihinlerinde yer ediyor&#8230;    <\/div>\n\t<\/div>\n<\/div>[vc_empty_space height=&#8221;50px&#8221;][\/vc_column_inner][vc_column_inner offset=&#8221;vc_col-lg-6 vc_col-md-12&#8243; css=&#8221;.vc_custom_1535446084271{padding-right: 0px !important;padding-left: 0px !important;}&#8221;]<div class=\"mkdf-single-image-holder    \" >\n    <div class=\"mkdf-si-inner\" >\n                                    <img loading=\"lazy\" decoding=\"async\" width=\"800\" height=\"450\" src=\"https:\/\/conceptteam.org\/wp-content\/uploads\/2019\/12\/services-gourment-tour-img-1.jpg\" class=\"attachment-full size-full\" alt=\"\" srcset=\"https:\/\/conceptteam.org\/wp-content\/uploads\/2019\/12\/services-gourment-tour-img-1.jpg 800w, https:\/\/conceptteam.org\/wp-content\/uploads\/2019\/12\/services-gourment-tour-img-1-600x338.jpg 600w, https:\/\/conceptteam.org\/wp-content\/uploads\/2019\/12\/services-gourment-tour-img-1-300x169.jpg 300w, https:\/\/conceptteam.org\/wp-content\/uploads\/2019\/12\/services-gourment-tour-img-1-768x432.jpg 768w\" sizes=\"(max-width: 800px) 100vw, 800px\" \/>                        <\/div>\n<\/div>[\/vc_column_inner][\/vc_row_inner][\/vc_column][\/vc_row][vc_row content_placement=&#8221;top&#8221; enable_parallax_background_elements=&#8221;yes&#8221;][vc_column][vc_row_inner content_placement=&#8221;middle&#8221; gap=&#8221;30&#8243; row_content_width=&#8221;grid&#8221; css=&#8221;.vc_custom_1577123848016{padding-bottom: 40px !important;}&#8221;][vc_column_inner offset=&#8221;vc_col-lg-6 vc_col-md-12&#8243; css=&#8221;.vc_custom_1577123712865{padding-right: 0px !important;padding-left: 0px !important;}&#8221;]<div class=\"mkdf-single-image-holder    \" >\n    <div class=\"mkdf-si-inner\" >\n                                    <img loading=\"lazy\" decoding=\"async\" width=\"800\" height=\"673\" src=\"https:\/\/conceptteam.org\/wp-content\/uploads\/2019\/12\/services-food-course-img-1.jpg\" class=\"attachment-full size-full\" alt=\"\" srcset=\"https:\/\/conceptteam.org\/wp-content\/uploads\/2019\/12\/services-food-course-img-1.jpg 800w, https:\/\/conceptteam.org\/wp-content\/uploads\/2019\/12\/services-food-course-img-1-600x505.jpg 600w, https:\/\/conceptteam.org\/wp-content\/uploads\/2019\/12\/services-food-course-img-1-300x252.jpg 300w, https:\/\/conceptteam.org\/wp-content\/uploads\/2019\/12\/services-food-course-img-1-768x646.jpg 768w\" sizes=\"(max-width: 800px) 100vw, 800px\" \/>                        <\/div>\n<\/div>[\/vc_column_inner][vc_column_inner offset=&#8221;vc_col-lg-6 vc_col-md-12&#8243;]<div class=\"mkdf-section-title-holder  mkdf-st-standard mkdf-st-title-left mkdf-st-normal-space \" >\n\t<div class=\"mkdf-st-inner\">\n\t\t\t\t\t<h2 class=\"mkdf-st-title\" >\n\t\t\t\tYEMEK AT\u00d6LYES\u0130\t\t\t<\/h2>\n\t\t    <span class=\"mkdf-st-line\" style=\"margin: 40px 8% 0 8%; height: 100px\"><\/span>\n    <div class=\"mkdf-st-text\" style=\"margin-top: 40px;padding-right: 40px\">\n        Concept Team olarak misafirlerimize sundu\u011fumuz bir ba\u015fka unutulmaz deneyim ise at\u00f6lyelerimiz. \u015eef Cihan Atalay e\u015fli\u011finde T\u00fcrk mutfa\u011f\u0131n\u0131n inceliklerini \u00f6\u011frenip deneyimleyece\u011finiz etkinli\u011fimiz sayesinde, mutfa\u011f\u0131n en keyifli alanlar\u0131nda misafirler aras\u0131nda kimi zaman bir tatl\u0131 meydan okuma kimi zamanda k\u0131ran k\u0131rana bir rekabete ev sahipli\u011fi yap\u0131yoruz. Online olarak da sundu\u011fumuz at\u00f6lyemizde her zaman yeme\u011fe ve i\u00e7meye kar\u015f\u0131 heyecan\u0131 y\u00fcksek tutmak isteyen kat\u0131l\u0131mc\u0131lar\u0131 a\u011f\u0131rl\u0131yoruz.    <\/div>\n\t<\/div>\n<\/div>[\/vc_column_inner][\/vc_row_inner][\/vc_column][\/vc_row][vc_row content_placement=&#8221;top&#8221; enable_parallax_background_elements=&#8221;yes&#8221; right_parallax_background_element=&#8221;3817&#8243;][vc_column][vc_row_inner content_placement=&#8221;middle&#8221; row_content_width=&#8221;grid&#8221; css=&#8221;.vc_custom_1535380918653{padding-bottom: 40px !important;}&#8221;][vc_column_inner offset=&#8221;vc_col-lg-6 vc_col-md-12&#8243;]<div class=\"mkdf-section-title-holder  mkdf-st-standard mkdf-st-title-left mkdf-st-normal-space \" >\n\t<div class=\"mkdf-st-inner\">\n\t\t\t\t\t<h2 class=\"mkdf-st-title\" >\n\t\t\t\t\u015eEF SOHBETLER\u0130\t\t\t<\/h2>\n\t\t    <span class=\"mkdf-st-line\" style=\"margin: 40px 8% 0 8%; height: 100px\"><\/span>\n    <div class=\"mkdf-st-text\" style=\"margin-top: 40px;padding-right: 40px\">\n        Geleneklerimizde, sofralar\u0131m\u0131zda a\u011f\u0131rlad\u0131\u011f\u0131m\u0131z misafirlerimize sunmaya \u00f6zen g\u00f6sterdi\u011fimiz, ak\u0131llar\u0131nda b\u0131rakmak istedi\u011fimiz iki \u015fey vard\u0131r: sohbetimizin keyfi ve leziz yemeklerimizin dama\u011f\u0131m\u0131zda kalan tad\u0131. Concept Team olarak sizleri her biri birbirinden de\u011ferli isimlerle ayn\u0131 sofrada bulu\u015fturuyoruz. Kimi zaman g\u00fczel bir \u015farap sohbeti, kimi zaman denizden \u00e7\u0131kan lezzetlerin hikayelerini deneyimleyece\u011finiz etkinlikleri ile unutulmaz an\u0131lar\u0131n\u0131z\u0131n mimar\u0131 olmay\u0131 hedefliyoruz.    <\/div>\n\t<\/div>\n<\/div>[vc_empty_space height=&#8221;50px&#8221;][\/vc_column_inner][vc_column_inner offset=&#8221;vc_col-lg-6 vc_col-md-12&#8243; css=&#8221;.vc_custom_1535446084271{padding-right: 0px !important;padding-left: 0px !important;}&#8221;]<div class=\"mkdf-single-image-holder    \" >\n    <div class=\"mkdf-si-inner\" >\n                                    <img loading=\"lazy\" decoding=\"async\" width=\"800\" height=\"450\" src=\"https:\/\/conceptteam.org\/wp-content\/uploads\/2019\/12\/services-dining-chat-img-1.jpg\" class=\"attachment-full size-full\" alt=\"\" srcset=\"https:\/\/conceptteam.org\/wp-content\/uploads\/2019\/12\/services-dining-chat-img-1.jpg 800w, https:\/\/conceptteam.org\/wp-content\/uploads\/2019\/12\/services-dining-chat-img-1-600x338.jpg 600w, https:\/\/conceptteam.org\/wp-content\/uploads\/2019\/12\/services-dining-chat-img-1-300x169.jpg 300w, https:\/\/conceptteam.org\/wp-content\/uploads\/2019\/12\/services-dining-chat-img-1-768x432.jpg 768w\" sizes=\"(max-width: 800px) 100vw, 800px\" \/>                        <\/div>\n<\/div>[\/vc_column_inner][\/vc_row_inner][\/vc_column][\/vc_row]<\/p>\n<\/div>","protected":false},"excerpt":{"rendered":"<p>[vc_row content_placement=&#8221;top&#8221; enable_parallax_background_elements=&#8221;yes&#8221; right_parallax_background_element=&#8221;3817&#8243;][vc_column][vc_row_inner content_placement=&#8221;middle&#8221; row_content_width=&#8221;grid&#8221; css=&#8221;.vc_custom_1535380918653{padding-bottom: 40px !important;}&#8221;][vc_column_inner offset=&#8221;vc_col-lg-6 vc_col-md-12&#8243;][vc_empty_space height=&#8221;50px&#8221;][\/vc_column_inner][vc_column_inner offset=&#8221;vc_col-lg-6 vc_col-md-12&#8243; css=&#8221;.vc_custom_1535446084271{padding-right: 0px !important;padding-left: 0px !important;}&#8221;][\/vc_column_inner][\/vc_row_inner][vc_row_inner row_content_width=&#8221;grid&#8221; css=&#8221;.vc_custom_1534240845257{padding-bottom: 30px !important;}&#8221;][vc_column_inner offset=&#8221;vc_col-lg-offset-1 vc_col-lg-10&#8243; css=&#8221;.vc_custom_1534234226432{padding-right: 0px !important;padding-left: 0px !important;}&#8221;][\/vc_column_inner][\/vc_row_inner][\/vc_column][\/vc_row][vc_row content_placement=&#8221;top&#8221; enable_parallax_background_elements=&#8221;yes&#8221;][vc_column][vc_row_inner content_placement=&#8221;middle&#8221; gap=&#8221;30&#8243; row_content_width=&#8221;grid&#8221; css=&#8221;.vc_custom_1577123848016{padding-bottom: 40px !important;}&#8221;][vc_column_inner offset=&#8221;vc_col-lg-6 vc_col-md-12&#8243; [&hellip;]<\/p>\n","protected":false},"author":1,"featured_media":0,"parent":0,"menu_order":0,"comment_status":"closed","ping_status":"closed","template":"full-width.php","meta":{"footnotes":""},"_links":{"self":[{"href":"https:\/\/conceptteam.org\/tr\/wp-json\/wp\/v2\/pages\/4514"}],"collection":[{"href":"https:\/\/conceptteam.org\/tr\/wp-json\/wp\/v2\/pages"}],"about":[{"href":"https:\/\/conceptteam.org\/tr\/wp-json\/wp\/v2\/types\/page"}],"author":[{"embeddable":true,"href":"https:\/\/conceptteam.org\/tr\/wp-json\/wp\/v2\/users\/1"}],"replies":[{"embeddable":true,"href":"https:\/\/conceptteam.org\/tr\/wp-json\/wp\/v2\/comments?post=4514"}],"version-history":[{"count":6,"href":"https:\/\/conceptteam.org\/tr\/wp-json\/wp\/v2\/pages\/4514\/revisions"}],"predecessor-version":[{"id":4689,"href":"https:\/\/conceptteam.org\/tr\/wp-json\/wp\/v2\/pages\/4514\/revisions\/4689"}],"wp:attachment":[{"href":"https:\/\/conceptteam.org\/tr\/wp-json\/wp\/v2\/media?parent=4514"}],"curies":[{"name":"wp","href":"https:\/\/api.w.org\/{rel}","templated":true}]}}