{"id":4524,"date":"2019-12-28T18:00:18","date_gmt":"2019-12-28T18:00:18","guid":{"rendered":"http:\/\/conceptteam.org\/home\/destination-catering\/"},"modified":"2024-10-28T20:57:53","modified_gmt":"2024-10-28T20:57:53","slug":"destinasyon-catering","status":"publish","type":"page","link":"https:\/\/conceptteam.org\/tr\/destinasyon-catering\/","title":{"rendered":"DEST\u0130NASYON CATERING"},"content":{"rendered":"<div class=\"wpb-content-wrapper\"><p>[vc_row content_placement=&#8221;top&#8221; enable_parallax_background_elements=&#8221;yes&#8221; left_parallax_background_element=&#8221;3651&#8243; css=&#8221;.vc_custom_1730148718694{margin-bottom: 30px !important;}&#8221;][vc_column][vc_row_inner content_placement=&#8221;middle&#8221; gap=&#8221;30&#8243; row_content_width=&#8221;grid&#8221; css=&#8221;.vc_custom_1582029487502{padding-bottom: 40px !important;}&#8221;][vc_column_inner offset=&#8221;vc_col-lg-6 vc_col-md-12&#8243;]<div class=\"mkdf-single-image-holder    \" >\n    <div class=\"mkdf-si-inner\" >\n                                    <img loading=\"lazy\" decoding=\"async\" width=\"800\" height=\"620\" src=\"https:\/\/conceptteam.org\/wp-content\/uploads\/2019\/12\/venues-page-img-5.jpg\" class=\"attachment-full size-full\" alt=\"\" srcset=\"https:\/\/conceptteam.org\/wp-content\/uploads\/2019\/12\/venues-page-img-5.jpg 800w, https:\/\/conceptteam.org\/wp-content\/uploads\/2019\/12\/venues-page-img-5-600x465.jpg 600w, https:\/\/conceptteam.org\/wp-content\/uploads\/2019\/12\/venues-page-img-5-300x233.jpg 300w, https:\/\/conceptteam.org\/wp-content\/uploads\/2019\/12\/venues-page-img-5-768x595.jpg 768w\" sizes=\"(max-width: 800px) 100vw, 800px\" \/>                        <\/div>\n<\/div>[\/vc_column_inner][vc_column_inner offset=&#8221;vc_col-lg-6 vc_col-md-12&#8243; css=&#8221;.vc_custom_1535446084271{padding-right: 0px !important;padding-left: 0px !important;}&#8221;]<div class=\"mkdf-section-title-holder  mkdf-st-standard mkdf-st-title-left mkdf-st-normal-space \" style=\"padding:0 0 15% 0;text-align: left\">\n\t<div class=\"mkdf-st-inner\">\n\t\t\t\t\t<h2 class=\"mkdf-st-title\" >\n\t\t\t\tT\u00dcRK\u0130YE\t\t\t<\/h2>\n\t\t    <span class=\"mkdf-st-line\" style=\"margin: 40px 8% 0 8%; height: 120px\"><\/span>\n    <div class=\"mkdf-st-text\" style=\"margin-top: 40px;padding-right: 40px\">\n        <em><strong>Yery\u00fcz\u00fcndeki Cennet<\/strong><\/em><\/p>\n<p>D\u00fcnyam\u0131z\u0131n e\u015fsiz topraklar\u0131nda ve en \u00f6zel co\u011frafi konumunda bulunan T\u00fcrkiye, g\u00fczelli\u011fi ile her misafirini d\u00f6rt mevsim boyunca b\u00fcy\u00fcl\u00fcyor. T\u00fcrkiye, Asya ve Avrupa aras\u0131nda bir k\u00f6pr\u00fc olmas\u0131n\u0131n yan\u0131 s\u0131ra, Akdeniz ve Ege&#8217;deki su havzalar\u0131 ile de insanl\u0131k i\u00e7in \u00f6nemli bir yere sahip, olduk\u00e7a zengin bir \u00fclkedir.<\/p>\n<p>Trakya b\u00f6lgesindeki k\u0131rk bin y\u0131ll\u0131k yerle\u015fim yerleri; Urfa G\u00f6bekli Tepe&#8217;deki on iki bin y\u0131ll\u0131k ilk dini kompleksi; Aryan dilini uygulayan ilk insanlar olan Luvyal\u0131lar\u0131n anavatan\u0131 olup, tarihin bir\u00e7ok k\u00fclt\u00fcr\u00fcnden mirasa sahip oldu\u011fu i\u00e7in d\u00fcnyan\u0131n her yerinden insanlar\u0131 \u00e7ekmeye devam ediyor.    <\/div>\n\t<\/div>\n<\/div>[\/vc_column_inner][\/vc_row_inner][\/vc_column][\/vc_row][vc_row content_placement=&#8221;top&#8221; enable_parallax_background_elements=&#8221;yes&#8221; right_parallax_background_element=&#8221;3817&#8243; css=&#8221;.vc_custom_1730148727647{margin-bottom: 30px !important;}&#8221;][vc_column][vc_row_inner content_placement=&#8221;middle&#8221; row_content_width=&#8221;grid&#8221; css=&#8221;.vc_custom_1535380918653{padding-bottom: 40px !important;}&#8221;][vc_column_inner offset=&#8221;vc_col-lg-6 vc_col-md-12&#8243;]<div class=\"mkdf-section-title-holder  mkdf-st-standard mkdf-st-title-left mkdf-st-normal-space \" >\n\t<div class=\"mkdf-st-inner\">\n\t\t\t\t\t<h2 class=\"mkdf-st-title\" >\n\t\t\t\tBODRUM\t\t\t<\/h2>\n\t\t    <span class=\"mkdf-st-line\" style=\"margin: 40px 8% 0 8%; height: 100px\"><\/span>\n    <div class=\"mkdf-st-text\" style=\"margin-top: 40px;padding-right: 40px\">\n        <strong><em>An\u0131tlar \u015eehri<\/em><\/strong><\/p>\n<p>D\u00fcnyan\u0131n yedi harikalar\u0131ndan birine ev sahipli\u011fi yapan Bodrum, g\u00fczelli\u011finde kendini kaybedece\u011finiz mavi denizi, el de\u011fmemi\u015f koylar\u0131, k\u0131rsallar\u0131, g\u00fcne\u015finin s\u0131cakl\u0131\u011f\u0131, bal\u0131klar\u0131 ve begonvilleri ile sizlere bir hayali ya\u015fatacak. Concept Team olarak Bodrum\u2019da etkinlik planlaman\u0131n en sevdi\u011fimiz yan\u0131 ise zengin deniz \u00fcr\u00fcnleri ve g\u00fczel do\u011fas\u0131yla siz misafirlerimize ev sahipli\u011fi yapmak.    <\/div>\n\t<\/div>\n<\/div>[vc_empty_space height=&#8221;50px&#8221;][\/vc_column_inner][vc_column_inner offset=&#8221;vc_col-lg-6 vc_col-md-12&#8243; css=&#8221;.vc_custom_1535446084271{padding-right: 0px !important;padding-left: 0px !important;}&#8221;]<div class=\"mkdf-single-image-holder    \" >\n    <div class=\"mkdf-si-inner\" >\n                                    <img loading=\"lazy\" decoding=\"async\" width=\"800\" height=\"600\" src=\"https:\/\/conceptteam.org\/wp-content\/uploads\/2019\/11\/bodrum-1.jpg\" class=\"attachment-full size-full\" alt=\"\" srcset=\"https:\/\/conceptteam.org\/wp-content\/uploads\/2019\/11\/bodrum-1.jpg 800w, https:\/\/conceptteam.org\/wp-content\/uploads\/2019\/11\/bodrum-1-600x450.jpg 600w, https:\/\/conceptteam.org\/wp-content\/uploads\/2019\/11\/bodrum-1-300x225.jpg 300w, https:\/\/conceptteam.org\/wp-content\/uploads\/2019\/11\/bodrum-1-768x576.jpg 768w\" sizes=\"(max-width: 800px) 100vw, 800px\" \/>                        <\/div>\n<\/div>[\/vc_column_inner][\/vc_row_inner][\/vc_column][\/vc_row][vc_row content_placement=&#8221;top&#8221; enable_parallax_background_elements=&#8221;yes&#8221; css=&#8221;.vc_custom_1730148737505{margin-bottom: 30px !important;}&#8221;][vc_column][vc_row_inner content_placement=&#8221;middle&#8221; gap=&#8221;30&#8243; row_content_width=&#8221;grid&#8221; css=&#8221;.vc_custom_1577123848016{padding-bottom: 40px !important;}&#8221;][vc_column_inner offset=&#8221;vc_col-lg-6 vc_col-md-12&#8243; css=&#8221;.vc_custom_1577123712865{padding-right: 0px !important;padding-left: 0px !important;}&#8221;]<div class=\"mkdf-single-image-holder    \" >\n    <div class=\"mkdf-si-inner\" >\n                                    <img loading=\"lazy\" decoding=\"async\" width=\"800\" height=\"600\" src=\"https:\/\/conceptteam.org\/wp-content\/uploads\/2019\/11\/izmir-1.jpg\" class=\"attachment-full size-full\" alt=\"\" srcset=\"https:\/\/conceptteam.org\/wp-content\/uploads\/2019\/11\/izmir-1.jpg 800w, https:\/\/conceptteam.org\/wp-content\/uploads\/2019\/11\/izmir-1-600x450.jpg 600w, https:\/\/conceptteam.org\/wp-content\/uploads\/2019\/11\/izmir-1-300x225.jpg 300w, https:\/\/conceptteam.org\/wp-content\/uploads\/2019\/11\/izmir-1-768x576.jpg 768w\" sizes=\"(max-width: 800px) 100vw, 800px\" \/>                        <\/div>\n<\/div>[\/vc_column_inner][vc_column_inner offset=&#8221;vc_col-lg-6 vc_col-md-12&#8243;]<div class=\"mkdf-section-title-holder  mkdf-st-standard mkdf-st-title-left mkdf-st-normal-space \" >\n\t<div class=\"mkdf-st-inner\">\n\t\t\t\t\t<h2 class=\"mkdf-st-title\" >\n\t\t\t\t\u0130ZM\u0130R\t\t\t<\/h2>\n\t\t    <span class=\"mkdf-st-line\" style=\"margin: 40px 8% 0 8%; height: 100px\"><\/span>\n    <div class=\"mkdf-st-text\" style=\"margin-top: 40px;padding-right: 40px\">\n        <em><strong>Ege\u2019nin Kalbi<\/strong><\/em><\/p>\n<p>Concept Team&#8217;in pek \u00e7ok etkinli\u011fine ev sahipli\u011fi yapan noktalardan biri olan \u0130zmir, k\u00fclt\u00fcrel miraslar ve co\u011frafi g\u00fczellikleri ad\u0131ndan s\u00f6z ettiriyor. \u0130zmir, Hititler\u2019den bile \u00f6nce ev sahipli\u011fi yapt\u0131\u011f\u0131 \u0130yonyal\u0131lar, Persler, Romal\u0131lar ve Osmanl\u0131lar taraf\u0131ndan y\u00f6netilen Smyrna antik kentidir. G\u00fczel \u0130zmir ferah yap\u0131s\u0131, pitoresk manzaralar\u0131 ve b\u00fcy\u00fcleyici mutfa\u011f\u0131 ile her geleni etkisi alt\u0131na al\u0131yor.     <\/div>\n\t<\/div>\n<\/div>[\/vc_column_inner][\/vc_row_inner][\/vc_column][\/vc_row][vc_row content_placement=&#8221;top&#8221; enable_parallax_background_elements=&#8221;yes&#8221; right_parallax_background_element=&#8221;3817&#8243; css=&#8221;.vc_custom_1730148747631{margin-bottom: 30px !important;}&#8221;][vc_column][vc_row_inner content_placement=&#8221;middle&#8221; row_content_width=&#8221;grid&#8221; css=&#8221;.vc_custom_1535380918653{padding-bottom: 40px !important;}&#8221;][vc_column_inner offset=&#8221;vc_col-lg-6 vc_col-md-12&#8243;]<div class=\"mkdf-section-title-holder  mkdf-st-standard mkdf-st-title-left mkdf-st-normal-space \" >\n\t<div class=\"mkdf-st-inner\">\n\t\t\t\t\t<h2 class=\"mkdf-st-title\" >\n\t\t\t\tKAPADOKYA\t\t\t<\/h2>\n\t\t    <span class=\"mkdf-st-line\" style=\"margin: 40px 8% 0 8%; height: 100px\"><\/span>\n    <div class=\"mkdf-st-text\" style=\"margin-top: 40px;padding-right: 40px\">\n        \n<p style=\"margin-top: 0;\"><em><strong>E\u015fi benzeri olmayan g\u00fczellik: Kapadokya<\/strong><\/em><\/p>\n<p>A\u00e7\u0131k hava m\u00fczesi olarak da bilinen Kapadokya, Hristiyanlara tap\u0131nak olmas\u0131, B\u00fcy\u00fck \u0130skender\u2019e kar\u015f\u0131 koyan cesur insanlara ev sahipli\u011fi yapmas\u0131 ile tam bir k\u00fclt\u00fcr mozai\u011fi. Hem g\u00f6z\u00fcn\u00fcz\u00fc hem ruhunuzu besleyecek olan Kapadokya\u2019da Concept Team olarak d\u00fczenledi\u011fimiz etkinlikler her zaman e\u015fsiz bir an\u0131ya d\u00f6n\u00fc\u015fm\u00fc\u015ft\u00fcr. En g\u00fczel \u015faraplar e\u015fli\u011finde keyfini \u00e7\u0131karaca\u011f\u0131n\u0131z benzersiz manzara sizleri b\u00fcy\u00fcs\u00fc alt\u0131na alacak.    <\/div>\n\t<\/div>\n<\/div>[vc_empty_space height=&#8221;50px&#8221;][\/vc_column_inner][vc_column_inner offset=&#8221;vc_col-lg-6 vc_col-md-12&#8243; css=&#8221;.vc_custom_1535446084271{padding-right: 0px !important;padding-left: 0px !important;}&#8221;]<div class=\"mkdf-single-image-holder    \" >\n    <div class=\"mkdf-si-inner\" >\n                                    <img loading=\"lazy\" decoding=\"async\" width=\"800\" height=\"600\" src=\"https:\/\/conceptteam.org\/wp-content\/uploads\/2019\/11\/cappadocia-2.jpg\" class=\"attachment-full size-full\" alt=\"\" srcset=\"https:\/\/conceptteam.org\/wp-content\/uploads\/2019\/11\/cappadocia-2.jpg 800w, https:\/\/conceptteam.org\/wp-content\/uploads\/2019\/11\/cappadocia-2-600x450.jpg 600w, https:\/\/conceptteam.org\/wp-content\/uploads\/2019\/11\/cappadocia-2-300x225.jpg 300w, https:\/\/conceptteam.org\/wp-content\/uploads\/2019\/11\/cappadocia-2-768x576.jpg 768w\" sizes=\"(max-width: 800px) 100vw, 800px\" \/>                        <\/div>\n<\/div>[\/vc_column_inner][\/vc_row_inner][\/vc_column][\/vc_row][vc_row content_placement=&#8221;top&#8221; enable_parallax_background_elements=&#8221;yes&#8221; css=&#8221;.vc_custom_1730148756748{margin-bottom: 30px !important;}&#8221;][vc_column][vc_row_inner content_placement=&#8221;middle&#8221; gap=&#8221;30&#8243; row_content_width=&#8221;grid&#8221; css=&#8221;.vc_custom_1577123848016{padding-bottom: 40px !important;}&#8221;][vc_column_inner offset=&#8221;vc_col-lg-6 vc_col-md-12&#8243; css=&#8221;.vc_custom_1577123712865{padding-right: 0px !important;padding-left: 0px !important;}&#8221;]<div class=\"mkdf-single-image-holder    \" >\n    <div class=\"mkdf-si-inner\" >\n                                    <img loading=\"lazy\" decoding=\"async\" width=\"800\" height=\"600\" src=\"https:\/\/conceptteam.org\/wp-content\/uploads\/2019\/11\/antalya-3.jpg\" class=\"attachment-full size-full\" alt=\"\" srcset=\"https:\/\/conceptteam.org\/wp-content\/uploads\/2019\/11\/antalya-3.jpg 800w, https:\/\/conceptteam.org\/wp-content\/uploads\/2019\/11\/antalya-3-600x450.jpg 600w, https:\/\/conceptteam.org\/wp-content\/uploads\/2019\/11\/antalya-3-300x225.jpg 300w, https:\/\/conceptteam.org\/wp-content\/uploads\/2019\/11\/antalya-3-768x576.jpg 768w\" sizes=\"(max-width: 800px) 100vw, 800px\" \/>                        <\/div>\n<\/div>[\/vc_column_inner][vc_column_inner offset=&#8221;vc_col-lg-6 vc_col-md-12&#8243;]<div class=\"mkdf-section-title-holder  mkdf-st-standard mkdf-st-title-left mkdf-st-normal-space \" >\n\t<div class=\"mkdf-st-inner\">\n\t\t\t\t\t<h2 class=\"mkdf-st-title\" >\n\t\t\t\tANTALYA\t\t\t<\/h2>\n\t\t    <span class=\"mkdf-st-line\" style=\"margin: 40px 8% 0 8%; height: 100px\"><\/span>\n    <div class=\"mkdf-st-text\" style=\"margin-top: 40px;padding-right: 40px\">\n        <strong><em>Her Mevsim G\u00fczel<\/em><\/strong><\/p>\n<p>Concept Team olarak etkinlik d\u00fczenlemekten en \u00e7ok keyif ald\u0131\u011f\u0131m\u0131z bir ba\u015fka \u015fehir ise Akdeniz\u2019in incisi olan Antalya. Bir numaral\u0131 turist destinasyonu olmas\u0131n\u0131n yan\u0131 s\u0131ra palmiye a\u011fa\u00e7lar\u0131n\u0131n g\u00f6lgesinde ya\u015fayan bu canl\u0131 \u015fehir her misafirini b\u00fcy\u00fcl\u00fcyor. \u00d6d\u00fcll\u00fc marinas\u0131 ile pek \u00e7ok g\u00fczel mekana ev sahipli\u011fi yapan Antalya, hayallerinizin ger\u00e7e\u011fe d\u00f6n\u00fc\u015ft\u00fc\u011f\u00fc yer olabilir.     <\/div>\n\t<\/div>\n<\/div>[\/vc_column_inner][\/vc_row_inner][\/vc_column][\/vc_row][vc_row content_placement=&#8221;top&#8221; enable_parallax_background_elements=&#8221;yes&#8221; right_parallax_background_element=&#8221;3817&#8243; css=&#8221;.vc_custom_1730148765758{margin-bottom: 30px !important;}&#8221;][vc_column][vc_row_inner content_placement=&#8221;middle&#8221; row_content_width=&#8221;grid&#8221; css=&#8221;.vc_custom_1535380918653{padding-bottom: 40px !important;}&#8221;][vc_column_inner offset=&#8221;vc_col-lg-6 vc_col-md-12&#8243;]<div class=\"mkdf-section-title-holder  mkdf-st-standard mkdf-st-title-left mkdf-st-normal-space \" >\n\t<div class=\"mkdf-st-inner\">\n\t\t\t\t\t<h2 class=\"mkdf-st-title\" >\n\t\t\t\tG\u00dcNEYDO\u011eU ANADOLU\t\t\t<\/h2>\n\t\t    <span class=\"mkdf-st-line\" style=\"margin: 40px 8% 0 8%; height: 100px\"><\/span>\n    <div class=\"mkdf-st-text\" style=\"margin-top: 40px;padding-right: 40px\">\n        <em><strong>\u0130nsanl\u0131k Tarihini De\u011fi\u015ftiren Yer<\/strong><\/em><\/p>\n<p>Bin bir renge ve y\u00fczy\u0131ll\u0131k k\u00fclt\u00fcre ev sahipli\u011fi yapan G\u00fcneydo\u011fu Anadolu, bizlere sunulmu\u015f e\u015fsiz bir tablo. Eski uygarl\u0131klar\u0131n izlerini ta\u015f\u0131yan ruhu ve yap\u0131lar\u0131 ile ikliminin g\u00fczelli\u011fi birle\u015fti\u011finde ortaya \u00e7\u0131kan pastoral deneyim unutulmaz anlar\u0131n\u0131z aras\u0131nda yerini alacak.    <\/div>\n\t<\/div>\n<\/div>[vc_empty_space height=&#8221;50px&#8221;][\/vc_column_inner][vc_column_inner offset=&#8221;vc_col-lg-6 vc_col-md-12&#8243; css=&#8221;.vc_custom_1535446084271{padding-right: 0px !important;padding-left: 0px !important;}&#8221;]<div class=\"mkdf-single-image-holder    \" >\n    <div class=\"mkdf-si-inner\" >\n                                    <img loading=\"lazy\" decoding=\"async\" width=\"800\" height=\"600\" src=\"https:\/\/conceptteam.org\/wp-content\/uploads\/2020\/01\/southeastern-anatolia-1.jpg\" class=\"attachment-full size-full\" alt=\"\" srcset=\"https:\/\/conceptteam.org\/wp-content\/uploads\/2020\/01\/southeastern-anatolia-1.jpg 800w, https:\/\/conceptteam.org\/wp-content\/uploads\/2020\/01\/southeastern-anatolia-1-600x450.jpg 600w, https:\/\/conceptteam.org\/wp-content\/uploads\/2020\/01\/southeastern-anatolia-1-300x225.jpg 300w, https:\/\/conceptteam.org\/wp-content\/uploads\/2020\/01\/southeastern-anatolia-1-768x576.jpg 768w\" sizes=\"(max-width: 800px) 100vw, 800px\" \/>                        <\/div>\n<\/div>[\/vc_column_inner][\/vc_row_inner][\/vc_column][\/vc_row][vc_row content_placement=&#8221;top&#8221; enable_parallax_background_elements=&#8221;yes&#8221; css=&#8221;.vc_custom_1730148756748{margin-bottom: 30px !important;}&#8221;][vc_column][vc_row_inner content_placement=&#8221;middle&#8221; gap=&#8221;30&#8243; row_content_width=&#8221;grid&#8221; css=&#8221;.vc_custom_1577123848016{padding-bottom: 40px !important;}&#8221;][vc_column_inner offset=&#8221;vc_col-lg-6 vc_col-md-12&#8243; css=&#8221;.vc_custom_1577123712865{padding-right: 0px !important;padding-left: 0px !important;}&#8221;]<div class=\"mkdf-single-image-holder    \" >\n    <div class=\"mkdf-si-inner\" >\n                                    <img loading=\"lazy\" decoding=\"async\" width=\"800\" height=\"600\" src=\"https:\/\/conceptteam.org\/wp-content\/uploads\/2024\/10\/mugla-image.jpg\" class=\"attachment-full size-full\" alt=\"\" srcset=\"https:\/\/conceptteam.org\/wp-content\/uploads\/2024\/10\/mugla-image.jpg 800w, https:\/\/conceptteam.org\/wp-content\/uploads\/2024\/10\/mugla-image-300x225.jpg 300w, https:\/\/conceptteam.org\/wp-content\/uploads\/2024\/10\/mugla-image-768x576.jpg 768w, https:\/\/conceptteam.org\/wp-content\/uploads\/2024\/10\/mugla-image-600x450.jpg 600w\" sizes=\"(max-width: 800px) 100vw, 800px\" \/>                        <\/div>\n<\/div>[\/vc_column_inner][vc_column_inner offset=&#8221;vc_col-lg-6 vc_col-md-12&#8243;]<div class=\"mkdf-section-title-holder  mkdf-st-standard mkdf-st-title-left mkdf-st-normal-space \" >\n\t<div class=\"mkdf-st-inner\">\n\t\t\t\t\t<h2 class=\"mkdf-st-title\" >\n\t\t\t\tMU\u011eLA\t\t\t<\/h2>\n\t\t    <span class=\"mkdf-st-line\" style=\"margin: 40px 8% 0 8%; height: 100px\"><\/span>\n    <div class=\"mkdf-st-text\" style=\"margin-top: 40px;padding-right: 40px\">\n        <strong><em>Yery\u00fcz\u00fcndeki Sakl\u0131 Cennet<\/em><\/strong><\/p>\n<p>Mu\u011fla, turkuaz sular\u0131 ve bakir koylar\u0131yla Ege ve Akdeniz\u2019i birle\u015ftiren, ke\u015ffedilmeyi bekleyen bir cennet! 8,000 y\u0131ll\u0131k tarihi boyunca bir\u00e7ok antik kente ev sahipli\u011fi yapm\u0131\u015f olan bu b\u00f6lge, turkuaz sular\u0131 ve ke\u015ffedilmeyi bekleyen bak\u0131r koylar\u0131yla dikkat \u00e7ekmektedir. T\u00fcrkiye&#8217;nin en uzun k\u0131y\u0131 \u015feridine sahip olan Mu\u011fla, tarihi, k\u00fclt\u00fcrel de\u011ferleri ve do\u011fal g\u00fczellikleriyle yerli ve yabanc\u0131 bir\u00e7ok turiste ev sahipli\u011fi yapmaktad\u0131r.    <\/div>\n\t<\/div>\n<\/div>[\/vc_column_inner][\/vc_row_inner][\/vc_column][\/vc_row][vc_row content_placement=&#8221;top&#8221; enable_parallax_background_elements=&#8221;yes&#8221; right_parallax_background_element=&#8221;3817&#8243; css=&#8221;.vc_custom_1730148765758{margin-bottom: 30px !important;}&#8221;][vc_column][vc_row_inner content_placement=&#8221;middle&#8221; row_content_width=&#8221;grid&#8221; css=&#8221;.vc_custom_1535380918653{padding-bottom: 40px !important;}&#8221;][vc_column_inner offset=&#8221;vc_col-lg-6 vc_col-md-12&#8243;]<div class=\"mkdf-section-title-holder  mkdf-st-standard mkdf-st-title-left mkdf-st-normal-space \" >\n\t<div class=\"mkdf-st-inner\">\n\t\t\t\t\t<h2 class=\"mkdf-st-title\" >\n\t\t\t\tFETH\u0130YE\t\t\t<\/h2>\n\t\t    <span class=\"mkdf-st-line\" style=\"margin: 40px 8% 0 8%; height: 100px\"><\/span>\n    <div class=\"mkdf-st-text\" style=\"margin-top: 40px;padding-right: 40px\">\n        <em><strong>Tarih ve Do\u011fan\u0131n Bulu\u015ftu\u011fu Yer<\/strong><\/em><\/p>\n<p>Mu\u011fla&#8217;n\u0131n en b\u00fcy\u00fck il\u00e7esi olan Fethiye, Akdeniz k\u0131y\u0131lar\u0131n\u0131n en bat\u0131 ucunda yer al\u0131yor ve antik Likya Medeniyeti&#8217;nin \u00f6nemli bir par\u00e7as\u0131n\u0131 olu\u015fturmaktad\u0131r. Yatlar\u0131n demirledi\u011fi bu e\u015fsiz lokasyon, deniz tutkunlar\u0131 i\u00e7in adeta bir cennettir. Fethiye, hem macera arayanlar hem de do\u011fan\u0131n tad\u0131n\u0131 \u00e7\u0131karmak isteyenler i\u00e7in ideal bir ka\u00e7\u0131\u015f noktas\u0131d\u0131r.     <\/div>\n\t<\/div>\n<\/div>[vc_empty_space height=&#8221;50px&#8221;][\/vc_column_inner][vc_column_inner offset=&#8221;vc_col-lg-6 vc_col-md-12&#8243; css=&#8221;.vc_custom_1535446084271{padding-right: 0px !important;padding-left: 0px !important;}&#8221;]<div class=\"mkdf-single-image-holder    \" >\n    <div class=\"mkdf-si-inner\" >\n                                    <img loading=\"lazy\" decoding=\"async\" width=\"800\" height=\"600\" src=\"https:\/\/conceptteam.org\/wp-content\/uploads\/2024\/10\/fethiye-image.jpg\" class=\"attachment-full size-full\" alt=\"\" srcset=\"https:\/\/conceptteam.org\/wp-content\/uploads\/2024\/10\/fethiye-image.jpg 800w, https:\/\/conceptteam.org\/wp-content\/uploads\/2024\/10\/fethiye-image-300x225.jpg 300w, https:\/\/conceptteam.org\/wp-content\/uploads\/2024\/10\/fethiye-image-768x576.jpg 768w, https:\/\/conceptteam.org\/wp-content\/uploads\/2024\/10\/fethiye-image-600x450.jpg 600w\" sizes=\"(max-width: 800px) 100vw, 800px\" \/>                        <\/div>\n<\/div>[\/vc_column_inner][\/vc_row_inner][\/vc_column][\/vc_row][vc_row content_placement=&#8221;top&#8221; enable_parallax_background_elements=&#8221;yes&#8221; css=&#8221;.vc_custom_1730148756748{margin-bottom: 30px !important;}&#8221;][vc_column][vc_row_inner content_placement=&#8221;middle&#8221; gap=&#8221;30&#8243; row_content_width=&#8221;grid&#8221; css=&#8221;.vc_custom_1577123848016{padding-bottom: 40px !important;}&#8221;][vc_column_inner offset=&#8221;vc_col-lg-6 vc_col-md-12&#8243; css=&#8221;.vc_custom_1577123712865{padding-right: 0px !important;padding-left: 0px !important;}&#8221;]<div class=\"mkdf-single-image-holder    \" >\n    <div class=\"mkdf-si-inner\" >\n                                    <img loading=\"lazy\" decoding=\"async\" width=\"800\" height=\"600\" src=\"https:\/\/conceptteam.org\/wp-content\/uploads\/2024\/10\/marmaris-image.jpg\" class=\"attachment-full size-full\" alt=\"\" srcset=\"https:\/\/conceptteam.org\/wp-content\/uploads\/2024\/10\/marmaris-image.jpg 800w, https:\/\/conceptteam.org\/wp-content\/uploads\/2024\/10\/marmaris-image-300x225.jpg 300w, https:\/\/conceptteam.org\/wp-content\/uploads\/2024\/10\/marmaris-image-768x576.jpg 768w, https:\/\/conceptteam.org\/wp-content\/uploads\/2024\/10\/marmaris-image-600x450.jpg 600w\" sizes=\"(max-width: 800px) 100vw, 800px\" \/>                        <\/div>\n<\/div>[\/vc_column_inner][vc_column_inner offset=&#8221;vc_col-lg-6 vc_col-md-12&#8243;]<div class=\"mkdf-section-title-holder  mkdf-st-standard mkdf-st-title-left mkdf-st-normal-space \" >\n\t<div class=\"mkdf-st-inner\">\n\t\t\t\t\t<h2 class=\"mkdf-st-title\" >\n\t\t\t\tMARMAR\u0130S\t\t\t<\/h2>\n\t\t    <span class=\"mkdf-st-line\" style=\"margin: 40px 8% 0 8%; height: 100px\"><\/span>\n    <div class=\"mkdf-st-text\" style=\"margin-top: 40px;padding-right: 40px\">\n        <strong><em>Mavi ve Ye\u015filin Bulu\u015ftu\u011fu E\u015fsiz Bir Atmosfer<\/em><\/strong><\/p>\n<p>Marmaris, do\u011fal g\u00fczellikleri ve uzun sahil \u015feridi ile \u00f6ne \u00e7\u0131kan, Mu\u011fla&#8217;n\u0131n en g\u00f6zde turizm destinasyonlar\u0131ndan biridir. \u00c7am ormanlar\u0131yla kapl\u0131 da\u011flar\u0131n sundu\u011fu muhte\u015fem manzaralar, bak\u0131r koylar ve g\u00fczel plajlar, bu b\u00f6lgeyi ke\u015ffetmek isteyenler i\u00e7in adeta bir cennet gibidir. Hem huzurlu bir tatil arayanlar hem de macera pe\u015finde ko\u015fanlar i\u00e7in Marmaris, ke\u015ffedilmeyi bekleyen bir hazine gibidir.    <\/div>\n\t<\/div>\n<\/div>[\/vc_column_inner][\/vc_row_inner][\/vc_column][\/vc_row]<\/p>\n<\/div>","protected":false},"excerpt":{"rendered":"<p>[vc_row content_placement=&#8221;top&#8221; enable_parallax_background_elements=&#8221;yes&#8221; left_parallax_background_element=&#8221;3651&#8243; css=&#8221;.vc_custom_1730148718694{margin-bottom: 30px !important;}&#8221;][vc_column][vc_row_inner content_placement=&#8221;middle&#8221; gap=&#8221;30&#8243; row_content_width=&#8221;grid&#8221; css=&#8221;.vc_custom_1582029487502{padding-bottom: 40px !important;}&#8221;][vc_column_inner offset=&#8221;vc_col-lg-6 vc_col-md-12&#8243;][\/vc_column_inner][vc_column_inner offset=&#8221;vc_col-lg-6 vc_col-md-12&#8243; css=&#8221;.vc_custom_1535446084271{padding-right: 0px !important;padding-left: 0px !important;}&#8221;][\/vc_column_inner][\/vc_row_inner][\/vc_column][\/vc_row][vc_row content_placement=&#8221;top&#8221; enable_parallax_background_elements=&#8221;yes&#8221; right_parallax_background_element=&#8221;3817&#8243; css=&#8221;.vc_custom_1730148727647{margin-bottom: 30px !important;}&#8221;][vc_column][vc_row_inner content_placement=&#8221;middle&#8221; row_content_width=&#8221;grid&#8221; css=&#8221;.vc_custom_1535380918653{padding-bottom: 40px !important;}&#8221;][vc_column_inner offset=&#8221;vc_col-lg-6 vc_col-md-12&#8243;][vc_empty_space height=&#8221;50px&#8221;][\/vc_column_inner][vc_column_inner offset=&#8221;vc_col-lg-6 vc_col-md-12&#8243; css=&#8221;.vc_custom_1535446084271{padding-right: 0px [&hellip;]<\/p>\n","protected":false},"author":1,"featured_media":0,"parent":0,"menu_order":0,"comment_status":"closed","ping_status":"closed","template":"full-width.php","meta":{"footnotes":""},"_links":{"self":[{"href":"https:\/\/conceptteam.org\/tr\/wp-json\/wp\/v2\/pages\/4524"}],"collection":[{"href":"https:\/\/conceptteam.org\/tr\/wp-json\/wp\/v2\/pages"}],"about":[{"href":"https:\/\/conceptteam.org\/tr\/wp-json\/wp\/v2\/types\/page"}],"author":[{"embeddable":true,"href":"https:\/\/conceptteam.org\/tr\/wp-json\/wp\/v2\/users\/1"}],"replies":[{"embeddable":true,"href":"https:\/\/conceptteam.org\/tr\/wp-json\/wp\/v2\/comments?post=4524"}],"version-history":[{"count":4,"href":"https:\/\/conceptteam.org\/tr\/wp-json\/wp\/v2\/pages\/4524\/revisions"}],"predecessor-version":[{"id":5486,"href":"https:\/\/conceptteam.org\/tr\/wp-json\/wp\/v2\/pages\/4524\/revisions\/5486"}],"wp:attachment":[{"href":"https:\/\/conceptteam.org\/tr\/wp-json\/wp\/v2\/media?parent=4524"}],"curies":[{"name":"wp","href":"https:\/\/api.w.org\/{rel}","templated":true}]}}