{"id":4528,"date":"2019-12-20T14:00:57","date_gmt":"2019-12-20T14:00:57","guid":{"rendered":"http:\/\/conceptteam.org\/home\/venues\/"},"modified":"2024-10-23T21:09:55","modified_gmt":"2024-10-23T21:09:55","slug":"etkinlik-alanlari","status":"publish","type":"page","link":"https:\/\/conceptteam.org\/tr\/etkinlik-alanlari\/","title":{"rendered":"ETK\u0130NL\u0130K ALANLARI"},"content":{"rendered":"<div class=\"wpb-content-wrapper\"><p>[vc_row content_placement=&#8221;top&#8221; enable_parallax_background_elements=&#8221;yes&#8221; right_parallax_background_element=&#8221;3651&#8243;][vc_column][vc_row_inner content_placement=&#8221;middle&#8221; row_content_width=&#8221;grid&#8221; css=&#8221;.vc_custom_1535380918653{padding-bottom: 40px !important;}&#8221;][vc_column_inner offset=&#8221;vc_col-lg-6 vc_col-md-12&#8243;]<div class=\"mkdf-section-title-holder  mkdf-st-standard mkdf-st-title-left mkdf-st-normal-space \" style=\"padding:0 0 15% 0;text-align: left\">\n\t<div class=\"mkdf-st-inner\">\n\t\t\t\t\t<h2 class=\"mkdf-st-title\" >\n\t\t\t\tE\u015eS\u0130Z DENEY\u0130MLER\t\t\t<\/h2>\n\t\t    <span class=\"mkdf-st-line\" style=\"margin: 40px 8% 0 8%; height: 120px\"><\/span>\n    <div class=\"mkdf-st-text\" style=\"margin-top: 40px;padding-right: 40px\">\n        D\u00fcnyan\u0131n en g\u00fczel \u015fehirlerinden biri olan \u0130stanbul sahip oldu\u011fu e\u015fsiz tarihinin ta\u00e7land\u0131rd\u0131\u011f\u0131 mek\u00e2nlarla beraber yeni ak\u0131mlara ev sahipli\u011fi yapan modern alanlarda misafirlerimize e\u015fsiz deneyimler sunuyor. Hikayemiz kimi zaman d\u00f6rd\u00fcnc\u00fc y\u00fczy\u0131ldan kalm\u0131\u015f bir sarn\u0131\u00e7ta, kimi zaman bo\u011fazda s\u00fcz\u00fclen bir teknede kimi zamanda Osmanl\u0131\u2019dan kalma bir av k\u00f6\u015fk\u00fcnde yaz\u0131l\u0131yor.    <\/div>\n\t<\/div>\n<\/div>[\/vc_column_inner][vc_column_inner offset=&#8221;vc_col-lg-6 vc_col-md-12&#8243; css=&#8221;.vc_custom_1535446084271{padding-right: 0px !important;padding-left: 0px !important;}&#8221;]<div class=\"mkdf-single-image-holder    \" >\n    <div class=\"mkdf-si-inner\" >\n                                    <img loading=\"lazy\" decoding=\"async\" width=\"800\" height=\"600\" src=\"https:\/\/conceptteam.org\/wp-content\/uploads\/2020\/01\/venues-page-img-06.jpg\" class=\"attachment-full size-full\" alt=\"\" srcset=\"https:\/\/conceptteam.org\/wp-content\/uploads\/2020\/01\/venues-page-img-06.jpg 800w, https:\/\/conceptteam.org\/wp-content\/uploads\/2020\/01\/venues-page-img-06-600x450.jpg 600w, https:\/\/conceptteam.org\/wp-content\/uploads\/2020\/01\/venues-page-img-06-300x225.jpg 300w, https:\/\/conceptteam.org\/wp-content\/uploads\/2020\/01\/venues-page-img-06-768x576.jpg 768w\" sizes=\"(max-width: 800px) 100vw, 800px\" \/>                        <\/div>\n<\/div>[\/vc_column_inner][\/vc_row_inner][\/vc_column][\/vc_row][vc_row row_content_width=&#8221;grid&#8221;][vc_column]<div class=\"mkdf-portfolio-list-holder mkdf-grid-list mkdf-disable-bottom-space mkdf-pl-gallery mkdf-two-columns mkdf-normal-space mkdf-pl-gallery-info-bottom    mkdf-pl-pag-no-pagination       mkdf-navigation-numbers mkdf-nav-outer  \"  data-type=gallery data-number-of-columns=two data-space-between-items=normal data-number-of-items=20 data-image-proportions=square data-enable-fixed-proportions=no data-enable-image-shadow=no data-category=venue data-orderby=date data-order=DESC data-item-style=gallery-info-bottom data-enable-title=yes data-title-tag=h5 data-enable-category=no data-enable-count-images=no data-enable-excerpt=no data-excerpt-length=20 data-pagination-type=no-pagination data-filter=no data-filter-order-by=name data-enable-article-animation=no data-portfolio-slider-on=no data-enable-loop=yes data-enable-autoplay=yes data-slider-speed=5000 data-slider-speed-animation=600 data-enable-navigation=yes data-enable-navigation-numbers=yes data-navigation-number-position=outer data-enable-pagination=yes data-enable-fullheight=yes data-portfolio-slider-full-height-decrease=yes data-max-num-pages=1 data-next-page=2>\n\t\t<div class=\"mkdf-pl-inner mkdf-outer-space  clearfix\">\n\t\t<article class=\"mkdf-pl-item mkdf-item-space  post-5563 portfolio-item type-portfolio-item status-publish has-post-thumbnail hentry portfolio-category-mekan\">\n\t<div class=\"mkdf-pl-item-inner\">\n\t\t<div class=\"mkdf-pli-image\">\n\t<img loading=\"lazy\" decoding=\"async\" width=\"650\" height=\"600\" src=\"https:\/\/conceptteam.org\/wp-content\/uploads\/2024\/12\/reji-event-venue-001-650x600.jpg\" class=\"attachment-attika_mikado_image_square size-attika_mikado_image_square wp-post-image\" alt=\"\" \/><\/div>\n<div class=\"mkdf-pli-text-holder\">\n\t<div class=\"mkdf-pli-text-wrapper\">\n\t\t<div class=\"mkdf-pli-text\">\n\t\t\t<a itemprop=\"url\" href=\"https:\/\/conceptteam.org\/tr\/venues\/reji-event-venue\/\">\n\t\t\t\t\t<h5 itemprop=\"name\" class=\"mkdf-pli-title entry-title\" >\n\t\tREJ\u0130 ETK\u0130NL\u0130K MEKANI\t<\/h5>\n\t\t\t<\/a>\n\t\t\t\n\t\t\t\n\t\t\t\t\t\t\n\t\t\t\t\t<\/div>\n\t<\/div>\n<\/div>\n\t\t<a itemprop=\"url\" class=\"mkdf-pli-link mkdf-block-drag-link\" href=\"https:\/\/conceptteam.org\/tr\/venues\/reji-event-venue\/\" target=\"_self\"><\/a>\n\t<\/div>\n<\/article><article class=\"mkdf-pl-item mkdf-item-space  post-5467 portfolio-item type-portfolio-item status-publish has-post-thumbnail hentry portfolio-category-mekan\">\n\t<div class=\"mkdf-pl-item-inner\">\n\t\t<div class=\"mkdf-pli-image\">\n\t<img loading=\"lazy\" decoding=\"async\" width=\"650\" height=\"600\" src=\"https:\/\/conceptteam.org\/wp-content\/uploads\/2024\/10\/riva-gradens-001-650x600.jpg\" class=\"attachment-attika_mikado_image_square size-attika_mikado_image_square wp-post-image\" alt=\"\" \/><\/div>\n<div class=\"mkdf-pli-text-holder\">\n\t<div class=\"mkdf-pli-text-wrapper\">\n\t\t<div class=\"mkdf-pli-text\">\n\t\t\t<a itemprop=\"url\" href=\"https:\/\/conceptteam.org\/tr\/venues\/riva-gardens\/\">\n\t\t\t\t\t<h5 itemprop=\"name\" class=\"mkdf-pli-title entry-title\" >\n\t\tR\u0130VA GARDENS\t<\/h5>\n\t\t\t<\/a>\n\t\t\t\n\t\t\t\n\t\t\t\t\t\t\n\t\t\t\t\t<\/div>\n\t<\/div>\n<\/div>\n\t\t<a itemprop=\"url\" class=\"mkdf-pli-link mkdf-block-drag-link\" href=\"https:\/\/conceptteam.org\/tr\/venues\/riva-gardens\/\" target=\"_self\"><\/a>\n\t<\/div>\n<\/article><article class=\"mkdf-pl-item mkdf-item-space  post-5466 portfolio-item type-portfolio-item status-publish has-post-thumbnail hentry portfolio-category-mekan\">\n\t<div class=\"mkdf-pl-item-inner\">\n\t\t<div class=\"mkdf-pli-image\">\n\t<img loading=\"lazy\" decoding=\"async\" width=\"650\" height=\"600\" src=\"https:\/\/conceptteam.org\/wp-content\/uploads\/2024\/10\/anna-laudel-art-gallery-001-650x600.jpg\" class=\"attachment-attika_mikado_image_square size-attika_mikado_image_square wp-post-image\" alt=\"\" \/><\/div>\n<div class=\"mkdf-pli-text-holder\">\n\t<div class=\"mkdf-pli-text-wrapper\">\n\t\t<div class=\"mkdf-pli-text\">\n\t\t\t<a itemprop=\"url\" href=\"https:\/\/conceptteam.org\/tr\/venues\/anna-laudel-art-gallery\/\">\n\t\t\t\t\t<h5 itemprop=\"name\" class=\"mkdf-pli-title entry-title\" >\n\t\tANNA LAUDEL ART GALLERY\t<\/h5>\n\t\t\t<\/a>\n\t\t\t\n\t\t\t\n\t\t\t\t\t\t\n\t\t\t\t\t<\/div>\n\t<\/div>\n<\/div>\n\t\t<a itemprop=\"url\" class=\"mkdf-pli-link mkdf-block-drag-link\" href=\"https:\/\/conceptteam.org\/tr\/venues\/anna-laudel-art-gallery\/\" target=\"_self\"><\/a>\n\t<\/div>\n<\/article><article class=\"mkdf-pl-item mkdf-item-space  post-5465 portfolio-item type-portfolio-item status-publish has-post-thumbnail hentry portfolio-category-mekan\">\n\t<div class=\"mkdf-pl-item-inner\">\n\t\t<div class=\"mkdf-pli-image\">\n\t<img loading=\"lazy\" decoding=\"async\" width=\"650\" height=\"600\" src=\"https:\/\/conceptteam.org\/wp-content\/uploads\/2024\/10\/kucukciftlik-park-001-650x600.jpg\" class=\"attachment-attika_mikado_image_square size-attika_mikado_image_square wp-post-image\" alt=\"\" \/><\/div>\n<div class=\"mkdf-pli-text-holder\">\n\t<div class=\"mkdf-pli-text-wrapper\">\n\t\t<div class=\"mkdf-pli-text\">\n\t\t\t<a itemprop=\"url\" href=\"https:\/\/conceptteam.org\/tr\/venues\/kucukciftlik-park\/\">\n\t\t\t\t\t<h5 itemprop=\"name\" class=\"mkdf-pli-title entry-title\" >\n\t\tK\u00dc\u00c7\u00dcK\u00c7\u0130FTL\u0130K PARK\t<\/h5>\n\t\t\t<\/a>\n\t\t\t\n\t\t\t\n\t\t\t\t\t\t\n\t\t\t\t\t<\/div>\n\t<\/div>\n<\/div>\n\t\t<a itemprop=\"url\" class=\"mkdf-pli-link mkdf-block-drag-link\" href=\"https:\/\/conceptteam.org\/tr\/venues\/kucukciftlik-park\/\" target=\"_self\"><\/a>\n\t<\/div>\n<\/article><article class=\"mkdf-pl-item mkdf-item-space  post-5464 portfolio-item type-portfolio-item status-publish has-post-thumbnail hentry portfolio-category-mekan\">\n\t<div class=\"mkdf-pl-item-inner\">\n\t\t<div class=\"mkdf-pli-image\">\n\t<img loading=\"lazy\" decoding=\"async\" width=\"650\" height=\"600\" src=\"https:\/\/conceptteam.org\/wp-content\/uploads\/2024\/10\/beykoz-kundura-001-650x600.jpg\" class=\"attachment-attika_mikado_image_square size-attika_mikado_image_square wp-post-image\" alt=\"\" \/><\/div>\n<div class=\"mkdf-pli-text-holder\">\n\t<div class=\"mkdf-pli-text-wrapper\">\n\t\t<div class=\"mkdf-pli-text\">\n\t\t\t<a itemprop=\"url\" href=\"https:\/\/conceptteam.org\/tr\/venues\/beykoz-kundura\/\">\n\t\t\t\t\t<h5 itemprop=\"name\" class=\"mkdf-pli-title entry-title\" >\n\t\tBEYKOZ KUNDURA\t<\/h5>\n\t\t\t<\/a>\n\t\t\t\n\t\t\t\n\t\t\t\t\t\t\n\t\t\t\t\t<\/div>\n\t<\/div>\n<\/div>\n\t\t<a itemprop=\"url\" class=\"mkdf-pli-link mkdf-block-drag-link\" href=\"https:\/\/conceptteam.org\/tr\/venues\/beykoz-kundura\/\" target=\"_self\"><\/a>\n\t<\/div>\n<\/article><article class=\"mkdf-pl-item mkdf-item-space  post-5462 portfolio-item type-portfolio-item status-publish has-post-thumbnail hentry portfolio-category-mekan\">\n\t<div class=\"mkdf-pl-item-inner\">\n\t\t<div class=\"mkdf-pli-image\">\n\t<img loading=\"lazy\" decoding=\"async\" width=\"650\" height=\"600\" src=\"https:\/\/conceptteam.org\/wp-content\/uploads\/2024\/10\/hazz-by-asli-tunca-01-650x600.jpg\" class=\"attachment-attika_mikado_image_square size-attika_mikado_image_square wp-post-image\" alt=\"\" \/><\/div>\n<div class=\"mkdf-pli-text-holder\">\n\t<div class=\"mkdf-pli-text-wrapper\">\n\t\t<div class=\"mkdf-pli-text\">\n\t\t\t<a itemprop=\"url\" href=\"https:\/\/conceptteam.org\/tr\/venues\/hazz-by-asli-tunca\/\">\n\t\t\t\t\t<h5 itemprop=\"name\" class=\"mkdf-pli-title entry-title\" >\n\t\tHAZZ BY ASLI TUNCA\t<\/h5>\n\t\t\t<\/a>\n\t\t\t\n\t\t\t\n\t\t\t\t\t\t\n\t\t\t\t\t<\/div>\n\t<\/div>\n<\/div>\n\t\t<a itemprop=\"url\" class=\"mkdf-pli-link mkdf-block-drag-link\" href=\"https:\/\/conceptteam.org\/tr\/venues\/hazz-by-asli-tunca\/\" target=\"_self\"><\/a>\n\t<\/div>\n<\/article><article class=\"mkdf-pl-item mkdf-item-space  post-4544 portfolio-item type-portfolio-item status-publish has-post-thumbnail hentry portfolio-category-mekan\">\n\t<div class=\"mkdf-pl-item-inner\">\n\t\t<div class=\"mkdf-pli-image\">\n\t<img loading=\"lazy\" decoding=\"async\" width=\"650\" height=\"600\" src=\"https:\/\/conceptteam.org\/wp-content\/uploads\/2020\/02\/binbirdirek-cistern-002-650x600.jpg\" class=\"attachment-attika_mikado_image_square size-attika_mikado_image_square wp-post-image\" alt=\"\" \/><\/div>\n<div class=\"mkdf-pli-text-holder\">\n\t<div class=\"mkdf-pli-text-wrapper\">\n\t\t<div class=\"mkdf-pli-text\">\n\t\t\t<a itemprop=\"url\" href=\"https:\/\/conceptteam.org\/tr\/venues\/binbirdirek-sarnici\/\">\n\t\t\t\t\t<h5 itemprop=\"name\" class=\"mkdf-pli-title entry-title\" >\n\t\tB\u0130NB\u0130RD\u0130REK SARNICI\t<\/h5>\n\t\t\t<\/a>\n\t\t\t\n\t\t\t\n\t\t\t\t\t\t\n\t\t\t\t\t<\/div>\n\t<\/div>\n<\/div>\n\t\t<a itemprop=\"url\" class=\"mkdf-pli-link mkdf-block-drag-link\" href=\"https:\/\/conceptteam.org\/tr\/venues\/binbirdirek-sarnici\/\" target=\"_self\"><\/a>\n\t<\/div>\n<\/article><article class=\"mkdf-pl-item mkdf-item-space  post-4548 portfolio-item type-portfolio-item status-publish has-post-thumbnail hentry portfolio-category-mekan\">\n\t<div class=\"mkdf-pl-item-inner\">\n\t\t<div class=\"mkdf-pli-image\">\n\t<img loading=\"lazy\" decoding=\"async\" width=\"650\" height=\"600\" src=\"https:\/\/conceptteam.org\/wp-content\/uploads\/2019\/10\/ural-ataman-car-museum-3-650x600.jpg\" class=\"attachment-attika_mikado_image_square size-attika_mikado_image_square wp-post-image\" alt=\"\" \/><\/div>\n<div class=\"mkdf-pli-text-holder\">\n\t<div class=\"mkdf-pli-text-wrapper\">\n\t\t<div class=\"mkdf-pli-text\">\n\t\t\t<a itemprop=\"url\" href=\"https:\/\/conceptteam.org\/tr\/venues\/ural-ataman-klasik-araba-muzesi\/\">\n\t\t\t\t\t<h5 itemprop=\"name\" class=\"mkdf-pli-title entry-title\" >\n\t\tURAL ATAMAN KLAS\u0130K ARABA M\u00dcZES\u0130\t<\/h5>\n\t\t\t<\/a>\n\t\t\t\n\t\t\t\n\t\t\t\t\t\t\n\t\t\t\t\t<\/div>\n\t<\/div>\n<\/div>\n\t\t<a itemprop=\"url\" class=\"mkdf-pli-link mkdf-block-drag-link\" href=\"https:\/\/conceptteam.org\/tr\/venues\/ural-ataman-klasik-araba-muzesi\/\" target=\"_self\"><\/a>\n\t<\/div>\n<\/article><article class=\"mkdf-pl-item mkdf-item-space  post-4551 portfolio-item type-portfolio-item status-publish has-post-thumbnail hentry portfolio-category-mekan\">\n\t<div class=\"mkdf-pl-item-inner\">\n\t\t<div class=\"mkdf-pli-image\">\n\t<img loading=\"lazy\" decoding=\"async\" width=\"650\" height=\"600\" src=\"https:\/\/conceptteam.org\/wp-content\/uploads\/2020\/01\/kethuda-hamam-7-650x600.jpg\" class=\"attachment-attika_mikado_image_square size-attika_mikado_image_square wp-post-image\" alt=\"\" \/><\/div>\n<div class=\"mkdf-pli-text-holder\">\n\t<div class=\"mkdf-pli-text-wrapper\">\n\t\t<div class=\"mkdf-pli-text\">\n\t\t\t<a itemprop=\"url\" href=\"https:\/\/conceptteam.org\/tr\/venues\/husrev-kethuda-hamami\/\">\n\t\t\t\t\t<h5 itemprop=\"name\" class=\"mkdf-pli-title entry-title\" >\n\t\tH\u00dcSREV KETH\u00dcDA HAMAMI\t<\/h5>\n\t\t\t<\/a>\n\t\t\t\n\t\t\t\n\t\t\t\t\t\t\n\t\t\t\t\t<\/div>\n\t<\/div>\n<\/div>\n\t\t<a itemprop=\"url\" class=\"mkdf-pli-link mkdf-block-drag-link\" href=\"https:\/\/conceptteam.org\/tr\/venues\/husrev-kethuda-hamami\/\" target=\"_self\"><\/a>\n\t<\/div>\n<\/article><article class=\"mkdf-pl-item mkdf-item-space  post-4552 portfolio-item type-portfolio-item status-publish has-post-thumbnail hentry portfolio-category-mekan\">\n\t<div class=\"mkdf-pl-item-inner\">\n\t\t<div class=\"mkdf-pli-image\">\n\t<img loading=\"lazy\" decoding=\"async\" width=\"650\" height=\"600\" src=\"https:\/\/conceptteam.org\/wp-content\/uploads\/2019\/12\/zulfikar-karakoy-005-650x600.jpg\" class=\"attachment-attika_mikado_image_square size-attika_mikado_image_square wp-post-image\" alt=\"\" \/><\/div>\n<div class=\"mkdf-pli-text-holder\">\n\t<div class=\"mkdf-pli-text-wrapper\">\n\t\t<div class=\"mkdf-pli-text\">\n\t\t\t<a itemprop=\"url\" href=\"https:\/\/conceptteam.org\/tr\/venues\/zulfaris-karakoy\/\">\n\t\t\t\t\t<h5 itemprop=\"name\" class=\"mkdf-pli-title entry-title\" >\n\t\tZ\u00dcLFAR\u0130S KARAK\u00d6Y\t<\/h5>\n\t\t\t<\/a>\n\t\t\t\n\t\t\t\n\t\t\t\t\t\t\n\t\t\t\t\t<\/div>\n\t<\/div>\n<\/div>\n\t\t<a itemprop=\"url\" class=\"mkdf-pli-link mkdf-block-drag-link\" href=\"https:\/\/conceptteam.org\/tr\/venues\/zulfaris-karakoy\/\" target=\"_self\"><\/a>\n\t<\/div>\n<\/article><article class=\"mkdf-pl-item mkdf-item-space  post-4556 portfolio-item type-portfolio-item status-publish has-post-thumbnail hentry portfolio-category-mekan\">\n\t<div class=\"mkdf-pl-item-inner\">\n\t\t<div class=\"mkdf-pli-image\">\n\t<img loading=\"lazy\" decoding=\"async\" width=\"650\" height=\"600\" src=\"https:\/\/conceptteam.org\/wp-content\/uploads\/2019\/11\/grand-bazaar-1-650x600.jpg\" class=\"attachment-attika_mikado_image_square size-attika_mikado_image_square wp-post-image\" alt=\"\" \/><\/div>\n<div class=\"mkdf-pli-text-holder\">\n\t<div class=\"mkdf-pli-text-wrapper\">\n\t\t<div class=\"mkdf-pli-text\">\n\t\t\t<a itemprop=\"url\" href=\"https:\/\/conceptteam.org\/tr\/venues\/kapalicarsi\/\">\n\t\t\t\t\t<h5 itemprop=\"name\" class=\"mkdf-pli-title entry-title\" >\n\t\tKAPALI\u00c7AR\u015eI\t<\/h5>\n\t\t\t<\/a>\n\t\t\t\n\t\t\t\n\t\t\t\t\t\t\n\t\t\t\t\t<\/div>\n\t<\/div>\n<\/div>\n\t\t<a itemprop=\"url\" class=\"mkdf-pli-link mkdf-block-drag-link\" href=\"https:\/\/conceptteam.org\/tr\/venues\/kapalicarsi\/\" target=\"_self\"><\/a>\n\t<\/div>\n<\/article><article class=\"mkdf-pl-item mkdf-item-space  post-4558 portfolio-item type-portfolio-item status-publish has-post-thumbnail hentry portfolio-category-mekan\">\n\t<div class=\"mkdf-pl-item-inner\">\n\t\t<div class=\"mkdf-pli-image\">\n\t<img loading=\"lazy\" decoding=\"async\" width=\"650\" height=\"600\" src=\"https:\/\/conceptteam.org\/wp-content\/uploads\/2019\/11\/naval-museum-11-650x600.jpg\" class=\"attachment-attika_mikado_image_square size-attika_mikado_image_square wp-post-image\" alt=\"\" \/><\/div>\n<div class=\"mkdf-pli-text-holder\">\n\t<div class=\"mkdf-pli-text-wrapper\">\n\t\t<div class=\"mkdf-pli-text\">\n\t\t\t<a itemprop=\"url\" href=\"https:\/\/conceptteam.org\/tr\/venues\/deniz-muzesi\/\">\n\t\t\t\t\t<h5 itemprop=\"name\" class=\"mkdf-pli-title entry-title\" >\n\t\tDEN\u0130Z M\u00dcZES\u0130\t<\/h5>\n\t\t\t<\/a>\n\t\t\t\n\t\t\t\n\t\t\t\t\t\t\n\t\t\t\t\t<\/div>\n\t<\/div>\n<\/div>\n\t\t<a itemprop=\"url\" class=\"mkdf-pli-link mkdf-block-drag-link\" href=\"https:\/\/conceptteam.org\/tr\/venues\/deniz-muzesi\/\" target=\"_self\"><\/a>\n\t<\/div>\n<\/article><article class=\"mkdf-pl-item mkdf-item-space  post-5469 portfolio-item type-portfolio-item status-publish has-post-thumbnail hentry portfolio-category-mekan\">\n\t<div class=\"mkdf-pl-item-inner\">\n\t\t<div class=\"mkdf-pli-image\">\n\t<img loading=\"lazy\" decoding=\"async\" width=\"650\" height=\"600\" src=\"https:\/\/conceptteam.org\/wp-content\/uploads\/2024\/10\/incisu-001-650x600.jpg\" class=\"attachment-attika_mikado_image_square size-attika_mikado_image_square wp-post-image\" alt=\"\" \/><\/div>\n<div class=\"mkdf-pli-text-holder\">\n\t<div class=\"mkdf-pli-text-wrapper\">\n\t\t<div class=\"mkdf-pli-text\">\n\t\t\t<a itemprop=\"url\" href=\"https:\/\/conceptteam.org\/tr\/venues\/incisu\/\">\n\t\t\t\t\t<h5 itemprop=\"name\" class=\"mkdf-pli-title entry-title\" >\n\t\t\u0130NC\u0130SU\t<\/h5>\n\t\t\t<\/a>\n\t\t\t\n\t\t\t\n\t\t\t\t\t\t\n\t\t\t\t\t<\/div>\n\t<\/div>\n<\/div>\n\t\t<a itemprop=\"url\" class=\"mkdf-pli-link mkdf-block-drag-link\" href=\"https:\/\/conceptteam.org\/tr\/venues\/incisu\/\" target=\"_self\"><\/a>\n\t<\/div>\n<\/article><article class=\"mkdf-pl-item mkdf-item-space  post-5468 portfolio-item type-portfolio-item status-publish has-post-thumbnail hentry portfolio-category-mekan\">\n\t<div class=\"mkdf-pl-item-inner\">\n\t\t<div class=\"mkdf-pli-image\">\n\t<img loading=\"lazy\" decoding=\"async\" width=\"650\" height=\"600\" src=\"https:\/\/conceptteam.org\/wp-content\/uploads\/2024\/10\/beyaz-marti-001-650x600.jpg\" class=\"attachment-attika_mikado_image_square size-attika_mikado_image_square wp-post-image\" alt=\"\" \/><\/div>\n<div class=\"mkdf-pli-text-holder\">\n\t<div class=\"mkdf-pli-text-wrapper\">\n\t\t<div class=\"mkdf-pli-text\">\n\t\t\t<a itemprop=\"url\" href=\"https:\/\/conceptteam.org\/tr\/venues\/beyaz-marti\/\">\n\t\t\t\t\t<h5 itemprop=\"name\" class=\"mkdf-pli-title entry-title\" >\n\t\tBEYAZ MARTI\t<\/h5>\n\t\t\t<\/a>\n\t\t\t\n\t\t\t\n\t\t\t\t\t\t\n\t\t\t\t\t<\/div>\n\t<\/div>\n<\/div>\n\t\t<a itemprop=\"url\" class=\"mkdf-pli-link mkdf-block-drag-link\" href=\"https:\/\/conceptteam.org\/tr\/venues\/beyaz-marti\/\" target=\"_self\"><\/a>\n\t<\/div>\n<\/article><article class=\"mkdf-pl-item mkdf-item-space  post-4561 portfolio-item type-portfolio-item status-publish has-post-thumbnail hentry portfolio-category-mekan\">\n\t<div class=\"mkdf-pl-item-inner\">\n\t\t<div class=\"mkdf-pli-image\">\n\t<img loading=\"lazy\" decoding=\"async\" width=\"600\" height=\"600\" src=\"https:\/\/conceptteam.org\/wp-content\/uploads\/2019\/10\/sabah-ruzgari-boat-3.jpg\" class=\"attachment-attika_mikado_image_square size-attika_mikado_image_square wp-post-image\" alt=\"\" srcset=\"https:\/\/conceptteam.org\/wp-content\/uploads\/2019\/10\/sabah-ruzgari-boat-3.jpg 600w, https:\/\/conceptteam.org\/wp-content\/uploads\/2019\/10\/sabah-ruzgari-boat-3-300x300.jpg 300w, https:\/\/conceptteam.org\/wp-content\/uploads\/2019\/10\/sabah-ruzgari-boat-3-100x100.jpg 100w, https:\/\/conceptteam.org\/wp-content\/uploads\/2019\/10\/sabah-ruzgari-boat-3-150x150.jpg 150w\" sizes=\"(max-width: 600px) 100vw, 600px\" \/><\/div>\n<div class=\"mkdf-pli-text-holder\">\n\t<div class=\"mkdf-pli-text-wrapper\">\n\t\t<div class=\"mkdf-pli-text\">\n\t\t\t<a itemprop=\"url\" href=\"https:\/\/conceptteam.org\/tr\/venues\/sabah-ruzgari\/\">\n\t\t\t\t\t<h5 itemprop=\"name\" class=\"mkdf-pli-title entry-title\" >\n\t\tSABAH R\u00dcZGARI\t<\/h5>\n\t\t\t<\/a>\n\t\t\t\n\t\t\t\n\t\t\t\t\t\t\n\t\t\t\t\t<\/div>\n\t<\/div>\n<\/div>\n\t\t<a itemprop=\"url\" class=\"mkdf-pli-link mkdf-block-drag-link\" href=\"https:\/\/conceptteam.org\/tr\/venues\/sabah-ruzgari\/\" target=\"_self\"><\/a>\n\t<\/div>\n<\/article><article class=\"mkdf-pl-item mkdf-item-space  post-4564 portfolio-item type-portfolio-item status-publish has-post-thumbnail hentry portfolio-category-mekan\">\n\t<div class=\"mkdf-pl-item-inner\">\n\t\t<div class=\"mkdf-pli-image\">\n\t<img loading=\"lazy\" decoding=\"async\" width=\"650\" height=\"600\" src=\"https:\/\/conceptteam.org\/wp-content\/uploads\/2020\/02\/mustafa-brise-5-650x600.jpg\" class=\"attachment-attika_mikado_image_square size-attika_mikado_image_square wp-post-image\" alt=\"\" \/><\/div>\n<div class=\"mkdf-pli-text-holder\">\n\t<div class=\"mkdf-pli-text-wrapper\">\n\t\t<div class=\"mkdf-pli-text\">\n\t\t\t<a itemprop=\"url\" href=\"https:\/\/conceptteam.org\/tr\/venues\/brise-mustafa-reis\/\">\n\t\t\t\t\t<h5 itemprop=\"name\" class=\"mkdf-pli-title entry-title\" >\n\t\tBRISE MUSTAFA RE\u0130S\t<\/h5>\n\t\t\t<\/a>\n\t\t\t\n\t\t\t\n\t\t\t\t\t\t\n\t\t\t\t\t<\/div>\n\t<\/div>\n<\/div>\n\t\t<a itemprop=\"url\" class=\"mkdf-pli-link mkdf-block-drag-link\" href=\"https:\/\/conceptteam.org\/tr\/venues\/brise-mustafa-reis\/\" target=\"_self\"><\/a>\n\t<\/div>\n<\/article>\t<\/div>\n\t\n\t<\/div>[\/vc_column][\/vc_row]<\/p>\n<\/div>","protected":false},"excerpt":{"rendered":"<p>[vc_row content_placement=&#8221;top&#8221; enable_parallax_background_elements=&#8221;yes&#8221; right_parallax_background_element=&#8221;3651&#8243;][vc_column][vc_row_inner content_placement=&#8221;middle&#8221; row_content_width=&#8221;grid&#8221; css=&#8221;.vc_custom_1535380918653{padding-bottom: 40px !important;}&#8221;][vc_column_inner offset=&#8221;vc_col-lg-6 vc_col-md-12&#8243;][\/vc_column_inner][vc_column_inner offset=&#8221;vc_col-lg-6 vc_col-md-12&#8243; css=&#8221;.vc_custom_1535446084271{padding-right: 0px !important;padding-left: 0px !important;}&#8221;][\/vc_column_inner][\/vc_row_inner][\/vc_column][\/vc_row][vc_row row_content_width=&#8221;grid&#8221;][vc_column][\/vc_column][\/vc_row]<\/p>\n","protected":false},"author":1,"featured_media":0,"parent":0,"menu_order":0,"comment_status":"closed","ping_status":"closed","template":"full-width.php","meta":{"footnotes":""},"_links":{"self":[{"href":"https:\/\/conceptteam.org\/tr\/wp-json\/wp\/v2\/pages\/4528"}],"collection":[{"href":"https:\/\/conceptteam.org\/tr\/wp-json\/wp\/v2\/pages"}],"about":[{"href":"https:\/\/conceptteam.org\/tr\/wp-json\/wp\/v2\/types\/page"}],"author":[{"embeddable":true,"href":"https:\/\/conceptteam.org\/tr\/wp-json\/wp\/v2\/users\/1"}],"replies":[{"embeddable":true,"href":"https:\/\/conceptteam.org\/tr\/wp-json\/wp\/v2\/comments?post=4528"}],"version-history":[{"count":6,"href":"https:\/\/conceptteam.org\/tr\/wp-json\/wp\/v2\/pages\/4528\/revisions"}],"predecessor-version":[{"id":5474,"href":"https:\/\/conceptteam.org\/tr\/wp-json\/wp\/v2\/pages\/4528\/revisions\/5474"}],"wp:attachment":[{"href":"https:\/\/conceptteam.org\/tr\/wp-json\/wp\/v2\/media?parent=4528"}],"curies":[{"name":"wp","href":"https:\/\/api.w.org\/{rel}","templated":true}]}}