{"id":4532,"date":"2019-12-22T08:00:18","date_gmt":"2019-12-22T08:00:18","guid":{"rendered":"http:\/\/conceptteam.org\/home\/contact\/"},"modified":"2020-09-30T12:35:49","modified_gmt":"2020-09-30T12:35:49","slug":"iletisim","status":"publish","type":"page","link":"https:\/\/conceptteam.org\/tr\/iletisim\/","title":{"rendered":"\u0130LET\u0130\u015e\u0130M"},"content":{"rendered":"<div class=\"wpb-content-wrapper\"><p>[vc_row row_content_width=&#8221;grid&#8221;][vc_column width=&#8221;1\/2&#8243;]<div class=\"mkdf-elements-holder   mkdf-one-column  mkdf-responsive-mode-768 \" ><div class=\"mkdf-eh-item    \"  data-item-class=\"mkdf-eh-custom-2159\" data-1367-1600=\"0 0 0% 0\" data-1025-1366=\"0 0 0% 0\" data-769-1024=\"0 0 11% 0\" data-681-768=\"0 0 13% 0\" data-680=\"0 0 20% 0\">\n\t<div class=\"mkdf-eh-item-inner\">\n\t\t<div class=\"mkdf-eh-item-content mkdf-eh-custom-2159\" style=\"padding: 0 0 0 0\">\n\t\t\t<div class=\"mkdf-section-title-holder  mkdf-st-standard mkdf-st-title-left mkdf-st-normal-space \" style=\"padding:0 0 15% 0;text-align: left\">\n\t<div class=\"mkdf-st-inner\">\n\t\t\t\t\t<h2 class=\"mkdf-st-title\" >\n\t\t\t\tMERKEZ OF\u0130S\t\t\t<\/h2>\n\t\t    <span class=\"mkdf-st-line\" style=\"margin: 40px 8% 0 8%; height: 120px\"><\/span>\n    <div class=\"mkdf-st-text\" style=\"margin-top: 40px\">\n        <a href=\"https:\/\/www.google.com\/maps\/place\/Concept+Team+Fine+Caterings+%26+Event+Consulting\/@41.0791944,28.9515542,13z\/data=!4m19!1m13!4m12!1m4!2m2!1d28.9877938!2d41.0566544!4e1!1m6!1m2!1s0x14cab68048bc7fc7:0x7ec04ed70cb459b0!2sconcept+team+catering!2m2!1d28.9974803!2d41.0991665!3m4!1s0x14cab68048bc7fc7:0x7ec04ed70cb459b0!8m2!3d41.0991665!4d28.9974803\" target=\"_blank\" rel=\"noopener noreferrer\">Seyrantepe Mahallesi<br \/>\nYay\u0131nc\u0131lar Sokak No:7<br \/>\n34418 Ka\u011f\u0131thane, \u0130stanbul<\/a><\/p>\n<p>Tel: <a href=\"tel:+902122706454\">+90 212 270 64 54<\/a><br \/>\nEmail: <a href=\"mailto:info@conceptteam.org\">info@conceptteam.org<\/a><\/p>\n<p>\u00c7al\u0131\u015fma Saatleri:<br \/>\nPazartesi &#8211; Cuma: 09.00 \u2013 18.00<br \/>\nCumartesi &#8211; Pazar: Kapal\u0131    <\/div>\n\t<\/div>\n<\/div>\t\t<\/div>\n\t<\/div>\n<\/div><\/div>[\/vc_column][vc_column width=&#8221;1\/2&#8243;][vc_raw_html]JTNDaWZyYW1lJTIwc3JjJTNEJTIyaHR0cHMlM0ElMkYlMkZ3d3cuZ29vZ2xlLmNvbSUyRm1hcHMlMkZlbWJlZCUzRnBiJTNEJTIxMW0xNCUyMTFtOCUyMTFtMyUyMTFkNDgxMjAuNTMxODQzMDE2NSUyMTJkMjguOTUxNTU0MiUyMTNkNDEuMDc5MTk0NCUyMTNtMiUyMTFpMTAyNCUyMTJpNzY4JTIxNGYxMy4xJTIxM20zJTIxMW0yJTIxMXMweDE0Y2FiNjgwNDhiYzdmYzclMjUzQTB4N2VjMDRlZDcwY2I0NTliMCUyMTJzQ29uY2VwdCUyNTIwVGVhbSUyNTIwRmluZSUyNTIwQ2F0ZXJpbmdzJTI1MjAlMjUyNiUyNTIwRXZlbnQlMjUyMENvbnN1bHRpbmclMjE1ZTAlMjEzbTIlMjExc2VuJTIxMnN0ciUyMTR2MTU3NzA1MjQ2MDA3OSUyMTVtMiUyMTFzZW4lMjEyc3RyJTIyJTIwd2lkdGglM0QlMjI2MDAlMjIlMjBoZWlnaHQlM0QlMjI0NTAlMjIlMjBmcmFtZWJvcmRlciUzRCUyMjAlMjIlMjBzdHlsZSUzRCUyMmJvcmRlciUzQTAlM0IlMjIlMjBhbGxvd2Z1bGxzY3JlZW4lM0QlMjIlMjIlM0UlM0MlMkZpZnJhbWUlM0U=[\/vc_raw_html][\/vc_column][\/vc_row][vc_row row_content_width=&#8221;grid&#8221; css=&#8221;.vc_custom_1581599359966{margin-top: 40px !important;}&#8221;][vc_column width=&#8221;1\/2&#8243;][vc_raw_html]JTNDaWZyYW1lJTIwc3JjJTNEJTIyaHR0cHMlM0ElMkYlMkZ3d3cuZ29vZ2xlLmNvbSUyRm1hcHMlMkZlbWJlZCUzRnBiJTNEJTIxMW0xOCUyMTFtMTIlMjExbTMlMjExZDMwMDguMzY3NTk3MDg4OTklMjEyZDI4Ljk3OTU1NTQxNTQxNTc2JTIxM2Q0MS4wNjA5NTY3NzkyOTU1JTIxMm0zJTIxMWYwJTIxMmYwJTIxM2YwJTIxM20yJTIxMWkxMDI0JTIxMmk3NjglMjE0ZjEzLjElMjEzbTMlMjExbTIlMjExczB4MTRjYWI3OThiMGI4Y2YzMyUyNTNBMHhlNzVlYzlhZTRlYWE0YjY4JTIxMnNCT1JEJTI1MjBGb29kJTI1MjAlMjUyNiUyNTIwRHJpbmtzJTI1MjBJc3RhbmJ1bCUyMTVlMCUyMTNtMiUyMTFzZW4lMjEyc3RyJTIxNHYxNTkxNjk3MzE1NDgwJTIxNW0yJTIxMXNlbiUyMTJzdHIlMjIlMjB3aWR0aCUzRCUyMjYwMCUyMiUyMGhlaWdodCUzRCUyMjQ1MCUyMiUyMGZyYW1lYm9yZGVyJTNEJTIyMCUyMiUyMHN0eWxlJTNEJTIyYm9yZGVyJTNBMCUzQiUyMiUyMGFsbG93ZnVsbHNjcmVlbiUzRCUyMiUyMiUyMGFyaWEtaGlkZGVuJTNEJTIyZmFsc2UlMjIlMjB0YWJpbmRleCUzRCUyMjAlMjIlM0UlM0MlMkZpZnJhbWUlM0U=[\/vc_raw_html][\/vc_column][vc_column width=&#8221;1\/2&#8243;]<div class=\"mkdf-elements-holder   mkdf-one-column  mkdf-responsive-mode-768 \" ><div class=\"mkdf-eh-item    \"  data-item-class=\"mkdf-eh-custom-1067\" data-1367-1600=\"0 0 0% 0\" data-1025-1366=\"0 0 0% 0\" data-769-1024=\"0 0 11% 0\" data-681-768=\"0 0 13% 0\" data-680=\"0 0 20% 0\">\n\t<div class=\"mkdf-eh-item-inner\">\n\t\t<div class=\"mkdf-eh-item-content mkdf-eh-custom-1067\" style=\"padding: 0 0 0 0\">\n\t\t\t<div class=\"mkdf-section-title-holder  mkdf-st-standard mkdf-st-title-left mkdf-st-normal-space \" style=\"padding:0 0 15% 0;text-align: left\">\n\t<div class=\"mkdf-st-inner\">\n\t\t\t\t\t<h2 class=\"mkdf-st-title\" >\n\t\t\t\tBORD BOMONT\u0130\t\t\t<\/h2>\n\t\t    <span class=\"mkdf-st-line\" style=\"margin: 40px 8% 0 8%; height: 120px\"><\/span>\n    <div class=\"mkdf-st-text\" style=\"margin-top: 40px\">\n        <a href=\"https:\/\/goo.gl\/maps\/zzzZofMKg3P268HV6\" target=\"_blank\" rel=\"noopener noreferrer\">Merkez Mahallesi<br \/>\nG\u00fcven\u00e7 Sokak No:20\/A Bomonti<br \/>\n34360 \u015ei\u015fli, \u0130stanbul<\/a><\/p>\n<p>Tel: <a href=\"tel:+902122595969\">+90 212 259 59 69<\/a><br \/>\nTel: <a href=\"tel:+902122706454\">+90 212 270 64 54<\/a><br \/>\nEmail: <a href=\"mailto:info@bordistanbul.com\">info@bordistanbul.com<\/a><\/p>\n<p>\u00c7al\u0131\u015fma Saatleri:<br \/>\nPazartesi &#8211; Cuma: 08.00 \u2013 24.00<br \/>\nCumartesi: 10.00 \u2013 24.00<br \/>\nPazar: Kapal\u0131    <\/div>\n\t<\/div>\n<\/div>\t\t<\/div>\n\t<\/div>\n<\/div><\/div>[\/vc_column][\/vc_row][vc_row row_content_width=&#8221;grid&#8221; css=&#8221;.vc_custom_1581599405088{padding-top: 40px !important;}&#8221;][vc_column width=&#8221;2\/3&#8243; offset=&#8221;vc_col-lg-4 vc_col-md-8&#8243; css=&#8221;.vc_custom_1577054115989{margin-bottom: -210px !important;}&#8221;]<div class=\"mkdf-single-image-holder    \" >\n    <div class=\"mkdf-si-inner\" >\n                                    <img loading=\"lazy\" decoding=\"async\" width=\"350\" height=\"300\" src=\"https:\/\/conceptteam.org\/wp-content\/uploads\/2019\/12\/contact-page-img-2.jpg\" class=\"attachment-full size-full\" alt=\"\" srcset=\"https:\/\/conceptteam.org\/wp-content\/uploads\/2019\/12\/contact-page-img-2.jpg 350w, https:\/\/conceptteam.org\/wp-content\/uploads\/2019\/12\/contact-page-img-2-300x257.jpg 300w\" sizes=\"(max-width: 350px) 100vw, 350px\" \/>                        <\/div>\n<\/div>[\/vc_column][vc_column width=&#8221;1\/3&#8243; offset=&#8221;vc_col-lg-4 vc_hidden-md vc_hidden-sm vc_hidden-xs&#8221;][\/vc_column][vc_column width=&#8221;1\/3&#8243; offset=&#8221;vc_hidden-md vc_hidden-sm vc_hidden-xs&#8221;][\/vc_column][\/vc_row][vc_row row_content_width=&#8221;grid&#8221; content_text_aligment=&#8221;center&#8221; css=&#8221;.vc_custom_1577053466147{padding-top: 60px !important;}&#8221;][vc_column offset=&#8221;vc_col-lg-offset-2 vc_col-lg-8&#8243;]<div class=\"mkdf-section-title-holder  mkdf-st-standard mkdf-st-title-left mkdf-st-normal-space \" >\n\t<div class=\"mkdf-st-inner\">\n\t\t\t\t\t<h3 class=\"mkdf-st-title\" >\n\t\t\t\t\u0130LET\u0130\u015e\u0130M FORMU\t\t\t<\/h3>\n\t\t    <span class=\"mkdf-st-line\" style=\"margin: 20px 0 -10px 50%; height: 45px\"><\/span>\n    <div class=\"mkdf-st-text\" >\n            <\/div>\n\t<\/div>\n<\/div>\n<div class=\"wpcf7 no-js\" id=\"wpcf7-f4602-o1\" lang=\"en-US\" dir=\"ltr\">\n<div class=\"screen-reader-response\"><p role=\"status\" aria-live=\"polite\" aria-atomic=\"true\"><\/p> <ul><\/ul><\/div>\n<form action=\"\/tr\/wp-json\/wp\/v2\/pages\/4532#wpcf7-f4602-o1\" method=\"post\" class=\"wpcf7-form init\" aria-label=\"Contact form\" novalidate=\"novalidate\" data-status=\"init\">\n<div style=\"display: none;\">\n<input type=\"hidden\" name=\"_wpcf7\" value=\"4602\" \/>\n<input type=\"hidden\" name=\"_wpcf7_version\" value=\"5.9.8\" \/>\n<input type=\"hidden\" name=\"_wpcf7_locale\" value=\"en_US\" \/>\n<input type=\"hidden\" name=\"_wpcf7_unit_tag\" value=\"wpcf7-f4602-o1\" \/>\n<input type=\"hidden\" name=\"_wpcf7_container_post\" value=\"0\" \/>\n<input type=\"hidden\" name=\"_wpcf7_posted_data_hash\" value=\"\" \/>\n<\/div>\n<div class=\"mkdf-cf7-rf\">\n\t<p><label> Etkinlik ad\u0131:<span class=\"wpcf7-form-control-wrap\" data-name=\"event-name\"><input size=\"40\" maxlength=\"400\" class=\"wpcf7-form-control wpcf7-text\" aria-invalid=\"false\" value=\"\" type=\"text\" name=\"event-name\" \/><\/span><\/label>\n\t<\/p>\n\t<div class=\"mkdf-cf7-rf-date\">\n\t\t<p><label> Etkinlik tarihi:<span class=\"wpcf7-form-control-wrap your-date\"><input size=\"40\" class=\"wpcf7-form-control wpcf7-date wpcf7-validates-as-required required\" type=\"text\" aria-required=\"true\" value=\"2018-08-01\" name=\"your-date\" \/> <\/span><\/label><label> Ba\u015flang\u0131\u00e7 saati:<span class=\"wpcf7-form-control-wrap time-938\"><input size=\"40\" class=\"wpcf7-form-control wpcf7-time wpcf7-date\" type=\"text\" value=\"\" name=\"time-938\" \/> <\/span><\/label><label> Biti\u015f saati:<span class=\"wpcf7-form-control-wrap time-624\"><input size=\"40\" class=\"wpcf7-form-control wpcf7-time wpcf7-date\" type=\"text\" value=\"\" name=\"time-624\" \/> <\/span> <\/label>\n\t\t<\/p>\n\t<\/div>\n\t<p><span class=\"wpcf7-form-control-wrap\" data-name=\"checkbox-201\"><span class=\"wpcf7-form-control wpcf7-checkbox\"><span class=\"wpcf7-list-item first last\"><input type=\"checkbox\" name=\"checkbox-201[]\" value=\"Esnek tarihler\" \/><span class=\"wpcf7-list-item-label\">Esnek tarihler<\/span><\/span><\/span><\/span>\n\t<\/p>\n\t<div class=\"mkdf-cf7-rf-guests\">\n\t\t<p><label> Misafir:<span class=\"wpcf7-form-control-wrap\" data-name=\"guests\"><input size=\"40\" maxlength=\"400\" class=\"wpcf7-form-control wpcf7-text wpcf7-validates-as-required\" aria-required=\"true\" aria-invalid=\"false\" value=\"\" type=\"text\" name=\"guests\" \/><\/span> <\/label><label> B\u00fct\u00e7e:<span class=\"wpcf7-form-control-wrap\" data-name=\"budget\"><input size=\"40\" maxlength=\"400\" class=\"wpcf7-form-control wpcf7-text\" aria-invalid=\"false\" value=\"\" type=\"text\" name=\"budget\" \/><\/span><\/label>\n\t\t<\/p>\n\t\t<p><span class=\"wpcf7-form-control-wrap\" data-name=\"radio-653\"><span class=\"wpcf7-form-control wpcf7-radio guests\"><span class=\"wpcf7-list-item first\"><span class=\"wpcf7-list-item-label\">Toplam<\/span><input type=\"radio\" name=\"radio-653\" value=\"Toplam\" checked=\"checked\" \/><\/span><span class=\"wpcf7-list-item last\"><span class=\"wpcf7-list-item-label\">Ki\u015fi ba\u015f\u0131na<\/span><input type=\"radio\" name=\"radio-653\" value=\"Ki\u015fi ba\u015f\u0131na\" \/><\/span><\/span><\/span>\n\t\t<\/p>\n\t<\/div>\n\t<p><label> \u0130lgili ki\u015fi ad\u0131:<span class=\"wpcf7-form-control-wrap\" data-name=\"contact-name\"><input size=\"40\" maxlength=\"400\" class=\"wpcf7-form-control wpcf7-text wpcf7-validates-as-required\" aria-required=\"true\" aria-invalid=\"false\" value=\"\" type=\"text\" name=\"contact-name\" \/><\/span> <\/label>\n\t<\/p>\n\t<div class=\"mkdf-cf7-rf-2-col\">\n\t\t<p><label> \u015eirket ad\u0131 (iste\u011fe ba\u011fl\u0131):<span class=\"wpcf7-form-control-wrap\" data-name=\"company-name\"><input size=\"40\" maxlength=\"400\" class=\"wpcf7-form-control wpcf7-text\" aria-invalid=\"false\" value=\"\" type=\"text\" name=\"company-name\" \/><\/span> <\/label><label>Sekt\u00f6r (iste\u011fe ba\u011fl\u0131):<span class=\"wpcf7-form-control-wrap\" data-name=\"industry-name\"><input size=\"40\" maxlength=\"400\" class=\"wpcf7-form-control wpcf7-text\" aria-invalid=\"false\" value=\"\" type=\"text\" name=\"industry-name\" \/><\/span><\/label>\n\t\t<\/p>\n\t<\/div>\n\t<div class=\"mkdf-cf7-rf-2-col\">\n\t\t<p><label> Email:<span class=\"wpcf7-form-control-wrap\" data-name=\"your-email\"><input size=\"40\" maxlength=\"400\" class=\"wpcf7-form-control wpcf7-email wpcf7-validates-as-required wpcf7-text wpcf7-validates-as-email\" aria-required=\"true\" aria-invalid=\"false\" value=\"\" type=\"email\" name=\"your-email\" \/><\/span> <\/label><label>Telefon:<span class=\"wpcf7-form-control-wrap\" data-name=\"phone-number\"><input size=\"40\" maxlength=\"400\" class=\"wpcf7-form-control wpcf7-text wpcf7-validates-as-required\" aria-required=\"true\" aria-invalid=\"false\" value=\"\" type=\"text\" name=\"phone-number\" \/><\/span><\/label>\n\t\t<\/p>\n\t<\/div>\n\t<div class=\"mkdf-cf7-rf-msg\">\n\t\t<p><label> Daha fazla etkinlik bilgisi (iste\u011fe ba\u011fl\u0131):<br \/>\n<span class=\"wpcf7-form-control-wrap\" data-name=\"your-message\"><textarea cols=\"40\" rows=\"10\" maxlength=\"2000\" class=\"wpcf7-form-control wpcf7-textarea\" aria-invalid=\"false\" name=\"your-message\"><\/textarea><\/span> <\/label>\n\t\t<\/p>\n\t<\/div>\n\t<div class=\"mkdf-cf7-rf-btn\">\n\t\t<div class=\"mkdf-cf7-rf-btn-inner\">\n\t\t\t<p><input class=\"wpcf7-form-control wpcf7-submit has-spinner\" type=\"submit\" value=\"G\u00d6NDER\" \/>\n\t\t\t<\/p>\n\t\t<\/div>\n\t<\/div>\n<\/div><p style=\"display: none !important;\" class=\"akismet-fields-container\" data-prefix=\"_wpcf7_ak_\"><label>&#916;<textarea name=\"_wpcf7_ak_hp_textarea\" cols=\"45\" rows=\"8\" maxlength=\"100\"><\/textarea><\/label><input type=\"hidden\" id=\"ak_js_1\" name=\"_wpcf7_ak_js\" value=\"123\"\/><script>document.getElementById( \"ak_js_1\" ).setAttribute( \"value\", ( new Date() ).getTime() );<\/script><\/p><div class=\"wpcf7-response-output\" aria-hidden=\"true\"><\/div>\n<\/form>\n<\/div>\n[\/vc_column][\/vc_row][vc_row css=&#8221;.vc_custom_1581599430180{margin-top: 40px !important;}&#8221;][vc_column][vc_row_inner content_placement=&#8221;middle&#8221; row_content_width=&#8221;grid&#8221;][vc_column_inner offset=&#8221;vc_col-lg-6 vc_col-md-12&#8243;]<div class=\"mkdf-section-title-holder  mkdf-st-standard mkdf-st-title-left mkdf-st-normal-space \" style=\"padding:0 0 15% 0;text-align: left\">\n\t<div class=\"mkdf-st-inner\">\n\t\t\t\t\t<h3 class=\"mkdf-st-title\" >\n\t\t\t\t\u0130\u015e \u0130LANLARI<br \/>\t\t\t<\/h3>\n\t\t    <span class=\"mkdf-st-line\" style=\"margin: 40px 8% 0 8%; height: 90px\"><\/span>\n    <div class=\"mkdf-st-text\" style=\"margin-top: 40px;padding-right: 30px\">\n        Concept Team olarak yapt\u0131\u011f\u0131m\u0131z her i\u015f kalite ve \u015feffafl\u0131k do\u011frultusundad\u0131r. Tutkular\u0131n\u0131z\u0131 i\u015finize yans\u0131tabilece\u011finiz i\u015f ortam\u0131m\u0131zda bize kat\u0131l\u0131n, hedefe birlikte y\u00fcr\u00fcyelim.    <\/div>\n\t<\/div>\n<\/div>[\/vc_column_inner][vc_column_inner width=&#8221;7\/12&#8243; css=&#8221;.vc_custom_1535447972496{padding-right: 0px !important;padding-left: 0px !important;}&#8221; offset=&#8221;vc_col-lg-4 vc_col-md-7&#8243;][vc_empty_space height=&#8221;100px&#8221;]<div class=\"mkdf-ib \">\n\t<div class=\"mkdf-ib-content\" style=\"background-color: #fbfaf8;padding: 22%\">\n\t\t\t\t<h5 class=\"mkdf-ib-title\">\n\t\t\u0130\u015e BA\u015eVURUSU\t    <\/h5>\n\t\t                    <a itemprop=\"url\" href=\"mailto:info@conceptteam.org\">\n        \t\t<span class=\"mkdf-ib-email\" >info@conceptteam.org<\/span>\n                    <\/a>\n        \t    <\/div>\n<\/div>[\/vc_column_inner][vc_column_inner width=&#8221;5\/12&#8243; css=&#8221;.vc_custom_1535447959496{margin-top: -15px !important;margin-left: -30px !important;padding-top: 0px !important;padding-right: 0px !important;padding-left: 0px !important;}&#8221; offset=&#8221;vc_col-lg-2 vc_col-md-5&#8243;]<div class=\"mkdf-single-image-holder    \" >\n    <div class=\"mkdf-si-inner\" >\n                                    <img loading=\"lazy\" decoding=\"async\" width=\"206\" height=\"254\" src=\"https:\/\/conceptteam.org\/wp-content\/uploads\/2020\/02\/contact-page-img-8.jpg\" class=\"attachment-full size-full\" alt=\"\" \/>                        <\/div>\n<\/div>[\/vc_column_inner][\/vc_row_inner][\/vc_column][\/vc_row]<\/p>\n<\/div>","protected":false},"excerpt":{"rendered":"<p>[vc_row row_content_width=&#8221;grid&#8221;][vc_column width=&#8221;1\/2&#8243;][\/vc_column][vc_column width=&#8221;1\/2&#8243;][vc_raw_html]JTNDaWZyYW1lJTIwc3JjJTNEJTIyaHR0cHMlM0ElMkYlMkZ3d3cuZ29vZ2xlLmNvbSUyRm1hcHMlMkZlbWJlZCUzRnBiJTNEJTIxMW0xNCUyMTFtOCUyMTFtMyUyMTFkNDgxMjAuNTMxODQzMDE2NSUyMTJkMjguOTUxNTU0MiUyMTNkNDEuMDc5MTk0NCUyMTNtMiUyMTFpMTAyNCUyMTJpNzY4JTIxNGYxMy4xJTIxM20zJTIxMW0yJTIxMXMweDE0Y2FiNjgwNDhiYzdmYzclMjUzQTB4N2VjMDRlZDcwY2I0NTliMCUyMTJzQ29uY2VwdCUyNTIwVGVhbSUyNTIwRmluZSUyNTIwQ2F0ZXJpbmdzJTI1MjAlMjUyNiUyNTIwRXZlbnQlMjUyMENvbnN1bHRpbmclMjE1ZTAlMjEzbTIlMjExc2VuJTIxMnN0ciUyMTR2MTU3NzA1MjQ2MDA3OSUyMTVtMiUyMTFzZW4lMjEyc3RyJTIyJTIwd2lkdGglM0QlMjI2MDAlMjIlMjBoZWlnaHQlM0QlMjI0NTAlMjIlMjBmcmFtZWJvcmRlciUzRCUyMjAlMjIlMjBzdHlsZSUzRCUyMmJvcmRlciUzQTAlM0IlMjIlMjBhbGxvd2Z1bGxzY3JlZW4lM0QlMjIlMjIlM0UlM0MlMkZpZnJhbWUlM0U=[\/vc_raw_html][\/vc_column][\/vc_row][vc_row row_content_width=&#8221;grid&#8221; css=&#8221;.vc_custom_1581599359966{margin-top: 40px !important;}&#8221;][vc_column width=&#8221;1\/2&#8243;][vc_raw_html]JTNDaWZyYW1lJTIwc3JjJTNEJTIyaHR0cHMlM0ElMkYlMkZ3d3cuZ29vZ2xlLmNvbSUyRm1hcHMlMkZlbWJlZCUzRnBiJTNEJTIxMW0xOCUyMTFtMTIlMjExbTMlMjExZDMwMDguMzY3NTk3MDg4OTklMjEyZDI4Ljk3OTU1NTQxNTQxNTc2JTIxM2Q0MS4wNjA5NTY3NzkyOTU1JTIxMm0zJTIxMWYwJTIxMmYwJTIxM2YwJTIxM20yJTIxMWkxMDI0JTIxMmk3NjglMjE0ZjEzLjElMjEzbTMlMjExbTIlMjExczB4MTRjYWI3OThiMGI4Y2YzMyUyNTNBMHhlNzVlYzlhZTRlYWE0YjY4JTIxMnNCT1JEJTI1MjBGb29kJTI1MjAlMjUyNiUyNTIwRHJpbmtzJTI1MjBJc3RhbmJ1bCUyMTVlMCUyMTNtMiUyMTFzZW4lMjEyc3RyJTIxNHYxNTkxNjk3MzE1NDgwJTIxNW0yJTIxMXNlbiUyMTJzdHIlMjIlMjB3aWR0aCUzRCUyMjYwMCUyMiUyMGhlaWdodCUzRCUyMjQ1MCUyMiUyMGZyYW1lYm9yZGVyJTNEJTIyMCUyMiUyMHN0eWxlJTNEJTIyYm9yZGVyJTNBMCUzQiUyMiUyMGFsbG93ZnVsbHNjcmVlbiUzRCUyMiUyMiUyMGFyaWEtaGlkZGVuJTNEJTIyZmFsc2UlMjIlMjB0YWJpbmRleCUzRCUyMjAlMjIlM0UlM0MlMkZpZnJhbWUlM0U=[\/vc_raw_html][\/vc_column][vc_column width=&#8221;1\/2&#8243;][\/vc_column][\/vc_row][vc_row row_content_width=&#8221;grid&#8221; css=&#8221;.vc_custom_1581599405088{padding-top: 40px !important;}&#8221;][vc_column width=&#8221;2\/3&#8243; offset=&#8221;vc_col-lg-4 vc_col-md-8&#8243; css=&#8221;.vc_custom_1577054115989{margin-bottom: -210px !important;}&#8221;][\/vc_column][vc_column width=&#8221;1\/3&#8243; offset=&#8221;vc_col-lg-4 vc_hidden-md vc_hidden-sm vc_hidden-xs&#8221;][\/vc_column][vc_column width=&#8221;1\/3&#8243; offset=&#8221;vc_hidden-md vc_hidden-sm vc_hidden-xs&#8221;][\/vc_column][\/vc_row][vc_row row_content_width=&#8221;grid&#8221; content_text_aligment=&#8221;center&#8221; css=&#8221;.vc_custom_1577053466147{padding-top: 60px !important;}&#8221;][vc_column offset=&#8221;vc_col-lg-offset-2 vc_col-lg-8&#8243;][\/vc_column][\/vc_row][vc_row css=&#8221;.vc_custom_1581599430180{margin-top: 40px !important;}&#8221;][vc_column][vc_row_inner content_placement=&#8221;middle&#8221; [&hellip;]<\/p>\n","protected":false},"author":1,"featured_media":0,"parent":0,"menu_order":0,"comment_status":"closed","ping_status":"closed","template":"full-width.php","meta":{"footnotes":""},"_links":{"self":[{"href":"https:\/\/conceptteam.org\/tr\/wp-json\/wp\/v2\/pages\/4532"}],"collection":[{"href":"https:\/\/conceptteam.org\/tr\/wp-json\/wp\/v2\/pages"}],"about":[{"href":"https:\/\/conceptteam.org\/tr\/wp-json\/wp\/v2\/types\/page"}],"author":[{"embeddable":true,"href":"https:\/\/conceptteam.org\/tr\/wp-json\/wp\/v2\/users\/1"}],"replies":[{"embeddable":true,"href":"https:\/\/conceptteam.org\/tr\/wp-json\/wp\/v2\/comments?post=4532"}],"version-history":[{"count":12,"href":"https:\/\/conceptteam.org\/tr\/wp-json\/wp\/v2\/pages\/4532\/revisions"}],"predecessor-version":[{"id":5098,"href":"https:\/\/conceptteam.org\/tr\/wp-json\/wp\/v2\/pages\/4532\/revisions\/5098"}],"wp:attachment":[{"href":"https:\/\/conceptteam.org\/tr\/wp-json\/wp\/v2\/media?parent=4532"}],"curies":[{"name":"wp","href":"https:\/\/api.w.org\/{rel}","templated":true}]}}