{"id":4540,"date":"2019-12-22T23:21:40","date_gmt":"2019-12-22T23:21:40","guid":{"rendered":"http:\/\/conceptteam.org\/home\/references\/"},"modified":"2020-05-22T18:34:32","modified_gmt":"2020-05-22T18:34:32","slug":"referanslar","status":"publish","type":"page","link":"https:\/\/conceptteam.org\/tr\/referanslar\/","title":{"rendered":"REFERANSLAR"},"content":{"rendered":"<div class=\"wpb-content-wrapper\"><p>[vc_row css=&#8221;.vc_custom_1577140675982{padding-top: 100px !important;}&#8221;][vc_column][vc_row_inner row_content_width=&#8221;grid&#8221; enable_parallax_background_elements=&#8221;yes&#8221; parallax_background_elements_vertical_alignment=&#8221;bottom&#8221; enable_parallax_effect=&#8221;no&#8221; left_parallax_background_element=&#8221;3653&#8243; right_parallax_background_element=&#8221;3914&#8243;][vc_column_inner width=&#8221;5\/6&#8243; css=&#8221;.vc_custom_1534508595924{margin-top: -130px !important;}&#8221; offset=&#8221;vc_col-lg-6 vc_col-md-10 vc_col-xs-12&#8243;]<div class=\"mkdf-section-title-holder  mkdf-st-standard mkdf-st-title-left mkdf-st-normal-space \" style=\"padding:0 0 15% 0;text-align: left\">\n\t<div class=\"mkdf-st-inner\">\n\t\t\t\t\t<h2 class=\"mkdf-st-title\" >\n\t\t\t\tETK\u0130NL\u0130KLER\u0130M\u0130ZDEN BAZILARI\t\t\t<\/h2>\n\t\t    <span class=\"mkdf-st-line\" style=\"margin: 40px 8% 0 8%; height: 120px\"><\/span>\n    <div class=\"mkdf-st-text\" style=\"margin-top: 40px;padding-right: 0\">\n        T\u00fcrk-Alman Ticaret ve Sanayi Odas\u0131 \/ 25. Y\u0131l D\u00f6n\u00fcm\u00fc Gala Gecesi[vc_empty_space height=&#8221;10px&#8221;]Ernst &amp; Young \/ Kapal\u0131\u00e7ar\u015f\u0131 Gala Yeme\u011fi 1300 Ki\u015fi[vc_empty_space height=&#8221;10px&#8221;]QNB Finansbank \/ Merkez Ofis Etkinlikleri[vc_empty_space height=&#8221;10px&#8221;]Vakko and V2K \/ Etkinlikler ve Davetler[vc_empty_space height=&#8221;10px&#8221;]Microsoft \/ Y\u0131l Sonu Toplant\u0131s\u0131 800 Ki\u015fi[vc_empty_space height=&#8221;10px&#8221;]Unilever \/ Toplant\u0131 1000 Ki\u015fi[vc_empty_space height=&#8221;10px&#8221;]Starbucks \/ Toplant\u0131 800 Ki\u015fi[vc_empty_space height=&#8221;10px&#8221;]Boyner \/ Y\u0131l Sonu Toplant\u0131s\u0131 700 Ki\u015fi[vc_empty_space height=&#8221;10px&#8221;]Nestle \/ M\u0131s\u0131r \u00c7ar\u015f\u0131s\u0131 Davetleri[vc_empty_space height=&#8221;10px&#8221;]Mazda \/ Araba Lansmanlar\u0131[vc_empty_space height=&#8221;10px&#8221;]5. D\u00fcnya Su Formu \u00dclke Ba\u015fkanlar\u0131 Toplant\u0131s\u0131[vc_empty_space height=&#8221;10px&#8221;]THY 2012 Aircraft \/ Lansman 1800 Ki\u015fi[vc_empty_space height=&#8221;10px&#8221;]UBS Istanbul Top 100 Travel[vc_empty_space height=&#8221;10px&#8221;]Boston Consulting \/ Dolmabah\u00e7e Saray\u0131 1200 Ki\u015fi Gala Yeme\u011fi[vc_empty_space height=&#8221;10px&#8221;]Mercedes Benz \/ Y\u00f6netim Kurulu ve Genel M\u00fcd\u00fcrl\u00fck Y\u0131ll\u0131k Toplant\u0131s\u0131[vc_empty_space height=&#8221;10px&#8221;]Vakko W Sailing Cup \/ 2000 Ki\u015fi[vc_empty_space height=&#8221;10px&#8221;]WPO[vc_empty_space height=&#8221;10px&#8221;]YPO[vc_empty_space height=&#8221;10px&#8221;]Vodafone[vc_empty_space height=&#8221;10px&#8221;]Audi Twin Cup \/\u0130stanbul Park[vc_empty_space height=&#8221;10px&#8221;]HSBC \/ 20. Y\u0131l Kutlamas\u0131[vc_empty_space height=&#8221;10px&#8221;]Europanostra and UNICEF Historical[vc_empty_space height=&#8221;10px&#8221;]Buildings Congress Dinner \/ Aya Irini, Tophane-I Amire, Y\u0131ld\u0131z Saray\u0131[vc_empty_space height=&#8221;10px&#8221;]United Nations Istanbul Congress[vc_empty_space height=&#8221;10px&#8221;]Coca-Cola Company[vc_empty_space height=&#8221;10px&#8221;]Denizbank[vc_empty_space height=&#8221;10px&#8221;]Apple[vc_empty_space height=&#8221;10px&#8221;]Shell[vc_empty_space height=&#8221;10px&#8221;]R\u00f6nesans Holding[vc_empty_space height=&#8221;10px&#8221;]PricewaterhouseCoopers    <\/div>\n\t<\/div>\n<\/div>[vc_empty_space height=&#8221;100px&#8221;]<div class=\"mkdf-single-image-holder    \" >\n    <div class=\"mkdf-si-inner\" >\n                                    <img loading=\"lazy\" decoding=\"async\" width=\"400\" height=\"250\" src=\"https:\/\/conceptteam.org\/wp-content\/uploads\/2019\/12\/references-page-img-2.jpg\" class=\"attachment-full size-full\" alt=\"\" srcset=\"https:\/\/conceptteam.org\/wp-content\/uploads\/2019\/12\/references-page-img-2.jpg 400w, https:\/\/conceptteam.org\/wp-content\/uploads\/2019\/12\/references-page-img-2-300x188.jpg 300w\" sizes=\"(max-width: 400px) 100vw, 400px\" \/>                        <\/div>\n<\/div>[vc_empty_space height=&#8221;50px&#8221;][\/vc_column_inner][vc_column_inner width=&#8221;1\/6&#8243; offset=&#8221;vc_col-lg-6 vc_col-md-2&#8243;]<div class=\"mkdf-section-title-holder  mkdf-st-standard mkdf-st-title-left mkdf-st-normal-space \" style=\"padding:0 0 15% 0;text-align: left\">\n\t<div class=\"mkdf-st-inner\">\n\t\t\t\t\t<h2 class=\"mkdf-st-title\" >\n\t\t\t\tM\u0130SAF\u0130RLER\u0130M\u0130ZDEN BAZILARI\t\t\t<\/h2>\n\t\t    <span class=\"mkdf-st-line\" style=\"margin: 40px 8% 0 8%; height: 120px\"><\/span>\n    <div class=\"mkdf-st-text\" style=\"margin-top: 40px;padding-right: 0\">\n        Rusya Devlet Ba\u015fkan\u0131 Mr. Vladimir Putin[vc_empty_space height=&#8221;10px&#8221;]Japon Veliaht Prensi Mr. Naruhito Kotaishi[vc_empty_space height=&#8221;10px&#8221;]Monako Prensi Mr. II. Albert[vc_empty_space height=&#8221;10px&#8221;]Hollanda Kraliyet Prensi Mr. Willem Aleksander[vc_empty_space height=&#8221;10px&#8221;]Japonya Eski Ba\u015fbakan\u0131 Mr. Yoshiro Mori[vc_empty_space height=&#8221;10px&#8221;]BM Genel Sekreter Yard\u0131mc\u0131s\u0131 Mr. Sha Zuhang[vc_empty_space height=&#8221;10px&#8221;]OECD Genel Sekreteri Mrs.Angel Gurria[vc_empty_space height=&#8221;10px&#8221;]Eski Finlandiya Ba\u015fbakan\u0131 Mr. Martti Ahtisaari[vc_empty_space height=&#8221;10px&#8221;]39. ABD Ba\u015fkan\u0131 Mr. Jimmy Carter[vc_empty_space height=&#8221;10px&#8221;]Nobel \u00d6d\u00fcll\u00fc Mrs. Ela Bhatt[vc_empty_space height=&#8221;10px&#8221;]Eski Norve\u00e7 Ba\u015fbakan\u0131 Mr. Gro Brundtland[vc_empty_space height=&#8221;10px&#8221;]Eski \u0130rlanda Ba\u015fbakan\u0131 Mrs. Mary Robinson[vc_empty_space height=&#8221;10px&#8221;]Nobel Bar\u0131\u015f \u00d6d\u00fcl\u00fc Sahibi Mr. Desmond Tutu[vc_empty_space height=&#8221;10px&#8221;]Richard Branson &#8211; Virgin United[vc_empty_space height=&#8221;10px&#8221;]Peter Gabriel &#8211; Genesis[vc_empty_space height=&#8221;10px&#8221;]Reinhold W\u00fcrth-W\u00fcrth Gmbh[vc_empty_space height=&#8221;10px&#8221;]James R. Murdock[vc_empty_space height=&#8221;10px&#8221;]Eski Almanya Cumhurba\u015fkan\u0131 Mr. Wulff[vc_empty_space height=&#8221;10px&#8221;]Eski \u0130talya Ba\u015fbakan\u0131 Mr. Berlusconi[vc_empty_space height=&#8221;10px&#8221;]Muhtar Kent[vc_empty_space height=&#8221;10px&#8221;]Serdar G\u00fclg\u00fcn[vc_empty_space height=&#8221;10px&#8221;]Begum Khan    <\/div>\n\t<\/div>\n<\/div>[\/vc_column_inner][\/vc_row_inner][\/vc_column][\/vc_row]<\/p>\n<\/div>","protected":false},"excerpt":{"rendered":"<p>[vc_row css=&#8221;.vc_custom_1577140675982{padding-top: 100px !important;}&#8221;][vc_column][vc_row_inner row_content_width=&#8221;grid&#8221; enable_parallax_background_elements=&#8221;yes&#8221; parallax_background_elements_vertical_alignment=&#8221;bottom&#8221; enable_parallax_effect=&#8221;no&#8221; left_parallax_background_element=&#8221;3653&#8243; right_parallax_background_element=&#8221;3914&#8243;][vc_column_inner width=&#8221;5\/6&#8243; css=&#8221;.vc_custom_1534508595924{margin-top: -130px !important;}&#8221; offset=&#8221;vc_col-lg-6 vc_col-md-10 vc_col-xs-12&#8243;][vc_empty_space height=&#8221;100px&#8221;][vc_empty_space height=&#8221;50px&#8221;][\/vc_column_inner][vc_column_inner width=&#8221;1\/6&#8243; offset=&#8221;vc_col-lg-6 vc_col-md-2&#8243;][\/vc_column_inner][\/vc_row_inner][\/vc_column][\/vc_row]<\/p>\n","protected":false},"author":1,"featured_media":0,"parent":0,"menu_order":0,"comment_status":"closed","ping_status":"closed","template":"full-width.php","meta":{"footnotes":""},"_links":{"self":[{"href":"https:\/\/conceptteam.org\/tr\/wp-json\/wp\/v2\/pages\/4540"}],"collection":[{"href":"https:\/\/conceptteam.org\/tr\/wp-json\/wp\/v2\/pages"}],"about":[{"href":"https:\/\/conceptteam.org\/tr\/wp-json\/wp\/v2\/types\/page"}],"author":[{"embeddable":true,"href":"https:\/\/conceptteam.org\/tr\/wp-json\/wp\/v2\/users\/1"}],"replies":[{"embeddable":true,"href":"https:\/\/conceptteam.org\/tr\/wp-json\/wp\/v2\/comments?post=4540"}],"version-history":[{"count":17,"href":"https:\/\/conceptteam.org\/tr\/wp-json\/wp\/v2\/pages\/4540\/revisions"}],"predecessor-version":[{"id":4679,"href":"https:\/\/conceptteam.org\/tr\/wp-json\/wp\/v2\/pages\/4540\/revisions\/4679"}],"wp:attachment":[{"href":"https:\/\/conceptteam.org\/tr\/wp-json\/wp\/v2\/media?parent=4540"}],"curies":[{"name":"wp","href":"https:\/\/api.w.org\/{rel}","templated":true}]}}