{"id":5036,"date":"2020-07-08T14:29:13","date_gmt":"2020-07-08T14:29:13","guid":{"rendered":"https:\/\/conceptteam.org\/membership-agreement\/"},"modified":"2020-07-08T14:35:44","modified_gmt":"2020-07-08T14:35:44","slug":"kullanici-sozlesmesi","status":"publish","type":"page","link":"https:\/\/conceptteam.org\/tr\/kullanici-sozlesmesi\/","title":{"rendered":"KULLANICI S\u00d6ZLE\u015eMES\u0130"},"content":{"rendered":"<div class=\"wpb-content-wrapper\"><p>[vc_row][vc_column][vc_column_text]<strong>Kullan\u0131c\u0131 S\u00f6zle\u015fmesi<\/strong><\/p>\n<p>\u0130\u015fbu \u00dcyelik S\u00f6zle\u015fmesi Sa\u011fl\u0131kta Ya\u015fam G\u0131da \u00dcr\u00fcnleri Turizm San. ve Tic. Ltd. \u015eti. (bundan b\u00f6yle \u201cConcept Team\u201d olarak an\u0131lacakt\u0131r) taraf\u0131ndan,\u00a0www.conceptteam.org\u00a0web sitesinin kullan\u0131lmas\u0131na ili\u015fkin kurallar\u0131 ve \u015fartlar\u0131 belirlemek amac\u0131yla haz\u0131rlam\u0131\u015ft\u0131r.<\/p>\n<p>Concept Team, s\u00f6zle\u015fmeyi onaylayan \u00fcyelerine kampanya ve duyurular\u0131 d\u00fczenli olarak g\u00f6nderir ve online al\u0131\u015fveri\u015f yapmas\u0131na olanak verir.<\/p>\n<p>\u00dcye kendisinin belirleyece\u011fi bir \u201c\u015fifre\u201d ye sahip olur. Kullan\u0131c\u0131 diledi\u011fi zaman \u015fifresini de\u011fi\u015ftirebilir. Concept Team \u00fcye g\u00fcvenli\u011fi konusunda t\u00fcm \u00f6nlemleri alm\u0131\u015f bulunmaktad\u0131r.<\/p>\n<p>\u00dcyeler ise \u00fcye g\u00fcvenli\u011finden kendileri de sorumludur. Concept Team, m\u00fc\u015fterilerinden hi\u00e7bir \u015fekilde \u015fifre bilgisini istememektedir, \u015fifre kullan\u0131m\u0131ndan do\u011facak problemlerden kesinlikle sorumlu de\u011fildir. Kay\u0131t s\u0131ras\u0131nda vermi\u015f oldu\u011funuz e-mail adresi \u00fcyeye \u00f6zeldir ve tek \u00fcyelik olu\u015fturma imkan\u0131na sahiptir;<br \/>\nayn\u0131 e-mail adresi ile iki farkl\u0131 \u00fcyeli\u011finiz olamaz. \u201c\u015eifre\u201d sadece kullan\u0131c\u0131 taraf\u0131ndan bilinir.<br \/>\nKullan\u0131c\u0131n\u0131n \u00fcyelik gerektiren servislere ba\u011flanabilmesi i\u00e7in kay\u0131t s\u0131ras\u0131nda girdi\u011fi e-mail adresi ve \u015fifresini girmesi gerekmektedir.<\/p>\n<p>\u00dcye, www.conceptteam.org verdi\u011fi ki\u015fisel ve al\u0131\u015fveri\u015f bilgilerinin taraf\u0131na kampanya uygulamalar\u0131 sunulmas\u0131 amac\u0131yla Concept Team\u2019min kendisiyle ileti\u015fime ge\u00e7mesini kabul eder.<\/p>\n<p>\u00dcye, www.conceptteam.org&#8217;a \u00fcye olurken vermi\u015f oldu\u011fu eksik ve yanl\u0131\u015f bilgi nedeniyle u\u011frayaca\u011f\u0131 zararlardan yaln\u0131zca kendisinin sorumlu oldu\u011funu, yanl\u0131\u015f bilgi vermesi durumunda ve i\u015fbu s\u00f6zle\u015fmenin \u00dcye taraf\u0131ndan ihlali halinde, Concept Team tek tarafl\u0131 olarak herhangi bir ihbara ve ihtara ihtiya\u00e7 duymaks\u0131z\u0131n \u00fcyeli\u011fini sona erdirebilece\u011fini kabul eder.<\/p>\n<p>\u00dcye, t\u00fcm haklar\u0131 Sa\u011fl\u0131kta Ya\u015fam G\u0131da \u00dcr\u00fcnleri Turizm San.ve Tic.Ltd.\u015eti.\u2019ne ait olan ve www.conceptteam.org\u00a0\u00fczerinde yer alan bilgi, belge, yaz\u0131l\u0131m, tasar\u0131m, grafik, yaz\u0131, g\u00f6rsel, video vb. eserleri veya herhangi bir i\u00e7eri\u011fi kopyalamayaca\u011f\u0131n\u0131, \u00e7o\u011falt\u0131p yay\u0131nlamayaca\u011f\u0131n\u0131, pazarlamayaca\u011f\u0131n\u0131 kabul ve taahh\u00fct eder.<\/p>\n<p>Concept Team herhangi bir zamanda sistemin \u00e7al\u0131\u015fmas\u0131n\u0131 ge\u00e7ici bir s\u00fcre ask\u0131ya alabilir veya tamamen durdurabilir. Concept Team\u2019in sistemin ge\u00e7ici bir s\u00fcre ask\u0131ya al\u0131nmas\u0131 veya tamamen durdurulmas\u0131ndan dolay\u0131\u00a0www.conceptteam.org\u00a0\u00fcyelerine veya \u00fc\u00e7\u00fcnc\u00fc \u015fah\u0131slara kar\u015f\u0131 hi\u00e7bir sorumlulu\u011fu olmayacakt\u0131r. Concept Team, kullan\u0131c\u0131 ad\u0131 ve \u015fifresini do\u011fru \u015fekilde girmi\u015f olmas\u0131na ra\u011fmen \u00fcyenin sisteme giri\u015fini veya yeni bir \u015fifre almas\u0131n\u0131 neden belirtmeksizin engelleyebilir. Concept Team, kendi \u00fcretti\u011fi ve\/veya d\u0131\u015far\u0131dan sat\u0131n ald\u0131\u011f\u0131 bilgi, belge, yaz\u0131l\u0131m, tasar\u0131m, grafik vb. eserlerini m\u00fclkiyetten do\u011fan telif haklar\u0131na sahiptir. www.conceptteam.org\u00a0adresi \u00fczerinden yap\u0131lan sat\u0131\u015flar stoklar\u0131 ile s\u0131n\u0131rl\u0131d\u0131r. Concept Team stoku bulunmayan \u00fcr\u00fcnlerin teslimat\u0131n\u0131 yapmayabilir, sipari\u015fi iptal ederek, sipari\u015f tutar\u0131n\u0131 m\u00fc\u015fterinin hesab\u0131na iade edebilir. \u00dcr\u00fcnlerin sanal ma\u011fazada te\u015fhir edilmesi, s\u00f6z konusu \u00fcr\u00fcnlerin mutlaka Concept Team\u2019\u0131n stoklar\u0131nda bulundu\u011fu anlam\u0131na gelmez. \u00dcyelerin \u00fcretti\u011fi ve yay\u0131nlamak \u00fczere kendi iradesiyle sisteme y\u00fckledi\u011fi bilgi, belge, yaz\u0131l\u0131m, tasar\u0131m, grafik vb. eserler izinsiz kullan\u0131lamaz. www.conceptteam.org\u2019da sat\u0131\u015fa sunulan \u00fcr\u00fcnlerin fiyat ve \u00fcr\u00fcn \u00f6zellik bilgilerini de\u011fi\u015ftirme yetkisi m\u00fcnhas\u0131ran Concept Team\u2019e aittir. Fiyat ve \u00fcr\u00fcn \u00f6zellik bilgilerinde hata oldu\u011fu takdirde m\u00fcnhas\u0131r se\u00e7me yetkisi kendisinde olmak \u015fart\u0131yla Concept Team hatay\u0131 d\u00fczelterek \u00fcr\u00fcn teslimat\u0131 yapabilir veya sipari\u015fi iptal ederek, sipari\u015f tutar\u0131n\u0131 m\u00fc\u015fteri hesab\u0131na iade edebilir. Concept Team, \u00fcyenin ba\u015fka web sitelerine ge\u00e7i\u015fini sa\u011flayabilir. Bu takdirde \u00fcyenin ge\u00e7i\u015f yapaca\u011f\u0131 sitelerin i\u00e7eri\u011finden Concept Team sorumlu de\u011fildir. Concept Team ileride do\u011facak teknik zaruretler ve mevzuata uyum amac\u0131yla i\u015fbu s\u00f6zle\u015fmenin uygulanmas\u0131nda de\u011fi\u015fiklik yapabilece\u011fi gibi, mevcut maddelerini de\u011fi\u015ftirebilir veya yeni maddeler ilave edebilir. Concept Team \u00fcyelik gerektirmeyen servisleri zaman i\u00e7erisinde \u00fcyelik gerektiren bir duruma d\u00f6n\u00fc\u015ft\u00fcrebilir, ilave servisler a\u00e7abilir, baz\u0131 servislerini k\u0131smen veya tamamen de\u011fi\u015ftirebilir veya \u00fccretli hale d\u00f6n\u00fc\u015ft\u00fcrebilir.<\/p>\n<p>\u00dcye bu s\u00f6zle\u015fmeden do\u011fabilecek ihtilaflarda Concept Team\u2019min defter kay\u0131tlar\u0131yla, mikrofilm, mikrofi\u015f ve bilgisayar kay\u0131tlar\u0131n\u0131n HMK 193. vd maddeleri anlam\u0131nda muteber, ba\u011flay\u0131c\u0131, kesin ve m\u00fcnhas\u0131r delil te\u015fkil edece\u011fini ve bu maddenin delil s\u00f6zle\u015fmesi niteli\u011finde oldu\u011funu kabul ve taahh\u00fct eder. Concept Team kay\u0131tlar\u0131na y\u00f6nelik her t\u00fcrl\u00fc itiraz ile bunlar\u0131n usul\u00fcne uygun tutuldu\u011fu hususunda yemin teklif hakk\u0131ndan pe\u015finen feragat etti\u011fini kabul, beyan ve taahh\u00fct eder.<\/p>\n<p>Bu s\u00f6zle\u015fmeyle ilgili olarak \u00e7\u0131kabilecek ihtilaflarda \u00f6ncelikle bu s\u00f6zle\u015fmedeki h\u00fck\u00fcmler, h\u00fck\u00fcm bulunmayan hallerde ise y\u00fcr\u00fcrl\u00fckteki T\u00fcrk mevzuat\u0131 uygulanacakt\u0131r.<\/p>\n<p>\u0130\u015fbu s\u00f6zle\u015fmenin uygulanmas\u0131ndan do\u011fabilecek her t\u00fcrl\u00fc uyu\u015fmazl\u0131klar\u0131n \u00e7\u00f6z\u00fcm\u00fcnde T.C. \u0130stanbul Merkez Mahkemeleri ile \u0130cra M\u00fcd\u00fcrl\u00fckleri yetkili olacakt\u0131r.<\/p>\n<p>\u00dcye, \u00fcye kay\u0131t formu doldurduktan ve \u015fifre ald\u0131ktan sonra bu s\u00f6zle\u015fme taraflar aras\u0131nda s\u00fcresiz olarak y\u00fcr\u00fcrl\u00fc\u011fe girer.<\/p>\n<p>Concept Team diledi\u011fi zaman bu s\u00f6zle\u015fmeyi tek tarafl\u0131 olarak feshedebilir.<\/p>\n<p>\u0130leti\u015fim Bilgileri:<br \/>\nSa\u011fl\u0131kta Ya\u015fam G\u0131da \u00dcr\u00fcnleri Turizm San. Ve Tic. Ltd. \u015eti.<\/p>\n<p>Adres: Seyrantepe Mah. \u0130brahim Karao\u011flano\u011flu Cad. Yay\u0131nc\u0131lar Sok.S\u00f6z\u00fcge\u00e7er \u0130\u015f Merkezi No:7\/1 Seyrantepe- Ka\u011f\u0131thane -\u0130stanbul<\/p>\n<p>E-mail:\u00a0<u>info@conceptteam.org<\/u>[\/vc_column_text][\/vc_column][\/vc_row]<\/p>\n<\/div>","protected":false},"excerpt":{"rendered":"<p>[vc_row][vc_column][vc_column_text]Kullan\u0131c\u0131 S\u00f6zle\u015fmesi \u0130\u015fbu \u00dcyelik S\u00f6zle\u015fmesi Sa\u011fl\u0131kta Ya\u015fam G\u0131da \u00dcr\u00fcnleri Turizm San. ve Tic. Ltd. \u015eti. (bundan b\u00f6yle \u201cConcept Team\u201d olarak an\u0131lacakt\u0131r) taraf\u0131ndan,\u00a0www.conceptteam.org\u00a0web sitesinin kullan\u0131lmas\u0131na ili\u015fkin kurallar\u0131 ve \u015fartlar\u0131 belirlemek amac\u0131yla haz\u0131rlam\u0131\u015ft\u0131r. Concept Team, s\u00f6zle\u015fmeyi onaylayan \u00fcyelerine kampanya ve duyurular\u0131 d\u00fczenli [&hellip;]<\/p>\n","protected":false},"author":1,"featured_media":0,"parent":0,"menu_order":0,"comment_status":"closed","ping_status":"closed","template":"","meta":{"footnotes":""},"_links":{"self":[{"href":"https:\/\/conceptteam.org\/tr\/wp-json\/wp\/v2\/pages\/5036"}],"collection":[{"href":"https:\/\/conceptteam.org\/tr\/wp-json\/wp\/v2\/pages"}],"about":[{"href":"https:\/\/conceptteam.org\/tr\/wp-json\/wp\/v2\/types\/page"}],"author":[{"embeddable":true,"href":"https:\/\/conceptteam.org\/tr\/wp-json\/wp\/v2\/users\/1"}],"replies":[{"embeddable":true,"href":"https:\/\/conceptteam.org\/tr\/wp-json\/wp\/v2\/comments?post=5036"}],"version-history":[{"count":1,"href":"https:\/\/conceptteam.org\/tr\/wp-json\/wp\/v2\/pages\/5036\/revisions"}],"predecessor-version":[{"id":5041,"href":"https:\/\/conceptteam.org\/tr\/wp-json\/wp\/v2\/pages\/5036\/revisions\/5041"}],"wp:attachment":[{"href":"https:\/\/conceptteam.org\/tr\/wp-json\/wp\/v2\/media?parent=5036"}],"curies":[{"name":"wp","href":"https:\/\/api.w.org\/{rel}","templated":true}]}}