{"id":5039,"date":"2020-07-08T14:31:35","date_gmt":"2020-07-08T14:31:35","guid":{"rendered":"https:\/\/conceptteam.org\/sales-contract\/"},"modified":"2020-07-08T14:36:19","modified_gmt":"2020-07-08T14:36:19","slug":"on-bilgilendirme-ve-mesafeli-satis-sozlesmesi","status":"publish","type":"page","link":"https:\/\/conceptteam.org\/tr\/on-bilgilendirme-ve-mesafeli-satis-sozlesmesi\/","title":{"rendered":"MESAFEL\u0130 SATI\u015e S\u00d6ZLE\u015eMES\u0130"},"content":{"rendered":"<div class=\"wpb-content-wrapper\"><p>[vc_row][vc_column][vc_column_text]<strong>\u00d6N B\u0130LG\u0130LEND\u0130RME FORMU<\/strong><br \/>\n1) S\u00f6zle\u015fme konusu mal veya hizmetin ad\u0131, adeti, KDV dahil sat\u0131\u015f fiyat\u0131, \u00f6deme \u015fekli ve k\u0131saca temel nitelikleri al\u0131\u015fveri\u015fi sonland\u0131r\u0131l\u0131rken sepette \u00fcr\u00fcn, adet, birim fiyat ve toplam bedel olarak KDV dahil \u015fekilde yer alacakt\u0131r. \u00d6demeler Kredi Kart\u0131 ile yap\u0131lacakt\u0131r.<br \/>\n2) Teslimat, anla\u015fmal\u0131 kargo \u015firketi ya da arac\u0131l\u0131\u011f\u0131 ile ya da Concept Team taraf\u0131ndan, Al\u0131c\u0131&#8217;n\u0131n yukar\u0131da belirtilen adresinde elden teslim edilecektir. Teslim an\u0131nda Al\u0131c\u0131&#8217;n\u0131n adresinde bulunmamas\u0131 durumunda dahi Firmam\u0131z edimini tam ve eksiksiz olarak yerine getirmi\u015f olarak kabul edilecektir. Bu nedenle, Al\u0131c\u0131&#8217;n\u0131n \u00fcr\u00fcn\u00fc ge\u00e7 teslim almas\u0131ndan kaynaklanan her t\u00fcrl\u00fc zarar ile \u00fcr\u00fcn\u00fcn kargo \u015firketinde beklemi\u015f olmas\u0131 ve\/veya kargonun teslim al\u0131nmamas\u0131ndan \u00f6t\u00fcr\u00fc Firmam\u0131za geri iade edilmesinden dolay\u0131 da olu\u015fan giderler de Al\u0131c\u0131&#8217;ya aittir. Sat\u0131c\u0131 t\u00fcm nakliye, teslim ve benzeri ek masraflar ile bunlar\u0131n \u00f6nceden hesaplanamamas\u0131 halinde ek masraflar\u0131 talep edebilir.<br \/>\n3) Sat\u0131c\u0131 veya sa\u011flay\u0131c\u0131, t\u00fcketicinin sipari\u015finin kendisine ula\u015ft\u0131\u011f\u0131 tarihten itibaren taahh\u00fct etti\u011fi s\u00fcre i\u00e7inde edimini yerine getirmek zorundad\u0131r. Mal sat\u0131\u015flar\u0131nda bu s\u00fcre her hal\u00fckarda otuz g\u00fcn\u00fc ge\u00e7emez.<br \/>\n4) 27.11.2014 tarih 29188 say\u0131l\u0131 Resmi Gazetede yay\u0131nlanarak y\u00fcr\u00fcrl\u00fc\u011fe giren \u201cMesafeli S\u00f6zle\u015fmeler Y\u00f6netmeli\u011fi\u2019nin 2. Maddesinin (\u011f) nolu bendi gere\u011fi \u201cYiyecek ve i\u00e7ecek gibi g\u00fcnl\u00fck t\u00fcketim maddelerinin, sat\u0131c\u0131n\u0131n d\u00fczenli teslimatlar\u0131 \u00e7er\u00e7evesinde t\u00fcketicinin meskenine veya i\u015fyerine g\u00f6t\u00fcr\u00fclmesine\u201d ili\u015fkin Mesafeli S\u00f6zle\u015fmelerde cayma hakk\u0131 bulunmamaktad\u0131r. Teslim ald\u0131\u011f\u0131n\u0131z \u00fcr\u00fcnlerle ilgili bir \u015fik\u00e2yetiniz olmas\u0131 durumunda teslimat tarihinden itibaren 7 g\u00fcn i\u00e7erisinde \u015fikayetinizi a\u015fa\u011f\u0131da bulunan ileti\u015fim bilgilerini kullanarak bize iletebilirsiniz.<br \/>\n5) T\u00fcketicilerin \u015fik\u00e2yet ve itirazlar\u0131: Ba\u015fvurular\u0131n\u0131z\u0131, G\u00fcmr\u00fck ve Ticaret Bakanl\u0131\u011f\u0131 taraf\u0131ndan her y\u0131l Aral\u0131k ay\u0131nda belirlenen parasal s\u0131n\u0131rlar d\u00e2hilinde mal veya hizmeti sat\u0131n ald\u0131\u011f\u0131n\u0131z veya ikametg\u00e2h\u0131n\u0131z\u0131n bulundu\u011fu yerdeki T\u00fcketici Sorunlar\u0131 Hakem Heyetine veya T\u00fcketici Mahkemesine yapabilirsiniz.<\/p>\n<p><strong>MESAFEL\u0130 SATI\u015e S\u00d6ZLE\u015eMES\u0130<\/strong><br \/>\n<strong>TARAFLAR VE KONU<\/strong><br \/>\n\u0130\u015fbu S\u00f6zle\u015fme www.conceptteam.org internet sitesinden (bundan sonra \u0130NTERNET S\u0130TES\u0130 olarak an\u0131lacakt\u0131r) \u00fcr\u00fcn (bundan sonra \u00dcR\u00dcN\/\u00dcR\u00dcNLER olarak an\u0131lacakt\u0131r) sat\u0131n alacak ki\u015fi (bundan sonra ALICI olarak an\u0131lacakt\u0131r) ile satacak ki\u015fi (SATICI olarak an\u0131lacakt\u0131r) aras\u0131ndaki al\u0131\u015fveri\u015fe ili\u015fkin olarak, ALICI taraf\u0131ndan elektronik ortamda doldurulan, \u00dcR\u00dcN ile ilgili \u00f6zelliklerin, nitelik-niceli\u011finin, sat\u0131\u015f fiyat\u0131n\u0131n, sat\u0131\u015f bedelinin tahsilat usul ve \u015fartlar\u0131n\u0131n ve sat\u0131\u015f tarihinin belirtildi\u011fi ve taraflar\u0131n hak, hukuk ve y\u00fck\u00fcml\u00fcl\u00fcklerini tespit eder.<br \/>\nSATICI: Sa\u011fl\u0131kta Ya\u015fam G\u0131da \u00dcr\u00fcnleri Turizm San.ve Tic.Ltd.\u015eti.<br \/>\nADRES: Seyrantepe Mah. \u0130brahim Karao\u011flano\u011flu Cad. Yay\u0131nc\u0131lar Sok. S\u00f6z\u00fcge\u00e7er \u0130\u015f Merkezi No:7\/1 Seyrantepe \u2013 Ka\u011f\u0131thane<br \/>\nTEL \/ FAKS: 0212 270 64 54<br \/>\nE \u2013 Posta: info@conceptteam.org<br \/>\nVERG\u0130 DA\u0130RE \/ NO: MASLAK V.D. \u2013 739 025 8468<br \/>\nMERS\u0130S NO: 0739025846800013<br \/>\nMADDE 1. CAYMA HAKKI<br \/>\n27.11.2014 tarih 29188 say\u0131l\u0131 Resmi Gazetede yay\u0131nlanarak y\u00fcr\u00fcrl\u00fc\u011fe giren \u201cMesafeli S\u00f6zle\u015fmeler Y\u00f6netmeli\u011fi\u2019nin 2. Maddesinin (\u011f) nolu bendi gere\u011fi \u201cYiyecek ve i\u00e7ecek gibi g\u00fcnl\u00fck t\u00fcketim maddelerinin, sat\u0131c\u0131n\u0131n d\u00fczenli teslimatlar\u0131 \u00e7er\u00e7evesinde t\u00fcketicinin meskenine veya i\u015fyerine g\u00f6t\u00fcr\u00fclmesine\u201d ili\u015fkin Mesafeli S\u00f6zle\u015fmelerde cayma hakk\u0131 bulunmamaktad\u0131r.<br \/>\nSat\u0131n ald\u0131\u011f\u0131n\u0131z sadece yemeye haz\u0131r hale getirilmemi\u015f (mevcut haliyle t\u00fcketimi m\u00fcmk\u00fcn olmayan veya benzeri g\u00fcnl\u00fck t\u00fcketim \u00fcr\u00fcnlerinden olmayan) kapal\u0131 ambalajl\u0131 \u00fcr\u00fcnlerle ilgili bir \u015fik\u00e2yetiniz oldu\u011funda, kargodan teslim ald\u0131\u011f\u0131n\u0131z g\u00fcnden itibaren 7 g\u00fcn i\u00e7inde www.conceptteam.org internet adresinden ba\u015fvuruda bulunarak a\u015fa\u011f\u0131daki ko\u015fullar dahilinde \u00fcr\u00fcn\u00fcn\u00fcz\u00fc iade edebilirsiniz.<br \/>\n\u0130ade edece\u011finiz \u00fcr\u00fcne ait varsa verilen promosyonlu \u00fcr\u00fcnlerin de ayn\u0131 anda iade edilmesi gerekmektedir.<br \/>\n\u0130ade kapsam\u0131ndaki ko\u015fullar a\u015fa\u011f\u0131daki gibidir:<br \/>\n\u2022 Kargoda ambalaj\u0131 bozulmu\u015f veya son kullanma tarihi ge\u00e7mi\u015f \u00fcr\u00fcnleri iade edebilirsiniz.<br \/>\n\u0130ade etmek istedi\u011finiz \u00fcr\u00fcn kar\u015f\u0131l\u0131\u011f\u0131nda talebinize g\u00f6re \u00fcr\u00fcn bedeli kadar para iadesi (s\u00f6zle\u015fmede yer alan \u015fartlara g\u00f6re kredi kart\u0131 \u00f6demeleri sadece karta yap\u0131labilecektir), veyahut yeni \u00fcr\u00fcn g\u00f6nderimi yap\u0131lacakt\u0131r.<br \/>\nMADDE 2. GENEL H\u00dcK\u00dcMLER<br \/>\n1. ALICI, \u0130NTERNET S\u0130TES\u0130&#8217;nde g\u00f6sterilen \u00fcr\u00fcnlerin temel nitelikleri, t\u00fcm vergiler dahil sat\u0131\u015f fiyat\u0131 ve \u00f6deme \u015fekli ile teslimat ve cayma hakk\u0131 ile kullan\u0131m \u015fartlar\u0131na ili\u015fkin \u00f6n bilgilerin sunuldu\u011funu, bilgi sahibi oldu\u011funu ve elektronik ortamda sat\u0131\u015f i\u00e7in gerekli onay\u0131 verdi\u011fini beyan, kabul ve taahh\u00fct eder.<br \/>\n2. \u00dcr\u00fcn, 30 (otuz) g\u00fcn\u00fc a\u015fmamak ko\u015fulu ile her bir \u00fcr\u00fcn i\u00e7in ALICI&#8217;n\u0131n teslim adresinin yerine ba\u011fl\u0131 olarak internet sitesinde a\u00e7\u0131klanan s\u00fcre i\u00e7inde ALICI\u2019ya, SATICI\u2019n\u0131n anla\u015fmal\u0131 oldu\u011fu kargo firmas\u0131 veyahut kendisi taraf\u0131ndan teslim edilir. Aksi belirtilmedi\u011fi s\u00fcrece nakliye \u00fccreti ALICI\u2019ya aittir.<br \/>\n3. Teslim adresine teslim edilmi\u015f \u00fcr\u00fcnlerin, teslimat\u0131 esnas\u0131nda ALICI&#8217;n\u0131n bizzat adresinde bulunmamas\u0131 durumunda, SATICI taraf\u0131ndan yap\u0131lan teslimatlar, ge\u00e7erli kabul edilecektir. Teslim adresinde kimsenin bulunmamas\u0131 durumunda ALICI, kargo firmas\u0131 ile temas kurarak \u00fcr\u00fcnlerin sevkiyat\u0131n\u0131 takip edecektir. Bu ve benzeri ALICIDAN kaynakl\u0131 gecikme hallerinde \u00fcr\u00fcn\u00fcn ALICIYA teslim edilmemesinden do\u011fan masraf ve ifada gecikmeden tamamen ALICI sorumludur.<br \/>\n4. ALICI, \u00dcr\u00fcn\u00fc teslim ald\u0131\u011f\u0131 anda kontrol etmekle m\u00fckelleftir. \u00dcr\u00fcnde veyahut ambalaj\u0131nda herhangi bir a\u00e7\u0131k ay\u0131p g\u00f6r\u00fclmesi halinde durumu derhal tutanak alt\u0131na almakla m\u00fckelleftir. Aksi halde \u00fcr\u00fcn tam ve sa\u011flam teslim edilmi\u015f kabul edilecektir.<br \/>\n5. Teslimattan \u00f6nce \u00fcr\u00fcn bedeli vergi ve saire dahil olmak \u00fczere SATICI&#8217;ya \u00f6denmedi\u011fi, takdirde, SATICI tek tarafl\u0131 olarak s\u00f6zle\u015fmeyi fesih edebilir veyahut Bor\u00e7lar Kanunu\u2019nda veya T\u00fcketicinin Korunmas\u0131 Hakk\u0131nda Kanundan kaynakl\u0131 haklar\u0131n\u0131 kullanabilir.<br \/>\n6. \u00dcr\u00fcn&#8217;\u00fcn normal sat\u0131\u015f\/teslimat ko\u015fullar\u0131 d\u0131\u015f\u0131nda ola\u011fan\u00fcst\u00fc durumlar (say\u0131lanlarla s\u0131n\u0131rl\u0131 olmamak \u00fczere \u00fcretimin m\u00fccbir sebeplerle durmas\u0131, ithalat ve ihracat s\u0131n\u0131rlamalar\u0131, h\u00fck\u00fcmet kararlar\u0131, hava muhalefeti, yo\u011fun trafik, deprem, sel, yang\u0131n gibi olumsuz hava ko\u015fullar\u0131 ve benzeri) nedeni ile yasal 30 g\u00fcnl\u00fck s\u00fcre zarf\u0131nda teslim edilememesi ve gecikmenin 10 g\u00fcn\u00fc a\u015fmas\u0131 s\u00f6z konusu ise, SATICI teslimat ile ilgili olarak ALICI&#8217;y\u0131 bilgilendirir. Bu durumda ALICI sipari\u015fi iptal edebilir, benzer bir \u00fcr\u00fcn sipari\u015f edebilir veya m\u00fccbir sebepler son bulana dek teslimat\u0131 bekleyebilir.<br \/>\n7. Sipari\u015fin iptal edilmesi halinde bedeller SATICI taraf\u0131ndan tahsil edilmi\u015f ise 7 g\u00fcn i\u00e7inde ALICI&#8217;ya iade edilir. Kredi kartl\u0131 \u00f6demelerde iade i\u015flemi de ALICI kredi kart\u0131na iade sureti ile yap\u0131l\u0131r ve \u00dcr\u00fcn bedeli, sipari\u015fin ALICI taraf\u0131ndan iptali m\u00fcteakiben 7 g\u00fcn i\u00e7erisinde ilgili bankaya yap\u0131l\u0131r.<br \/>\n8. SATICI, hakl\u0131 sebeplere istinaden \u00dcr\u00fcn\u00fcn \u00fcretilemeyece\u011fini\/tedarik edilemeyece\u011fini tespit etmesi halinde ALICIYI derhal bilgilendirmek ve verece\u011fi yaz\u0131l\u0131 onay ile ayn\u0131 kalitede farkl\u0131 bir \u00fcr\u00fcnle de\u011fi\u015ftirmek hakk\u0131n\u0131 haizdir.<br \/>\nMADDE 3. YETK\u0130L\u0130 MAHKEME<br \/>\nBu S\u00f6zle\u015fme&#8217;den ve\/veya uygulanmas\u0131ndan do\u011fabilecek hert\u00fcrl\u00fc uyu\u015fmazl\u0131\u011f\u0131n \u00e7\u00f6z\u00fcm\u00fcnde SATICI kay\u0131tlar\u0131 (yaz\u0131l\u0131, i\u015fitsel, dijital) ve taraflar aras\u0131nda teati edilecek e-posta yaz\u0131\u015fmalar\u0131 kesin delil olu\u015fturur; T.C. Sanayi ve Ticaret Bakanl\u0131\u011f\u0131nca her y\u0131l Aral\u0131k ay\u0131nda belirlenen parasal s\u0131n\u0131rlar d\u00e2hilinde T\u00fcketici Hakem Heyetleri, a\u015fan durumlarda ALICI&#8217;n\u0131n ve SATICI&#8217;n\u0131n yerle\u015fim yerindeki T\u00fcketici Mahkemeleri ve \u0130cra M\u00fcd\u00fcrl\u00fckleri yetkilidir.<br \/>\nALICI S\u00f6zle\u015fmede yaz\u0131l\u0131 \u015fartlar\u0131 okudu\u011funu ve onaylad\u0131\u011f\u0131n\u0131, \u00dcr\u00fcn\/lerin temel nitelikleri, sat\u0131\u015f fiyat\u0131, \u00f6deme \u015fekli, teslimat ko\u015fullar\u0131 vs. sat\u0131\u015fa konu \u00dcr\u00fcn ile ilgili t\u00fcm \u00f6n bilgiler ve cayma hakk\u0131 konusunda \u00f6nceden bilgi sahibi oldu\u011funu, \u00f6n bilgilerin ve sipari\u015f ayr\u0131nt\u0131lar\u0131n\u0131n (\u00f6deme, \u00fcr\u00fcnler, vb\u2026) elektronik postas\u0131na g\u00f6nderildi\u011fini, b\u00f6ylece t\u00fcm bunlara elektronik ortamda teyit-onay vererek \u00fcr\u00fcn\u00fc sipari\u015f ve i\u015fbu S\u00f6zle\u015fme h\u00fck\u00fcmlerini kabul etti\u011fini beyan eder.<br \/>\nSATICI<br \/>\nSa\u011fl\u0131kta Ya\u015fam G\u0131da \u00dcr\u00fcnleri Turizm San. Ve Tic. Ltd. \u015eti.<br \/>\nALICI[\/vc_column_text][\/vc_column][\/vc_row]<\/p>\n<\/div>","protected":false},"excerpt":{"rendered":"<p>[vc_row][vc_column][vc_column_text]\u00d6N B\u0130LG\u0130LEND\u0130RME FORMU 1) S\u00f6zle\u015fme konusu mal veya hizmetin ad\u0131, adeti, KDV dahil sat\u0131\u015f fiyat\u0131, \u00f6deme \u015fekli ve k\u0131saca temel nitelikleri al\u0131\u015fveri\u015fi sonland\u0131r\u0131l\u0131rken sepette \u00fcr\u00fcn, adet, birim fiyat ve toplam bedel olarak KDV dahil \u015fekilde yer alacakt\u0131r. \u00d6demeler Kredi Kart\u0131 [&hellip;]<\/p>\n","protected":false},"author":1,"featured_media":0,"parent":0,"menu_order":0,"comment_status":"closed","ping_status":"closed","template":"","meta":{"footnotes":""},"_links":{"self":[{"href":"https:\/\/conceptteam.org\/tr\/wp-json\/wp\/v2\/pages\/5039"}],"collection":[{"href":"https:\/\/conceptteam.org\/tr\/wp-json\/wp\/v2\/pages"}],"about":[{"href":"https:\/\/conceptteam.org\/tr\/wp-json\/wp\/v2\/types\/page"}],"author":[{"embeddable":true,"href":"https:\/\/conceptteam.org\/tr\/wp-json\/wp\/v2\/users\/1"}],"replies":[{"embeddable":true,"href":"https:\/\/conceptteam.org\/tr\/wp-json\/wp\/v2\/comments?post=5039"}],"version-history":[{"count":1,"href":"https:\/\/conceptteam.org\/tr\/wp-json\/wp\/v2\/pages\/5039\/revisions"}],"predecessor-version":[{"id":5042,"href":"https:\/\/conceptteam.org\/tr\/wp-json\/wp\/v2\/pages\/5039\/revisions\/5042"}],"wp:attachment":[{"href":"https:\/\/conceptteam.org\/tr\/wp-json\/wp\/v2\/media?parent=5039"}],"curies":[{"name":"wp","href":"https:\/\/api.w.org\/{rel}","templated":true}]}}