{"id":5064,"date":"2020-07-24T11:15:27","date_gmt":"2020-07-24T11:15:27","guid":{"rendered":"https:\/\/conceptteam.org\/delivery-and-returns\/"},"modified":"2020-07-24T11:17:13","modified_gmt":"2020-07-24T11:17:13","slug":"teslimat-ve-iade","status":"publish","type":"page","link":"https:\/\/conceptteam.org\/tr\/teslimat-ve-iade\/","title":{"rendered":"TESL\u0130MAT &#038; \u0130ADE"},"content":{"rendered":"<div class=\"wpb-content-wrapper\"><p>[vc_row][vc_column][vc_column_text]<strong>TESL\u0130MAT<\/strong><\/p>\n<p>\u0130nternet sitesi \u00fczerinden verilen sipari\u015fler se\u00e7ilen \u00fcr\u00fcn\u00fcn haz\u0131rlama s\u00fcresine g\u00f6re 2 veya 3 i\u015f g\u00fcn\u00fc i\u00e7erisinde teslim edilecektir.<\/p>\n<p><strong>\u0130ADE<\/strong><\/p>\n<p>6502 say\u0131l\u0131 T\u00fcketicilerin Korunmas\u0131 Hakk\u0131ndaki Kanun (\u201cKanun\u201d) ve Mesafeli S\u00f6zle\u015fmeler Y\u00f6netmeli\u011fi (\u201cY\u00f6netmelik\u201d)<\/p>\n<p><strong>CAYMA HAKKI ve \u00dcR\u00dcN \u0130ADES\u0130<\/strong><\/p>\n<p>\u0130NTERNET S\u0130TES\u0130 arac\u0131l\u0131\u011f\u0131yla verilen sipari\u015flerde, e\u011fer ALICI sipari\u015fte belirtilen teslimat adresinde bulunmaz ise sipari\u015f etmi\u015f oldu\u011fu \u00dcR\u00dcN(LER) teslimat adresi haricinde ba\u015fka bir adrese teslim edilmeyecektir. Bu durum \u00e7er\u00e7evesinde ALICI kendisinin bulunmad\u0131\u011f\u0131 bir adrese sipari\u015f etti\u011fi \u00dcR\u00dcN(LER) i\u00e7in do\u011facak kanuni y\u00fck\u00fcml\u00fcl\u00fckleri kabul etmek durumundad\u0131r.<\/p>\n<p>Y\u00f6netmelik\u2019in 15\u2019inci maddesi gere\u011fince ALICI, \u0130NTERNET S\u0130TES\u0130\u2019nden sipari\u015f etti\u011fi \u00dcR\u00dcN(LER) i\u00e7in cayma hakk\u0131n\u0131 kullanamaz ve \u00fcr\u00fcn iadesi yapamaz.[\/vc_column_text][\/vc_column][\/vc_row]<\/p>\n<\/div>","protected":false},"excerpt":{"rendered":"<p>[vc_row][vc_column][vc_column_text]TESL\u0130MAT \u0130nternet sitesi \u00fczerinden verilen sipari\u015fler se\u00e7ilen \u00fcr\u00fcn\u00fcn haz\u0131rlama s\u00fcresine g\u00f6re 2 veya 3 i\u015f g\u00fcn\u00fc i\u00e7erisinde teslim edilecektir. \u0130ADE 6502 say\u0131l\u0131 T\u00fcketicilerin Korunmas\u0131 Hakk\u0131ndaki Kanun (\u201cKanun\u201d) ve Mesafeli S\u00f6zle\u015fmeler Y\u00f6netmeli\u011fi (\u201cY\u00f6netmelik\u201d) CAYMA HAKKI ve \u00dcR\u00dcN \u0130ADES\u0130 \u0130NTERNET S\u0130TES\u0130 arac\u0131l\u0131\u011f\u0131yla [&hellip;]<\/p>\n","protected":false},"author":1,"featured_media":0,"parent":0,"menu_order":0,"comment_status":"closed","ping_status":"closed","template":"","meta":{"footnotes":""},"_links":{"self":[{"href":"https:\/\/conceptteam.org\/tr\/wp-json\/wp\/v2\/pages\/5064"}],"collection":[{"href":"https:\/\/conceptteam.org\/tr\/wp-json\/wp\/v2\/pages"}],"about":[{"href":"https:\/\/conceptteam.org\/tr\/wp-json\/wp\/v2\/types\/page"}],"author":[{"embeddable":true,"href":"https:\/\/conceptteam.org\/tr\/wp-json\/wp\/v2\/users\/1"}],"replies":[{"embeddable":true,"href":"https:\/\/conceptteam.org\/tr\/wp-json\/wp\/v2\/comments?post=5064"}],"version-history":[{"count":1,"href":"https:\/\/conceptteam.org\/tr\/wp-json\/wp\/v2\/pages\/5064\/revisions"}],"predecessor-version":[{"id":5065,"href":"https:\/\/conceptteam.org\/tr\/wp-json\/wp\/v2\/pages\/5064\/revisions\/5065"}],"wp:attachment":[{"href":"https:\/\/conceptteam.org\/tr\/wp-json\/wp\/v2\/media?parent=5064"}],"curies":[{"name":"wp","href":"https:\/\/api.w.org\/{rel}","templated":true}]}}