{"id":5219,"date":"2020-10-07T22:16:16","date_gmt":"2020-10-07T22:16:16","guid":{"rendered":"https:\/\/conceptteam.org\/online-food-shopping\/"},"modified":"2020-10-07T22:40:35","modified_gmt":"2020-10-07T22:40:35","slug":"online-yemek-siparisi","status":"publish","type":"page","link":"https:\/\/conceptteam.org\/tr\/online-yemek-siparisi\/","title":{"rendered":"ONLINE YEMEK S\u0130PAR\u0130\u015e\u0130"},"content":{"rendered":"<div class=\"wpb-content-wrapper\"><p>[vc_row content_placement=&#8221;top&#8221; enable_parallax_background_elements=&#8221;yes&#8221; right_parallax_background_element=&#8221;3651&#8243;][vc_column][vc_row_inner content_placement=&#8221;middle&#8221; row_content_width=&#8221;grid&#8221; css=&#8221;.vc_custom_1535380918653{padding-bottom: 40px !important;}&#8221;][vc_column_inner offset=&#8221;vc_col-lg-6 vc_col-md-12&#8243;]<div class=\"mkdf-section-title-holder  mkdf-st-standard mkdf-st-title-left mkdf-st-normal-space \" style=\"padding:0 0 15% 0;text-align: left\">\n\t<div class=\"mkdf-st-inner\">\n\t\t\t\t\t<h3 class=\"mkdf-st-title\" >\n\t\t\t\tONLINE YEMEK S\u0130PAR\u0130\u015e\u0130<br \/> &amp; PAKET SERV\u0130S\t\t\t<\/h3>\n\t\t    <span class=\"mkdf-st-line\" style=\"margin: 40px 8% 0 8%; height: 120px\"><\/span>\n    <div class=\"mkdf-st-text\" style=\"margin-top: 40px;padding-right: 40px\">\n        <strong>Online yemek sipari\u015finizi verin, yeme\u011finizi kap\u0131n\u0131za kadar teslim edelim!<\/strong><\/p>\n<p>Online yemek sipari\u015f ve teslimat hizmetimiz -pi\u015firmeye haz\u0131r burgerler ve sosislerden, haz\u0131r pi\u015fmi\u015f b\u00f6rekler ve keklere kadar \u00f6zel Concept Team \u00fcr\u00fcnlerini i\u00e7erir.<\/p>\n<p>\u201cEvdeki \u015eef\u201d, \u201c\u0130ster Pi\u015fmemi\u015f&#8221; ve \u201c\u0130ster Pi\u015fmi\u015f\u201d kategorilerimizden size \u00f6zel haz\u0131rlad\u0131\u011f\u0131m\u0131z \u00fcr\u00fcnleri inceleyebilirsiniz.<\/p>\n<p><strong>Teslimat sadece \u0130stanbul i\u00e7i yap\u0131lmaktad\u0131r.<\/strong><br \/>\n<strong>L\u00fctfen planlad\u0131\u011f\u0131n\u0131z teslim tarihinden en az 3 g\u00fcn \u00f6nce sipari\u015f veriniz.<\/strong>    <\/div>\n\t<\/div>\n<\/div>[\/vc_column_inner][vc_column_inner offset=&#8221;vc_col-lg-6 vc_col-md-12&#8243; css=&#8221;.vc_custom_1535446084271{padding-right: 0px !important;padding-left: 0px !important;}&#8221;]<div class=\"mkdf-single-image-holder    \" >\n    <div class=\"mkdf-si-inner\" >\n                                    <img loading=\"lazy\" decoding=\"async\" width=\"1600\" height=\"1067\" src=\"https:\/\/conceptteam.org\/wp-content\/uploads\/2020\/10\/online-food-order.jpg\" class=\"attachment-full size-full\" alt=\"\" srcset=\"https:\/\/conceptteam.org\/wp-content\/uploads\/2020\/10\/online-food-order.jpg 1600w, https:\/\/conceptteam.org\/wp-content\/uploads\/2020\/10\/online-food-order-300x200.jpg 300w, https:\/\/conceptteam.org\/wp-content\/uploads\/2020\/10\/online-food-order-1024x683.jpg 1024w, https:\/\/conceptteam.org\/wp-content\/uploads\/2020\/10\/online-food-order-768x512.jpg 768w, https:\/\/conceptteam.org\/wp-content\/uploads\/2020\/10\/online-food-order-1536x1024.jpg 1536w, https:\/\/conceptteam.org\/wp-content\/uploads\/2020\/10\/online-food-order-600x400.jpg 600w\" sizes=\"(max-width: 1600px) 100vw, 1600px\" \/>                        <\/div>\n<\/div>[\/vc_column_inner][\/vc_row_inner][\/vc_column][\/vc_row][vc_row content_placement=&#8221;middle&#8221; css=&#8221;.vc_custom_1602107197647{margin-top: 30px !important;}&#8221;][vc_column width=&#8221;1\/3&#8243; css=&#8221;.vc_custom_1602104991096{padding-right: 0px !important;padding-left: 0px !important;background-color: #f2f1ec !important;}&#8221;]<div class=\"mkdf-section-title-holder  mkdf-st-standard mkdf-st-title-left mkdf-st-normal-space \" style=\"text-align: center\">\n\t<div class=\"mkdf-st-inner\">\n\t\t\t\t\t<h4 class=\"mkdf-st-title\" >\n\t\t\t\tEVDEK\u0130<br \/> \u015eEF\t\t\t<\/h4>\n\t\t    <span class=\"mkdf-st-line\" ><\/span>\n    <div class=\"mkdf-st-text\" >\n        \n<p style=\"text-align: center;\">Pi\u015fmeye Haz\u0131r<\/p>\n<p style=\"text-align: center;\">Yemek Kutular\u0131<\/p>\n<p style=\"text-align: center;\">Burgerler &amp; Sosisler<\/p>\n<p style=\"text-align: center;\"><a itemprop=\"url\" href=\"https:\/\/conceptteam.org\/tr\/urun-kategori\/evdeki-sef\/\" target=\"_self\"  class=\"mkdf-btn mkdf-btn-medium mkdf-btn-simple\"  >\n\t        <span class=\"mkdf-btn-line\" ><\/span>\n\t    <span class=\"mkdf-btn-text\">\u00dcR\u00dcNLER\u0130 G\u00d6STER<\/span>\n    <i class=\"mkdf-icon-font-awesome  \" ><\/i><\/a><\/p>\n    <\/div>\n\t<\/div>\n<\/div>[\/vc_column][vc_column width=&#8221;1\/3&#8243; css=&#8221;.vc_custom_1602105034426{padding-right: 0px !important;padding-left: 0px !important;background-color: #f5f7f8 !important;}&#8221;]<div class=\"mkdf-section-title-holder  mkdf-st-standard mkdf-st-title-left mkdf-st-normal-space \" style=\"text-align: center\">\n\t<div class=\"mkdf-st-inner\">\n\t\t\t\t\t<h4 class=\"mkdf-st-title\" >\n\t\t\t\t\u0130STER<br \/> P\u0130\u015eMEM\u0130\u015e\t\t\t<\/h4>\n\t\t    <span class=\"mkdf-st-line\" ><\/span>\n    <div class=\"mkdf-st-text\" >\n        \n<p style=\"text-align: center;\">Etler<\/p>\n<p style=\"text-align: center;\">B\u00f6rekler<\/p>\n<p style=\"text-align: center;\">Ve Daha Fazlas\u0131&#8230;<\/p>\n<p style=\"text-align: center;\"><a itemprop=\"url\" href=\"https:\/\/conceptteam.org\/tr\/urun-kategori\/ister-pismemis\/\" target=\"_self\"  class=\"mkdf-btn mkdf-btn-medium mkdf-btn-simple\"  >\n\t        <span class=\"mkdf-btn-line\" ><\/span>\n\t    <span class=\"mkdf-btn-text\">\u00dcR\u00dcNLER\u0130 G\u00d6STER<\/span>\n    <i class=\"mkdf-icon-font-awesome  \" ><\/i><\/a><\/p>\n    <\/div>\n\t<\/div>\n<\/div>[\/vc_column][vc_column width=&#8221;1\/3&#8243; css=&#8221;.vc_custom_1602105060816{padding-right: 0px !important;padding-left: 0px !important;background-color: #f2f1ec !important;}&#8221;]<div class=\"mkdf-section-title-holder  mkdf-st-standard mkdf-st-title-left mkdf-st-normal-space \" style=\"text-align: center\">\n\t<div class=\"mkdf-st-inner\">\n\t\t\t\t\t<h4 class=\"mkdf-st-title\" >\n\t\t\t\t\u0130STER<br \/> P\u0130\u015eM\u0130\u015e\t\t\t<\/h4>\n\t\t    <span class=\"mkdf-st-line\" ><\/span>\n    <div class=\"mkdf-st-text\" >\n        \n<p style=\"text-align: center;\">\u00d6zel Soslar<\/p>\n<p style=\"text-align: center;\">B\u00f6rekler &amp; Kekler<\/p>\n<p style=\"text-align: center;\">Haz\u0131r Pi\u015fmi\u015f Etler<\/p>\n<p style=\"text-align: center;\"><a itemprop=\"url\" href=\"https:\/\/conceptteam.org\/tr\/urun-kategori\/ister-pismis\/\" target=\"_self\"  class=\"mkdf-btn mkdf-btn-medium mkdf-btn-simple\"  >\n\t        <span class=\"mkdf-btn-line\" ><\/span>\n\t    <span class=\"mkdf-btn-text\">\u00dcR\u00dcNLER\u0130 G\u00d6STER<\/span>\n    <i class=\"mkdf-icon-font-awesome  \" ><\/i><\/a><\/p>\n    <\/div>\n\t<\/div>\n<\/div>[\/vc_column][\/vc_row][vc_row css=&#8221;.vc_custom_1602106499164{margin-top: 30px !important;}&#8221;][vc_column]<div class=\"mkdf-plc-holder mkdf-standard-layout mkdf-normal-space mkdf-plc-nav-default-skin mkdf-plc-pag-bellow-slider mkdf-plc-pag-default-skin\">\n\t<div class=\"mkdf-plc-outer mkdf-owl-slider\" data-number-of-items=\"3\" data-enable-loop=\"yes\" data-enable-autoplay=\"yes\" data-slider-speed=\"5000\" data-slider-speed-animation=\"600\" data-enable-navigation=\"yes\" data-enable-pagination=\"no\">\n\t\t\t\t\t<div class=\"mkdf-plc-item\">\n\t\t\t\t<div class=\"mkdf-plc-image-outer\">\n\t\t\t\t\t<div class=\"mkdf-plc-image\">\n\t\t\t\t\t\t\n<img loading=\"lazy\" decoding=\"async\" width=\"600\" height=\"600\" src=\"https:\/\/conceptteam.org\/wp-content\/uploads\/2020\/06\/burger-box.jpg\" class=\"attachment-woocommerce_single size-woocommerce_single wp-post-image\" alt=\"\" srcset=\"https:\/\/conceptteam.org\/wp-content\/uploads\/2020\/06\/burger-box.jpg 600w, https:\/\/conceptteam.org\/wp-content\/uploads\/2020\/06\/burger-box-300x300.jpg 300w, https:\/\/conceptteam.org\/wp-content\/uploads\/2020\/06\/burger-box-150x150.jpg 150w, https:\/\/conceptteam.org\/wp-content\/uploads\/2020\/06\/burger-box-100x100.jpg 100w\" sizes=\"(max-width: 600px) 100vw, 600px\" \/>\t\t\t\t\t<\/div>\n\t\t\t\t\t<div class=\"mkdf-plc-text\" >\n\t\t\t\t\t\t<div class=\"mkdf-plc-text-outer\">\n\t\t\t\t\t\t\t<div class=\"mkdf-plc-text-inner\">\n\t\t\t\t\t\t\t\t    <h4 itemprop=\"name\" class=\"entry-title mkdf-plc-title\" >\n\t\t<a itemprop=\"url\" href=\"https:\/\/conceptteam.org\/tr\/product\/burger-box\/\">Burger Box<\/a>\n\t<\/h4>\n\t\t\t\t\t\t\t\t\n\t\t\t\t\t\t\t\t\t\t\t\t\t\t\t\t\n\t\t\t\t\t\t\t\t\t\t\t\t\t\t\t\t\n\t\t\t\t\t\t\t\t\t\t\t\t\t\t\t\t\n\t\t\t\t\t\t\t\t\t<div class=\"mkdf-plc-price\"><span class=\"woocommerce-Price-amount amount\"><span class=\"woocommerce-Price-currencySymbol\">&#8378;<\/span>160<\/span><\/div>\n\t\t\t\t\t\t\t\t\n\t\t\t\t\t\t\t\t\t\n\t<div class=\"mkdf-plc-add-to-cart mkdf-default-skin\">\n\t\t<a rel=\"nofollow\" href=\"?add-to-cart=4953\" data-quantity=\"1\" data-product_id=\"4953\" data-product_sku=\"CTE001\" class=\"button add_to_cart_button ajax_add_to_cart mkdf-button\">Sepete Ekle<\/a>\t<\/div>\n\t\t\t\t\t\t\t<\/div>\n\t\t\t\t\t\t<\/div>\n\t\t\t\t\t<\/div>\n\t\t\t\t\t<a class=\"mkdf-plc-link\" itemprop=\"url\" href=\"https:\/\/conceptteam.org\/tr\/product\/burger-box\/\" title=\"Burger Box\"><\/a>\n\t\t\t\t<\/div>\n\t\t\t<\/div>\n\t\t\t\t\t<div class=\"mkdf-plc-item\">\n\t\t\t\t<div class=\"mkdf-plc-image-outer\">\n\t\t\t\t\t<div class=\"mkdf-plc-image\">\n\t\t\t\t\t\t\n<img loading=\"lazy\" decoding=\"async\" width=\"600\" height=\"600\" src=\"https:\/\/conceptteam.org\/wp-content\/uploads\/2020\/08\/sausage-box-2.jpg\" class=\"attachment-woocommerce_single size-woocommerce_single wp-post-image\" alt=\"\" srcset=\"https:\/\/conceptteam.org\/wp-content\/uploads\/2020\/08\/sausage-box-2.jpg 600w, https:\/\/conceptteam.org\/wp-content\/uploads\/2020\/08\/sausage-box-2-300x300.jpg 300w, https:\/\/conceptteam.org\/wp-content\/uploads\/2020\/08\/sausage-box-2-150x150.jpg 150w, https:\/\/conceptteam.org\/wp-content\/uploads\/2020\/08\/sausage-box-2-100x100.jpg 100w\" sizes=\"(max-width: 600px) 100vw, 600px\" \/>\t\t\t\t\t<\/div>\n\t\t\t\t\t<div class=\"mkdf-plc-text\" >\n\t\t\t\t\t\t<div class=\"mkdf-plc-text-outer\">\n\t\t\t\t\t\t\t<div class=\"mkdf-plc-text-inner\">\n\t\t\t\t\t\t\t\t    <h4 itemprop=\"name\" class=\"entry-title mkdf-plc-title\" >\n\t\t<a itemprop=\"url\" href=\"https:\/\/conceptteam.org\/tr\/product\/sosis-box\/\">Sosis Box<\/a>\n\t<\/h4>\n\t\t\t\t\t\t\t\t\n\t\t\t\t\t\t\t\t\t\t\t\t\t\t\t\t\n\t\t\t\t\t\t\t\t\t\t\t\t\t\t\t\t\n\t\t\t\t\t\t\t\t\t\t\t\t\t\t\t\t\n\t\t\t\t\t\t\t\t\t<div class=\"mkdf-plc-price\"><span class=\"woocommerce-Price-amount amount\"><span class=\"woocommerce-Price-currencySymbol\">&#8378;<\/span>150<\/span><\/div>\n\t\t\t\t\t\t\t\t\n\t\t\t\t\t\t\t\t\t\n\t<div class=\"mkdf-plc-add-to-cart mkdf-default-skin\">\n\t\t<a rel=\"nofollow\" href=\"?add-to-cart=4952\" data-quantity=\"1\" data-product_id=\"4952\" data-product_sku=\"CTE002\" class=\"button add_to_cart_button ajax_add_to_cart mkdf-button\">Sepete Ekle<\/a>\t<\/div>\n\t\t\t\t\t\t\t<\/div>\n\t\t\t\t\t\t<\/div>\n\t\t\t\t\t<\/div>\n\t\t\t\t\t<a class=\"mkdf-plc-link\" itemprop=\"url\" href=\"https:\/\/conceptteam.org\/tr\/product\/sosis-box\/\" title=\"Sosis Box\"><\/a>\n\t\t\t\t<\/div>\n\t\t\t<\/div>\n\t\t\t\t\t<div class=\"mkdf-plc-item\">\n\t\t\t\t<div class=\"mkdf-plc-image-outer\">\n\t\t\t\t\t<div class=\"mkdf-plc-image\">\n\t\t\t\t\t\t\n<img loading=\"lazy\" decoding=\"async\" width=\"600\" height=\"600\" src=\"https:\/\/conceptteam.org\/wp-content\/uploads\/2020\/06\/bbq-box.jpg\" class=\"attachment-woocommerce_single size-woocommerce_single wp-post-image\" alt=\"\" srcset=\"https:\/\/conceptteam.org\/wp-content\/uploads\/2020\/06\/bbq-box.jpg 600w, https:\/\/conceptteam.org\/wp-content\/uploads\/2020\/06\/bbq-box-300x300.jpg 300w, https:\/\/conceptteam.org\/wp-content\/uploads\/2020\/06\/bbq-box-150x150.jpg 150w, https:\/\/conceptteam.org\/wp-content\/uploads\/2020\/06\/bbq-box-100x100.jpg 100w\" sizes=\"(max-width: 600px) 100vw, 600px\" \/>\t\t\t\t\t<\/div>\n\t\t\t\t\t<div class=\"mkdf-plc-text\" >\n\t\t\t\t\t\t<div class=\"mkdf-plc-text-outer\">\n\t\t\t\t\t\t\t<div class=\"mkdf-plc-text-inner\">\n\t\t\t\t\t\t\t\t    <h4 itemprop=\"name\" class=\"entry-title mkdf-plc-title\" >\n\t\t<a itemprop=\"url\" href=\"https:\/\/conceptteam.org\/tr\/product\/bbq-box\/\">BBQ Box<\/a>\n\t<\/h4>\n\t\t\t\t\t\t\t\t\n\t\t\t\t\t\t\t\t\t\t\t\t\t\t\t\t\n\t\t\t\t\t\t\t\t\t\t\t\t\t\t\t\t\n\t\t\t\t\t\t\t\t\t\t\t\t\t\t\t\t\n\t\t\t\t\t\t\t\t\t<div class=\"mkdf-plc-price\"><span class=\"woocommerce-Price-amount amount\"><span class=\"woocommerce-Price-currencySymbol\">&#8378;<\/span>250<\/span><\/div>\n\t\t\t\t\t\t\t\t\n\t\t\t\t\t\t\t\t\t\n\t<div class=\"mkdf-plc-add-to-cart mkdf-default-skin\">\n\t\t<a rel=\"nofollow\" href=\"?add-to-cart=4951\" data-quantity=\"1\" data-product_id=\"4951\" data-product_sku=\"CTE003\" class=\"button add_to_cart_button ajax_add_to_cart mkdf-button\">Sepete Ekle<\/a>\t<\/div>\n\t\t\t\t\t\t\t<\/div>\n\t\t\t\t\t\t<\/div>\n\t\t\t\t\t<\/div>\n\t\t\t\t\t<a class=\"mkdf-plc-link\" itemprop=\"url\" href=\"https:\/\/conceptteam.org\/tr\/product\/bbq-box\/\" title=\"BBQ Box\"><\/a>\n\t\t\t\t<\/div>\n\t\t\t<\/div>\n\t\t\t\t\t<div class=\"mkdf-plc-item\">\n\t\t\t\t<div class=\"mkdf-plc-image-outer\">\n\t\t\t\t\t<div class=\"mkdf-plc-image\">\n\t\t\t\t\t\t\n<img loading=\"lazy\" decoding=\"async\" width=\"600\" height=\"600\" src=\"https:\/\/conceptteam.org\/wp-content\/uploads\/2020\/06\/tandoori-box.jpg\" class=\"attachment-woocommerce_single size-woocommerce_single wp-post-image\" alt=\"\" srcset=\"https:\/\/conceptteam.org\/wp-content\/uploads\/2020\/06\/tandoori-box.jpg 600w, https:\/\/conceptteam.org\/wp-content\/uploads\/2020\/06\/tandoori-box-300x300.jpg 300w, https:\/\/conceptteam.org\/wp-content\/uploads\/2020\/06\/tandoori-box-150x150.jpg 150w, https:\/\/conceptteam.org\/wp-content\/uploads\/2020\/06\/tandoori-box-100x100.jpg 100w\" sizes=\"(max-width: 600px) 100vw, 600px\" \/>\t\t\t\t\t<\/div>\n\t\t\t\t\t<div class=\"mkdf-plc-text\" >\n\t\t\t\t\t\t<div class=\"mkdf-plc-text-outer\">\n\t\t\t\t\t\t\t<div class=\"mkdf-plc-text-inner\">\n\t\t\t\t\t\t\t\t    <h4 itemprop=\"name\" class=\"entry-title mkdf-plc-title\" >\n\t\t<a itemprop=\"url\" href=\"https:\/\/conceptteam.org\/tr\/product\/kuzu-tandir\/\">Kuzu Tand\u0131r<\/a>\n\t<\/h4>\n\t\t\t\t\t\t\t\t\n\t\t\t\t\t\t\t\t\t\t\t\t\t\t\t\t\n\t\t\t\t\t\t\t\t\t\t\t\t\t\t\t\t\n\t\t\t\t\t\t\t\t\t\t\t\t\t\t\t\t\n\t\t\t\t\t\t\t\t\t<div class=\"mkdf-plc-price\"><span class=\"woocommerce-Price-amount amount\"><span class=\"woocommerce-Price-currencySymbol\">&#8378;<\/span>350<\/span><\/div>\n\t\t\t\t\t\t\t\t\n\t\t\t\t\t\t\t\t\t\n\t<div class=\"mkdf-plc-add-to-cart mkdf-default-skin\">\n\t\t<a rel=\"nofollow\" href=\"?add-to-cart=4950\" data-quantity=\"1\" data-product_id=\"4950\" data-product_sku=\"CTE004\" class=\"button add_to_cart_button ajax_add_to_cart mkdf-button\">Sepete Ekle<\/a>\t<\/div>\n\t\t\t\t\t\t\t<\/div>\n\t\t\t\t\t\t<\/div>\n\t\t\t\t\t<\/div>\n\t\t\t\t\t<a class=\"mkdf-plc-link\" itemprop=\"url\" href=\"https:\/\/conceptteam.org\/tr\/product\/kuzu-tandir\/\" title=\"Kuzu Tand\u0131r\"><\/a>\n\t\t\t\t<\/div>\n\t\t\t<\/div>\n\t\t\t\t\t<div class=\"mkdf-plc-item\">\n\t\t\t\t<div class=\"mkdf-plc-image-outer\">\n\t\t\t\t\t<div class=\"mkdf-plc-image\">\n\t\t\t\t\t\t\n<img loading=\"lazy\" decoding=\"async\" width=\"600\" height=\"600\" src=\"https:\/\/conceptteam.org\/wp-content\/uploads\/2020\/06\/marine-roastbeef_1.jpg\" class=\"attachment-woocommerce_single size-woocommerce_single wp-post-image\" alt=\"\" srcset=\"https:\/\/conceptteam.org\/wp-content\/uploads\/2020\/06\/marine-roastbeef_1.jpg 600w, https:\/\/conceptteam.org\/wp-content\/uploads\/2020\/06\/marine-roastbeef_1-300x300.jpg 300w, https:\/\/conceptteam.org\/wp-content\/uploads\/2020\/06\/marine-roastbeef_1-100x100.jpg 100w, https:\/\/conceptteam.org\/wp-content\/uploads\/2020\/06\/marine-roastbeef_1-150x150.jpg 150w\" sizes=\"(max-width: 600px) 100vw, 600px\" \/>\t\t\t\t\t<\/div>\n\t\t\t\t\t<div class=\"mkdf-plc-text\" >\n\t\t\t\t\t\t<div class=\"mkdf-plc-text-outer\">\n\t\t\t\t\t\t\t<div class=\"mkdf-plc-text-inner\">\n\t\t\t\t\t\t\t\t    <h4 itemprop=\"name\" class=\"entry-title mkdf-plc-title\" >\n\t\t<a itemprop=\"url\" href=\"https:\/\/conceptteam.org\/tr\/product\/marinated-roast-beef\/\">Marine Roast Beef<\/a>\n\t<\/h4>\n\t\t\t\t\t\t\t\t\n\t\t\t\t\t\t\t\t\t\t\t\t\t\t\t\t\n\t\t\t\t\t\t\t\t\t\t\t\t\t\t\t\t\n\t\t\t\t\t\t\t\t\t\t\t\t\t\t\t\t\n\t\t\t\t\t\t\t\t\t<div class=\"mkdf-plc-price\"><span class=\"woocommerce-Price-amount amount\"><span class=\"woocommerce-Price-currencySymbol\">&#8378;<\/span>250<\/span><\/div>\n\t\t\t\t\t\t\t\t\n\t\t\t\t\t\t\t\t\t\n\t<div class=\"mkdf-plc-add-to-cart mkdf-default-skin\">\n\t\t<a rel=\"nofollow\" href=\"?add-to-cart=4959\" data-quantity=\"1\" data-product_id=\"4959\" data-product_sku=\"CTP003\" class=\"button add_to_cart_button ajax_add_to_cart mkdf-button\">Sepete Ekle<\/a>\t<\/div>\n\t\t\t\t\t\t\t<\/div>\n\t\t\t\t\t\t<\/div>\n\t\t\t\t\t<\/div>\n\t\t\t\t\t<a class=\"mkdf-plc-link\" itemprop=\"url\" href=\"https:\/\/conceptteam.org\/tr\/product\/marinated-roast-beef\/\" title=\"Marine Roast Beef\"><\/a>\n\t\t\t\t<\/div>\n\t\t\t<\/div>\n\t\t\t\t\t<div class=\"mkdf-plc-item\">\n\t\t\t\t<div class=\"mkdf-plc-image-outer\">\n\t\t\t\t\t<div class=\"mkdf-plc-image\">\n\t\t\t\t\t\t\n<img loading=\"lazy\" decoding=\"async\" width=\"600\" height=\"600\" src=\"https:\/\/conceptteam.org\/wp-content\/uploads\/2020\/07\/raw-sausages-2.jpg\" class=\"attachment-woocommerce_single size-woocommerce_single wp-post-image\" alt=\"\" srcset=\"https:\/\/conceptteam.org\/wp-content\/uploads\/2020\/07\/raw-sausages-2.jpg 600w, https:\/\/conceptteam.org\/wp-content\/uploads\/2020\/07\/raw-sausages-2-300x300.jpg 300w, https:\/\/conceptteam.org\/wp-content\/uploads\/2020\/07\/raw-sausages-2-150x150.jpg 150w, https:\/\/conceptteam.org\/wp-content\/uploads\/2020\/07\/raw-sausages-2-100x100.jpg 100w\" sizes=\"(max-width: 600px) 100vw, 600px\" \/>\t\t\t\t\t<\/div>\n\t\t\t\t\t<div class=\"mkdf-plc-text\" >\n\t\t\t\t\t\t<div class=\"mkdf-plc-text-outer\">\n\t\t\t\t\t\t\t<div class=\"mkdf-plc-text-inner\">\n\t\t\t\t\t\t\t\t    <h4 itemprop=\"name\" class=\"entry-title mkdf-plc-title\" >\n\t\t<a itemprop=\"url\" href=\"https:\/\/conceptteam.org\/tr\/product\/carnebella-sosis\/\">Carnebella Sosis &#8211; 5 Adet<\/a>\n\t<\/h4>\n\t\t\t\t\t\t\t\t\n\t\t\t\t\t\t\t\t\t\t\t\t\t\t\t\t\n\t\t\t\t\t\t\t\t\t\t\t\t\t\t\t\t\n\t\t\t\t\t\t\t\t\t\t\t\t\t\t\t\t\n\t\t\t\t\t\t\t\t\t<div class=\"mkdf-plc-price\"><span class=\"woocommerce-Price-amount amount\"><span class=\"woocommerce-Price-currencySymbol\">&#8378;<\/span>150<\/span><\/div>\n\t\t\t\t\t\t\t\t\n\t\t\t\t\t\t\t\t\t\n\t<div class=\"mkdf-plc-add-to-cart mkdf-default-skin\">\n\t\t<a rel=\"nofollow\" href=\"?add-to-cart=4960\" data-quantity=\"1\" data-product_id=\"4960\" data-product_sku=\"CTP002\" class=\"button add_to_cart_button ajax_add_to_cart mkdf-button\">Sepete Ekle<\/a>\t<\/div>\n\t\t\t\t\t\t\t<\/div>\n\t\t\t\t\t\t<\/div>\n\t\t\t\t\t<\/div>\n\t\t\t\t\t<a class=\"mkdf-plc-link\" itemprop=\"url\" href=\"https:\/\/conceptteam.org\/tr\/product\/carnebella-sosis\/\" title=\"Carnebella Sosis &#8211; 5 Adet\"><\/a>\n\t\t\t\t<\/div>\n\t\t\t<\/div>\n\t\t\t\t\t<div class=\"mkdf-plc-item\">\n\t\t\t\t<div class=\"mkdf-plc-image-outer\">\n\t\t\t\t\t<div class=\"mkdf-plc-image\">\n\t\t\t\t\t\t\n<img loading=\"lazy\" decoding=\"async\" width=\"600\" height=\"600\" src=\"https:\/\/conceptteam.org\/wp-content\/uploads\/2020\/06\/raw-burger.jpg\" class=\"attachment-woocommerce_single size-woocommerce_single wp-post-image\" alt=\"\" srcset=\"https:\/\/conceptteam.org\/wp-content\/uploads\/2020\/06\/raw-burger.jpg 600w, https:\/\/conceptteam.org\/wp-content\/uploads\/2020\/06\/raw-burger-300x300.jpg 300w, https:\/\/conceptteam.org\/wp-content\/uploads\/2020\/06\/raw-burger-150x150.jpg 150w, https:\/\/conceptteam.org\/wp-content\/uploads\/2020\/06\/raw-burger-100x100.jpg 100w\" sizes=\"(max-width: 600px) 100vw, 600px\" \/>\t\t\t\t\t<\/div>\n\t\t\t\t\t<div class=\"mkdf-plc-text\" >\n\t\t\t\t\t\t<div class=\"mkdf-plc-text-outer\">\n\t\t\t\t\t\t\t<div class=\"mkdf-plc-text-inner\">\n\t\t\t\t\t\t\t\t    <h4 itemprop=\"name\" class=\"entry-title mkdf-plc-title\" >\n\t\t<a itemprop=\"url\" href=\"https:\/\/conceptteam.org\/tr\/product\/bord-burger-koftesi\/\">Bord Burger K\u00f6ftesi &#8211; 2 Adet<\/a>\n\t<\/h4>\n\t\t\t\t\t\t\t\t\n\t\t\t\t\t\t\t\t\t\t\t\t\t\t\t\t\n\t\t\t\t\t\t\t\t\t\t\t\t\t\t\t\t\n\t\t\t\t\t\t\t\t\t\t\t\t\t\t\t\t\n\t\t\t\t\t\t\t\t\t<div class=\"mkdf-plc-price\"><span class=\"woocommerce-Price-amount amount\"><span class=\"woocommerce-Price-currencySymbol\">&#8378;<\/span>40<\/span><\/div>\n\t\t\t\t\t\t\t\t\n\t\t\t\t\t\t\t\t\t\n\t<div class=\"mkdf-plc-add-to-cart mkdf-default-skin\">\n\t\t<a rel=\"nofollow\" href=\"?add-to-cart=4961\" data-quantity=\"1\" data-product_id=\"4961\" data-product_sku=\"CTP001\" class=\"button add_to_cart_button ajax_add_to_cart mkdf-button\">Sepete Ekle<\/a>\t<\/div>\n\t\t\t\t\t\t\t<\/div>\n\t\t\t\t\t\t<\/div>\n\t\t\t\t\t<\/div>\n\t\t\t\t\t<a class=\"mkdf-plc-link\" itemprop=\"url\" href=\"https:\/\/conceptteam.org\/tr\/product\/bord-burger-koftesi\/\" title=\"Bord Burger K\u00f6ftesi &#8211; 2 Adet\"><\/a>\n\t\t\t\t<\/div>\n\t\t\t<\/div>\n\t\t\t\t\t<div class=\"mkdf-plc-item\">\n\t\t\t\t<div class=\"mkdf-plc-image-outer\">\n\t\t\t\t\t<div class=\"mkdf-plc-image\">\n\t\t\t\t\t\t\n<img loading=\"lazy\" decoding=\"async\" width=\"600\" height=\"638\" src=\"https:\/\/conceptteam.org\/wp-content\/uploads\/2020\/06\/ricotta-peynirli_2.jpg\" class=\"attachment-woocommerce_single size-woocommerce_single wp-post-image\" alt=\"\" srcset=\"https:\/\/conceptteam.org\/wp-content\/uploads\/2020\/06\/ricotta-peynirli_2.jpg 600w, https:\/\/conceptteam.org\/wp-content\/uploads\/2020\/06\/ricotta-peynirli_2-282x300.jpg 282w\" sizes=\"(max-width: 600px) 100vw, 600px\" \/>\t\t\t\t\t<\/div>\n\t\t\t\t\t<div class=\"mkdf-plc-text\" >\n\t\t\t\t\t\t<div class=\"mkdf-plc-text-outer\">\n\t\t\t\t\t\t\t<div class=\"mkdf-plc-text-inner\">\n\t\t\t\t\t\t\t\t    <h4 itemprop=\"name\" class=\"entry-title mkdf-plc-title\" >\n\t\t<a itemprop=\"url\" href=\"https:\/\/conceptteam.org\/tr\/product\/ricotta-peynirli-pirohu-adacayi-soslu\/\">Ricotta Peynirli Pirohu Ada\u00e7ay\u0131 Soslu<\/a>\n\t<\/h4>\n\t\t\t\t\t\t\t\t\n\t\t\t\t\t\t\t\t\t\t\t\t\t\t\t\t\n\t\t\t\t\t\t\t\t\t\t\t\t\t\t\t\t\n\t\t\t\t\t\t\t\t\t\t\t\t\t\t\t\t\n\t\t\t\t\t\t\t\t\t<div class=\"mkdf-plc-price\"><span class=\"woocommerce-Price-amount amount\"><span class=\"woocommerce-Price-currencySymbol\">&#8378;<\/span>80<\/span><\/div>\n\t\t\t\t\t\t\t\t\n\t\t\t\t\t\t\t\t\t\n\t<div class=\"mkdf-plc-add-to-cart mkdf-default-skin\">\n\t\t<a rel=\"nofollow\" href=\"?add-to-cart=4954\" data-quantity=\"1\" data-product_id=\"4954\" data-product_sku=\"CTP008\" class=\"button add_to_cart_button ajax_add_to_cart mkdf-button\">Sepete Ekle<\/a>\t<\/div>\n\t\t\t\t\t\t\t<\/div>\n\t\t\t\t\t\t<\/div>\n\t\t\t\t\t<\/div>\n\t\t\t\t\t<a class=\"mkdf-plc-link\" itemprop=\"url\" href=\"https:\/\/conceptteam.org\/tr\/product\/ricotta-peynirli-pirohu-adacayi-soslu\/\" title=\"Ricotta Peynirli Pirohu Ada\u00e7ay\u0131 Soslu\"><\/a>\n\t\t\t\t<\/div>\n\t\t\t<\/div>\n\t\t\t<\/div>\n<\/div>[\/vc_column][\/vc_row]<\/p>\n<\/div>","protected":false},"excerpt":{"rendered":"<p>[vc_row content_placement=&#8221;top&#8221; enable_parallax_background_elements=&#8221;yes&#8221; right_parallax_background_element=&#8221;3651&#8243;][vc_column][vc_row_inner content_placement=&#8221;middle&#8221; row_content_width=&#8221;grid&#8221; css=&#8221;.vc_custom_1535380918653{padding-bottom: 40px !important;}&#8221;][vc_column_inner offset=&#8221;vc_col-lg-6 vc_col-md-12&#8243;][\/vc_column_inner][vc_column_inner offset=&#8221;vc_col-lg-6 vc_col-md-12&#8243; css=&#8221;.vc_custom_1535446084271{padding-right: 0px !important;padding-left: 0px !important;}&#8221;][\/vc_column_inner][\/vc_row_inner][\/vc_column][\/vc_row][vc_row content_placement=&#8221;middle&#8221; css=&#8221;.vc_custom_1602107197647{margin-top: 30px !important;}&#8221;][vc_column width=&#8221;1\/3&#8243; css=&#8221;.vc_custom_1602104991096{padding-right: 0px !important;padding-left: 0px !important;background-color: #f2f1ec !important;}&#8221;][\/vc_column][vc_column width=&#8221;1\/3&#8243; css=&#8221;.vc_custom_1602105034426{padding-right: 0px !important;padding-left: 0px !important;background-color: #f5f7f8 !important;}&#8221;][\/vc_column][vc_column width=&#8221;1\/3&#8243; css=&#8221;.vc_custom_1602105060816{padding-right: [&hellip;]<\/p>\n","protected":false},"author":1,"featured_media":0,"parent":0,"menu_order":0,"comment_status":"closed","ping_status":"closed","template":"","meta":{"footnotes":""},"_links":{"self":[{"href":"https:\/\/conceptteam.org\/tr\/wp-json\/wp\/v2\/pages\/5219"}],"collection":[{"href":"https:\/\/conceptteam.org\/tr\/wp-json\/wp\/v2\/pages"}],"about":[{"href":"https:\/\/conceptteam.org\/tr\/wp-json\/wp\/v2\/types\/page"}],"author":[{"embeddable":true,"href":"https:\/\/conceptteam.org\/tr\/wp-json\/wp\/v2\/users\/1"}],"replies":[{"embeddable":true,"href":"https:\/\/conceptteam.org\/tr\/wp-json\/wp\/v2\/comments?post=5219"}],"version-history":[{"count":9,"href":"https:\/\/conceptteam.org\/tr\/wp-json\/wp\/v2\/pages\/5219\/revisions"}],"predecessor-version":[{"id":5228,"href":"https:\/\/conceptteam.org\/tr\/wp-json\/wp\/v2\/pages\/5219\/revisions\/5228"}],"wp:attachment":[{"href":"https:\/\/conceptteam.org\/tr\/wp-json\/wp\/v2\/media?parent=5219"}],"curies":[{"name":"wp","href":"https:\/\/api.w.org\/{rel}","templated":true}]}}