{"id":5524,"date":"2024-10-29T19:12:05","date_gmt":"2024-10-29T19:12:05","guid":{"rendered":"https:\/\/conceptteam.org\/sustainability\/"},"modified":"2024-12-11T11:22:00","modified_gmt":"2024-12-11T11:22:00","slug":"surdurulebilirlik","status":"publish","type":"page","link":"https:\/\/conceptteam.org\/tr\/surdurulebilirlik\/","title":{"rendered":"S\u00dcRD\u00dcR\u00dcLEB\u0130L\u0130RL\u0130K"},"content":{"rendered":"<div class=\"wpb-content-wrapper\"><p>[vc_row][vc_column]<div class=\"mkdf-elements-holder   mkdf-one-column  mkdf-responsive-mode-768 \" ><div class=\"mkdf-eh-item   mkdf-horizontal-alignment-center \"  data-item-class=\"mkdf-eh-custom-5199\" data-1367-1600=\"0 9% 0\" data-1025-1366=\"0 7% 0\" data-769-1024=\"0 10% 0\">\n\t<div class=\"mkdf-eh-item-inner\">\n\t\t<div class=\"mkdf-eh-item-content mkdf-eh-custom-5199\" style=\"padding: 0 13% 0\">\n\t\t\t[vc_row_inner css=&#8221;.vc_custom_1730227558809{padding-right: 12% !important;padding-bottom: 60px !important;padding-left: 12% !important;}&#8221; el_class=&#8221;mkdf-reveal-from-left&#8221;][vc_column_inner width=&#8221;1\/3&#8243;][vc_single_image image=&#8221;5539&#8243; img_size=&#8221;full&#8221; alignment=&#8221;center&#8221;][\/vc_column_inner][vc_column_inner width=&#8221;1\/3&#8243;][vc_single_image image=&#8221;5541&#8243; img_size=&#8221;full&#8221; alignment=&#8221;center&#8221;][\/vc_column_inner][vc_column_inner width=&#8221;1\/3&#8243;][vc_single_image image=&#8221;5551&#8243; img_size=&#8221;full&#8221; alignment=&#8221;center&#8221;][\/vc_column_inner][\/vc_row_inner]\t\t<\/div>\n\t<\/div>\n<\/div><\/div>[\/vc_column][\/vc_row][vc_row css=&#8221;.vc_custom_1730229007738{margin-bottom: 60px !important;}&#8221;][vc_column]<div class=\"mkdf-elements-holder   mkdf-one-column  mkdf-responsive-mode-768 \" ><div class=\"mkdf-eh-item   mkdf-horizontal-alignment-center \"  data-item-class=\"mkdf-eh-custom-9940\" data-1367-1600=\"0 9% 0\" data-1025-1366=\"0 7% 0\" data-769-1024=\"0 10% 0\">\n\t<div class=\"mkdf-eh-item-inner\">\n\t\t<div class=\"mkdf-eh-item-content mkdf-eh-custom-9940\" style=\"padding: 0 13% 0\">\n\t\t\t[vc_row_inner css=&#8221;.vc_custom_1730228397553{padding-top: 20px !important;padding-right: 12% !important;padding-bottom: 20px !important;padding-left: 12% !important;background-color: #c4dabd !important;}&#8221; el_class=&#8221;mkdf-reveal-from-left&#8221;][vc_column_inner][vc_column_text]<\/p>\n<h2 style=\"text-align: center;\">CONCEPT TEAM<\/h2>\n<h5 style=\"text-align: center;\">S\u00dcRD\u00dcR\u00dcLEB\u0130L\u0130RL\u0130K<\/h5>\n<p style=\"text-align: center;\">\u00c7ocuklar\u0131m\u0131zdan \u00f6d\u00fcn\u00e7 ald\u0131\u011f\u0131m\u0131z varl\u0131klar\u0131 onlara geri \u00f6deme \u00e7abas\u0131yla \u00e7\u0131kt\u0131\u011f\u0131m\u0131z bu yolda elimizden gelenin en iyisiyle daha ye\u015fil bir d\u00fcnya i\u00e7in \u00e7al\u0131\u015f\u0131yoruz.<\/p>\n<p style=\"text-align: center;\">At\u0131k ya\u011flar\u0131 geri d\u00f6n\u00fc\u015f\u00fcme aktar\u0131rken su kirlili\u011fini azalt\u0131yor, yenilenebilir enerji \u00fcretimine katk\u0131da bulunuyoruz.<\/p>\n<p style=\"text-align: center;\">Ka\u011f\u0131t ve cam at\u0131klar\u0131 ayr\u0131\u015ft\u0131rarak geri d\u00f6n\u00fc\u015f\u00fcme uygun hale getirilmesine \u00e7al\u0131\u015f\u0131yoruz.<\/p>\n<p style=\"text-align: center;\">Artan yiyeceklerimizi evcil dostlar\u0131m\u0131zla payla\u015farak g\u0131da ziyanin\u0131 en aza indirmeyi hedefliyoruz.<\/p>\n<p style=\"text-align: center;\">Yerel \u00fcreticilerle \u00e7al\u0131\u015f\u0131yoruz.<\/p>\n<p style=\"text-align: center;\">Misafirlerimize, \u00c7anakkale\u2019nin Zeytinya\u011f\u0131n\u0131, K\u0131rklareli\u2019nin \u015earab\u0131n\u0131, K\u00fctahya\u2019n\u0131n Peynirini, Hatay\u2019\u0131n K\u00f6mbesini sunuyoruz.<\/p>\n<p style=\"text-align: center;\">Etkinliklerimizde, Ege Orman\u2019la yapt\u0131\u011f\u0131m\u0131z i\u015fbirli\u011fi sonucu her 100 misafirimiz i\u00e7in 10 fidan dikiyoruz.<\/p>\n<p style=\"text-align: center;\">ecording ile birlikte drone teknolojisini kullanarak da\u011f tepe demeden tohum at\u0131\u015flar\u0131 yap\u0131yoruz. K\u00fcresel iklim krizine kar\u015f\u0131 bir \u00e7entik de biz at\u0131yoruz.<\/p>\n<p style=\"text-align: center;\">EcoCook\u00ae Sertifika program\u0131 ile T\u00fcrkiye\u2019nin ilk Sertifikal\u0131 Sustainable Catering firmas\u0131 olmak i\u00e7in g\u00fcn say\u0131yoruz.<\/p>\n<p style=\"text-align: center;\">Daha Ye\u015fil bir d\u00fcnyaya uyanmak \u00fcmidiyle&#8230;<\/p>\n<p style=\"text-align: center;\">#Repay<\/p>\n<p>[\/vc_column_text][vc_empty_space height=&#8221;15px&#8221;][vc_single_image image=&#8221;5511&#8243; img_size=&#8221;full&#8221; alignment=&#8221;center&#8221;][vc_empty_space height=&#8221;30px&#8221;]<a itemprop=\"url\" href=\"#\" target=\"_blank\"  class=\"mkdf-btn mkdf-btn-medium mkdf-btn-simple\"  >\n\t        <span class=\"mkdf-btn-line\" ><\/span>\n\t    <span class=\"mkdf-btn-text\">INITIAL AUDIT CERTIFICATION<\/span>\n    <\/a>[vc_empty_space height=&#8221;30px&#8221;][\/vc_column_inner][\/vc_row_inner]\t\t<\/div>\n\t<\/div>\n<\/div><\/div>[\/vc_column][\/vc_row]<\/p>\n<\/div>","protected":false},"excerpt":{"rendered":"<p>[vc_row][vc_column][\/vc_column][\/vc_row][vc_row css=&#8221;.vc_custom_1730229007738{margin-bottom: 60px !important;}&#8221;][vc_column][\/vc_column][\/vc_row]<\/p>\n","protected":false},"author":1,"featured_media":0,"parent":0,"menu_order":0,"comment_status":"closed","ping_status":"closed","template":"","meta":{"footnotes":""},"_links":{"self":[{"href":"https:\/\/conceptteam.org\/tr\/wp-json\/wp\/v2\/pages\/5524"}],"collection":[{"href":"https:\/\/conceptteam.org\/tr\/wp-json\/wp\/v2\/pages"}],"about":[{"href":"https:\/\/conceptteam.org\/tr\/wp-json\/wp\/v2\/types\/page"}],"author":[{"embeddable":true,"href":"https:\/\/conceptteam.org\/tr\/wp-json\/wp\/v2\/users\/1"}],"replies":[{"embeddable":true,"href":"https:\/\/conceptteam.org\/tr\/wp-json\/wp\/v2\/comments?post=5524"}],"version-history":[{"count":7,"href":"https:\/\/conceptteam.org\/tr\/wp-json\/wp\/v2\/pages\/5524\/revisions"}],"predecessor-version":[{"id":5554,"href":"https:\/\/conceptteam.org\/tr\/wp-json\/wp\/v2\/pages\/5524\/revisions\/5554"}],"wp:attachment":[{"href":"https:\/\/conceptteam.org\/tr\/wp-json\/wp\/v2\/media?parent=5524"}],"curies":[{"name":"wp","href":"https:\/\/api.w.org\/{rel}","templated":true}]}}