{"id":4950,"date":"2020-07-30T12:00:05","date_gmt":"2020-06-03T13:49:05","guid":{"rendered":"https:\/\/conceptteam.org\/product\/tandoori-box\/"},"modified":"2020-10-07T19:19:50","modified_gmt":"2020-10-07T19:19:50","slug":"kuzu-tandir","status":"publish","type":"product","link":"https:\/\/conceptteam.org\/tr\/product\/kuzu-tandir\/","title":{"rendered":"Kuzu Tand\u0131r"},"content":{"rendered":"","protected":false},"excerpt":{"rendered":"<p>2000 GR<br \/>\n<strong>Pi\u015fmeye Haz\u0131r<\/strong><br \/>\n<strong>***3 G\u00fcn \u00d6nce Sipari\u015f Verilmelidir***<\/strong><br \/>\n<strong>\u0130\u00e7indekiler:<\/strong> Zeytinya\u011f\u0131 ve Baharatlarla Marine edilmi\u015f Kemikli Kuzu Kol.<\/p>\n","protected":false},"featured_media":5059,"template":"","meta":[],"product_cat":[92,102],"product_tag":[],"_links":{"self":[{"href":"https:\/\/conceptteam.org\/tr\/wp-json\/wp\/v2\/product\/4950"}],"collection":[{"href":"https:\/\/conceptteam.org\/tr\/wp-json\/wp\/v2\/product"}],"about":[{"href":"https:\/\/conceptteam.org\/tr\/wp-json\/wp\/v2\/types\/product"}],"wp:featuredmedia":[{"embeddable":true,"href":"https:\/\/conceptteam.org\/tr\/wp-json\/wp\/v2\/media\/5059"}],"wp:attachment":[{"href":"https:\/\/conceptteam.org\/tr\/wp-json\/wp\/v2\/media?parent=4950"}],"wp:term":[{"taxonomy":"product_cat","embeddable":true,"href":"https:\/\/conceptteam.org\/tr\/wp-json\/wp\/v2\/product_cat?post=4950"},{"taxonomy":"product_tag","embeddable":true,"href":"https:\/\/conceptteam.org\/tr\/wp-json\/wp\/v2\/product_tag?post=4950"}],"curies":[{"name":"wp","href":"https:\/\/api.w.org\/{rel}","templated":true}]}}