{"id":4952,"date":"2020-08-24T12:00:33","date_gmt":"2020-06-03T13:40:33","guid":{"rendered":"https:\/\/conceptteam.org\/product\/sausage-box\/"},"modified":"2020-11-28T13:09:09","modified_gmt":"2020-11-28T13:09:09","slug":"sosis-box","status":"publish","type":"product","link":"https:\/\/conceptteam.org\/tr\/product\/sosis-box\/","title":{"rendered":"Sosis Box"},"content":{"rendered":"<p><strong>Carnebella Sosis \u0130\u00e7indekiler:<\/strong> %100 Dana Eti, Baharat, \u0130nek S\u00fct\u00fc, Koyun Ba\u011f\u0131rsa\u011f\u0131. Laktoz ve eser miktarda Gluten \u0130\u00e7erebilir.<br \/>\n<strong>Curry Wurst Sos:<\/strong> Curry, Baharatlar, Sebze Tozu, Domates Sos.<\/p>\n","protected":false},"excerpt":{"rendered":"<p><strong>5 Ki\u015filik<\/strong><br \/>\n<strong>Pi\u015fmeye Haz\u0131r<\/strong><br \/>\n<strong>Kutu \u0130\u00e7eri\u011fi:<\/strong> 5*150GR Carnebella Sosis, Curry Wurst Sos.<br \/>\n<strong>***3 G\u00fcn \u00d6nce Sipari\u015f Verilmelidir***<\/strong><\/p>\n","protected":false},"featured_media":5263,"template":"","meta":[],"product_cat":[93,102],"product_tag":[],"_links":{"self":[{"href":"https:\/\/conceptteam.org\/tr\/wp-json\/wp\/v2\/product\/4952"}],"collection":[{"href":"https:\/\/conceptteam.org\/tr\/wp-json\/wp\/v2\/product"}],"about":[{"href":"https:\/\/conceptteam.org\/tr\/wp-json\/wp\/v2\/types\/product"}],"wp:featuredmedia":[{"embeddable":true,"href":"https:\/\/conceptteam.org\/tr\/wp-json\/wp\/v2\/media\/5263"}],"wp:attachment":[{"href":"https:\/\/conceptteam.org\/tr\/wp-json\/wp\/v2\/media?parent=4952"}],"wp:term":[{"taxonomy":"product_cat","embeddable":true,"href":"https:\/\/conceptteam.org\/tr\/wp-json\/wp\/v2\/product_cat?post=4952"},{"taxonomy":"product_tag","embeddable":true,"href":"https:\/\/conceptteam.org\/tr\/wp-json\/wp\/v2\/product_tag?post=4952"}],"curies":[{"name":"wp","href":"https:\/\/api.w.org\/{rel}","templated":true}]}}