{"id":4953,"date":"2020-08-25T12:00:00","date_gmt":"2020-06-03T13:34:00","guid":{"rendered":"https:\/\/conceptteam.org\/product\/burger-box\/"},"modified":"2020-10-07T14:43:09","modified_gmt":"2020-10-07T14:43:09","slug":"burger-box","status":"publish","type":"product","link":"https:\/\/conceptteam.org\/tr\/product\/burger-box\/","title":{"rendered":"Burger Box"},"content":{"rendered":"<p><strong>\u0130\u00e7indekiler:<\/strong> Dana ve Kuzu Eti, Baharatlar. Gluten \u0130\u00e7erir.<\/p>\n","protected":false},"excerpt":{"rendered":"<p><strong>4 Ki\u015filik<\/strong><br \/>\n<strong>Pi\u015fmeye Haz\u0131r<\/strong><br \/>\n<strong>Kutu \u0130\u00e7eri\u011fi:<\/strong> 4*180GR Bord Burger K\u00f6fte, 4 Adet Hamburger Ekme\u011fi, Karamelize So\u011fan, Marul, Domates, Cheddar Peyniri.<br \/>\n<strong>***3 G\u00fcn \u00d6nce Sipari\u015f Verilmelidir***<\/strong><\/p>\n","protected":false},"featured_media":5054,"template":"","meta":[],"product_cat":[93,102],"product_tag":[],"_links":{"self":[{"href":"https:\/\/conceptteam.org\/tr\/wp-json\/wp\/v2\/product\/4953"}],"collection":[{"href":"https:\/\/conceptteam.org\/tr\/wp-json\/wp\/v2\/product"}],"about":[{"href":"https:\/\/conceptteam.org\/tr\/wp-json\/wp\/v2\/types\/product"}],"wp:featuredmedia":[{"embeddable":true,"href":"https:\/\/conceptteam.org\/tr\/wp-json\/wp\/v2\/media\/5054"}],"wp:attachment":[{"href":"https:\/\/conceptteam.org\/tr\/wp-json\/wp\/v2\/media?parent=4953"}],"wp:term":[{"taxonomy":"product_cat","embeddable":true,"href":"https:\/\/conceptteam.org\/tr\/wp-json\/wp\/v2\/product_cat?post=4953"},{"taxonomy":"product_tag","embeddable":true,"href":"https:\/\/conceptteam.org\/tr\/wp-json\/wp\/v2\/product_tag?post=4953"}],"curies":[{"name":"wp","href":"https:\/\/api.w.org\/{rel}","templated":true}]}}