{"id":4954,"date":"2020-07-27T12:00:10","date_gmt":"2020-06-03T13:30:10","guid":{"rendered":"https:\/\/conceptteam.org\/product\/pirohu-with-cheese\/"},"modified":"2020-10-07T19:25:27","modified_gmt":"2020-10-07T19:25:27","slug":"ricotta-peynirli-pirohu-adacayi-soslu","status":"publish","type":"product","link":"https:\/\/conceptteam.org\/tr\/product\/ricotta-peynirli-pirohu-adacayi-soslu\/","title":{"rendered":"Ricotta Peynirli Pirohu Ada\u00e7ay\u0131 Soslu"},"content":{"rendered":"","protected":false},"excerpt":{"rendered":"<p>1000 GR<br \/>\n<strong>Pi\u015fmeye Haz\u0131r<\/strong><br \/>\n<strong>***3 G\u00fcn \u00d6nce Sipari\u015f Verilmelidir***<\/strong><br \/>\n<strong>\u0130\u00e7indekiler:<\/strong> Un, Yumurta,Tuz, Su, Peynir, Ada\u00e7ay\u0131, Krema, S\u00fct. Gluten \u0130\u00e7erir. Laktoz \u0130\u00e7erir. *Vejeteryan \u00dcr\u00fcn*<\/p>\n","protected":false},"featured_media":4902,"template":"","meta":[],"product_cat":[92,102],"product_tag":[],"_links":{"self":[{"href":"https:\/\/conceptteam.org\/tr\/wp-json\/wp\/v2\/product\/4954"}],"collection":[{"href":"https:\/\/conceptteam.org\/tr\/wp-json\/wp\/v2\/product"}],"about":[{"href":"https:\/\/conceptteam.org\/tr\/wp-json\/wp\/v2\/types\/product"}],"wp:featuredmedia":[{"embeddable":true,"href":"https:\/\/conceptteam.org\/tr\/wp-json\/wp\/v2\/media\/4902"}],"wp:attachment":[{"href":"https:\/\/conceptteam.org\/tr\/wp-json\/wp\/v2\/media?parent=4954"}],"wp:term":[{"taxonomy":"product_cat","embeddable":true,"href":"https:\/\/conceptteam.org\/tr\/wp-json\/wp\/v2\/product_cat?post=4954"},{"taxonomy":"product_tag","embeddable":true,"href":"https:\/\/conceptteam.org\/tr\/wp-json\/wp\/v2\/product_tag?post=4954"}],"curies":[{"name":"wp","href":"https:\/\/api.w.org\/{rel}","templated":true}]}}