{"id":4957,"date":"2020-07-24T12:00:07","date_gmt":"2020-06-03T13:24:07","guid":{"rendered":"https:\/\/conceptteam.org\/product\/mini-pasty-with-mince\/"},"modified":"2020-10-07T19:26:01","modified_gmt":"2020-10-07T19:26:01","slug":"mini-kiymali-sigara-boregi","status":"publish","type":"product","link":"https:\/\/conceptteam.org\/tr\/product\/mini-kiymali-sigara-boregi\/","title":{"rendered":"Mini K\u0131ymal\u0131 Sigara B\u00f6re\u011fi"},"content":{"rendered":"","protected":false},"excerpt":{"rendered":"<p>500 GR<br \/>\n<strong>Pi\u015fmeye Haz\u0131r<\/strong><br \/>\n<strong>***3 G\u00fcn \u00d6nce Sipari\u015f Verilmelidir***<\/strong><br \/>\n<strong>\u0130\u00e7indekiler:<\/strong> Yufka, K\u0131yma, Kuru So\u011fan, Sar\u0131msak, S\u0131v\u0131ya\u011f, Yumurta, S\u00fct. Gluten \u0130\u00e7erir. Laktoz \u0130\u00e7erir. *Vejeteryan \u00dcr\u00fcn De\u011fildir*<\/p>\n","protected":false},"featured_media":4940,"template":"","meta":[],"product_cat":[92,102],"product_tag":[],"_links":{"self":[{"href":"https:\/\/conceptteam.org\/tr\/wp-json\/wp\/v2\/product\/4957"}],"collection":[{"href":"https:\/\/conceptteam.org\/tr\/wp-json\/wp\/v2\/product"}],"about":[{"href":"https:\/\/conceptteam.org\/tr\/wp-json\/wp\/v2\/types\/product"}],"wp:featuredmedia":[{"embeddable":true,"href":"https:\/\/conceptteam.org\/tr\/wp-json\/wp\/v2\/media\/4940"}],"wp:attachment":[{"href":"https:\/\/conceptteam.org\/tr\/wp-json\/wp\/v2\/media?parent=4957"}],"wp:term":[{"taxonomy":"product_cat","embeddable":true,"href":"https:\/\/conceptteam.org\/tr\/wp-json\/wp\/v2\/product_cat?post=4957"},{"taxonomy":"product_tag","embeddable":true,"href":"https:\/\/conceptteam.org\/tr\/wp-json\/wp\/v2\/product_tag?post=4957"}],"curies":[{"name":"wp","href":"https:\/\/api.w.org\/{rel}","templated":true}]}}