{"id":4959,"date":"2020-07-29T12:00:21","date_gmt":"2020-06-03T13:20:21","guid":{"rendered":"https:\/\/conceptteam.org\/product\/marinated-roast-beef\/"},"modified":"2020-10-07T19:24:50","modified_gmt":"2020-10-07T19:24:50","slug":"marinated-roast-beef","status":"publish","type":"product","link":"https:\/\/conceptteam.org\/tr\/product\/marinated-roast-beef\/","title":{"rendered":"Marine Roast Beef"},"content":{"rendered":"","protected":false},"excerpt":{"rendered":"<p>1000 GR<br \/>\n<strong>Pi\u015fmeye Haz\u0131r<\/strong><br \/>\n<strong>***3 G\u00fcn \u00d6nce Sipari\u015f Verilmelidir***<\/strong><br \/>\n<strong>\u0130\u00e7indekiler:<\/strong> Rozbif, Tuz, Karabiber, Kuru So\u011fan, Sar\u0131msak, Taze Kekik, Hardal, Maydanoz. Gluten \u0130\u00e7ermez. Laktoz \u0130\u00e7ermez. *Vejeteryan \u00dcr\u00fcn De\u011fildir*<\/p>\n","protected":false},"featured_media":4886,"template":"","meta":[],"product_cat":[92,102],"product_tag":[],"_links":{"self":[{"href":"https:\/\/conceptteam.org\/tr\/wp-json\/wp\/v2\/product\/4959"}],"collection":[{"href":"https:\/\/conceptteam.org\/tr\/wp-json\/wp\/v2\/product"}],"about":[{"href":"https:\/\/conceptteam.org\/tr\/wp-json\/wp\/v2\/types\/product"}],"wp:featuredmedia":[{"embeddable":true,"href":"https:\/\/conceptteam.org\/tr\/wp-json\/wp\/v2\/media\/4886"}],"wp:attachment":[{"href":"https:\/\/conceptteam.org\/tr\/wp-json\/wp\/v2\/media?parent=4959"}],"wp:term":[{"taxonomy":"product_cat","embeddable":true,"href":"https:\/\/conceptteam.org\/tr\/wp-json\/wp\/v2\/product_cat?post=4959"},{"taxonomy":"product_tag","embeddable":true,"href":"https:\/\/conceptteam.org\/tr\/wp-json\/wp\/v2\/product_tag?post=4959"}],"curies":[{"name":"wp","href":"https:\/\/api.w.org\/{rel}","templated":true}]}}