{"id":4960,"date":"2020-07-28T12:00:36","date_gmt":"2020-06-03T13:17:36","guid":{"rendered":"https:\/\/conceptteam.org\/product\/carnebella-sausage\/"},"modified":"2020-10-07T19:25:11","modified_gmt":"2020-10-07T19:25:11","slug":"carnebella-sosis","status":"publish","type":"product","link":"https:\/\/conceptteam.org\/tr\/product\/carnebella-sosis\/","title":{"rendered":"Carnebella Sosis &#8211; 5 Adet"},"content":{"rendered":"","protected":false},"excerpt":{"rendered":"<p>5 Adet<br \/>\n750 GR<br \/>\n<strong>Pi\u015fmeye Haz\u0131r<\/strong><br \/>\n<strong>***3 G\u00fcn \u00d6nce Sipari\u015f Verilmelidir***<\/strong><br \/>\n<strong>\u0130\u00e7indekiler:<\/strong> %100 Dana Eti, Baharat, \u0130nek S\u00fct\u00fc, Koyun Ba\u011f\u0131rsa\u011f\u0131. Laktoz ve eser miktarda Gluten \u0130\u00e7erebilir.<\/p>\n","protected":false},"featured_media":5261,"template":"","meta":[],"product_cat":[92,102],"product_tag":[],"_links":{"self":[{"href":"https:\/\/conceptteam.org\/tr\/wp-json\/wp\/v2\/product\/4960"}],"collection":[{"href":"https:\/\/conceptteam.org\/tr\/wp-json\/wp\/v2\/product"}],"about":[{"href":"https:\/\/conceptteam.org\/tr\/wp-json\/wp\/v2\/types\/product"}],"wp:featuredmedia":[{"embeddable":true,"href":"https:\/\/conceptteam.org\/tr\/wp-json\/wp\/v2\/media\/5261"}],"wp:attachment":[{"href":"https:\/\/conceptteam.org\/tr\/wp-json\/wp\/v2\/media?parent=4960"}],"wp:term":[{"taxonomy":"product_cat","embeddable":true,"href":"https:\/\/conceptteam.org\/tr\/wp-json\/wp\/v2\/product_cat?post=4960"},{"taxonomy":"product_tag","embeddable":true,"href":"https:\/\/conceptteam.org\/tr\/wp-json\/wp\/v2\/product_tag?post=4960"}],"curies":[{"name":"wp","href":"https:\/\/api.w.org\/{rel}","templated":true}]}}