{"id":4961,"date":"2020-07-27T12:00:51","date_gmt":"2020-06-03T13:13:51","guid":{"rendered":"https:\/\/conceptteam.org\/product\/bord-burger\/"},"modified":"2020-10-07T19:25:18","modified_gmt":"2020-10-07T19:25:18","slug":"bord-burger-koftesi","status":"publish","type":"product","link":"https:\/\/conceptteam.org\/tr\/product\/bord-burger-koftesi\/","title":{"rendered":"Bord Burger K\u00f6ftesi &#8211; 2 Adet"},"content":{"rendered":"","protected":false},"excerpt":{"rendered":"<p>2 Adet<br \/>\n180 GR\/ADET<br \/>\n<strong>Pi\u015fmeye Haz\u0131r<\/strong><br \/>\n<strong>***3 G\u00fcn \u00d6nce Sipari\u015f Verilmelidir***<\/strong><br \/>\n<strong>\u0130\u00e7indekiler:<\/strong> Dana, Kuzu K\u0131yma, Baharatlar.<\/p>\n","protected":false},"featured_media":5048,"template":"","meta":[],"product_cat":[92,102],"product_tag":[],"_links":{"self":[{"href":"https:\/\/conceptteam.org\/tr\/wp-json\/wp\/v2\/product\/4961"}],"collection":[{"href":"https:\/\/conceptteam.org\/tr\/wp-json\/wp\/v2\/product"}],"about":[{"href":"https:\/\/conceptteam.org\/tr\/wp-json\/wp\/v2\/types\/product"}],"wp:featuredmedia":[{"embeddable":true,"href":"https:\/\/conceptteam.org\/tr\/wp-json\/wp\/v2\/media\/5048"}],"wp:attachment":[{"href":"https:\/\/conceptteam.org\/tr\/wp-json\/wp\/v2\/media?parent=4961"}],"wp:term":[{"taxonomy":"product_cat","embeddable":true,"href":"https:\/\/conceptteam.org\/tr\/wp-json\/wp\/v2\/product_cat?post=4961"},{"taxonomy":"product_tag","embeddable":true,"href":"https:\/\/conceptteam.org\/tr\/wp-json\/wp\/v2\/product_tag?post=4961"}],"curies":[{"name":"wp","href":"https:\/\/api.w.org\/{rel}","templated":true}]}}