{"id":4962,"date":"2020-06-19T13:00:58","date_gmt":"2020-06-03T13:11:58","guid":{"rendered":"https:\/\/conceptteam.org\/product\/salmon-gravlax\/"},"modified":"2020-10-07T14:07:35","modified_gmt":"2020-10-07T14:07:35","slug":"salmon-gravlax","status":"publish","type":"product","link":"https:\/\/conceptteam.org\/tr\/product\/salmon-gravlax\/","title":{"rendered":"Salmon Gravlax"},"content":{"rendered":"","protected":false},"excerpt":{"rendered":"<p>250 GR<br \/>\n<strong>***3 G\u00fcn \u00d6nce Sipari\u015f Verilmelidir***<\/strong><br \/>\n<strong>\u0130\u00e7indekiler:<\/strong> Somon, Tuz, Tane Karabiber, Dereotu, K\u0131rm\u0131z\u0131 Pancar, Limon, Esmer \u015eeker. Gluten \u0130\u00e7ermez. Laktoz \u0130\u00e7ermez. *Vejeteryan \u00dcr\u00fcn De\u011fildir*<\/p>\n","protected":false},"featured_media":4904,"template":"","meta":[],"product_cat":[91,102],"product_tag":[],"_links":{"self":[{"href":"https:\/\/conceptteam.org\/tr\/wp-json\/wp\/v2\/product\/4962"}],"collection":[{"href":"https:\/\/conceptteam.org\/tr\/wp-json\/wp\/v2\/product"}],"about":[{"href":"https:\/\/conceptteam.org\/tr\/wp-json\/wp\/v2\/types\/product"}],"wp:featuredmedia":[{"embeddable":true,"href":"https:\/\/conceptteam.org\/tr\/wp-json\/wp\/v2\/media\/4904"}],"wp:attachment":[{"href":"https:\/\/conceptteam.org\/tr\/wp-json\/wp\/v2\/media?parent=4962"}],"wp:term":[{"taxonomy":"product_cat","embeddable":true,"href":"https:\/\/conceptteam.org\/tr\/wp-json\/wp\/v2\/product_cat?post=4962"},{"taxonomy":"product_tag","embeddable":true,"href":"https:\/\/conceptteam.org\/tr\/wp-json\/wp\/v2\/product_tag?post=4962"}],"curies":[{"name":"wp","href":"https:\/\/api.w.org\/{rel}","templated":true}]}}