{"id":4963,"date":"2020-06-18T12:00:22","date_gmt":"2020-06-03T13:09:22","guid":{"rendered":"https:\/\/conceptteam.org\/product\/seabass-pickle\/"},"modified":"2020-10-07T14:07:07","modified_gmt":"2020-10-07T14:07:07","slug":"levrek-tursusu","status":"publish","type":"product","link":"https:\/\/conceptteam.org\/tr\/product\/levrek-tursusu\/","title":{"rendered":"Levrek Tur\u015fusu"},"content":{"rendered":"","protected":false},"excerpt":{"rendered":"<p>250 GR<br \/>\n<strong>***3 G\u00fcn \u00d6nce Sipari\u015f Verilmelidir***<\/strong><br \/>\n<strong>\u0130\u00e7indekiler:<\/strong> Levrek, Limon, \u00dcz\u00fcm Sirkesi, Sar\u0131msak, Zeytinya\u011f. Gluten \u0130\u00e7ermez. Laktoz \u0130\u00e7ermez. *Vejetaeryan \u00dcr\u00fcn De\u011fildir*<\/p>\n","protected":false},"featured_media":4898,"template":"","meta":[],"product_cat":[91,102],"product_tag":[],"_links":{"self":[{"href":"https:\/\/conceptteam.org\/tr\/wp-json\/wp\/v2\/product\/4963"}],"collection":[{"href":"https:\/\/conceptteam.org\/tr\/wp-json\/wp\/v2\/product"}],"about":[{"href":"https:\/\/conceptteam.org\/tr\/wp-json\/wp\/v2\/types\/product"}],"wp:featuredmedia":[{"embeddable":true,"href":"https:\/\/conceptteam.org\/tr\/wp-json\/wp\/v2\/media\/4898"}],"wp:attachment":[{"href":"https:\/\/conceptteam.org\/tr\/wp-json\/wp\/v2\/media?parent=4963"}],"wp:term":[{"taxonomy":"product_cat","embeddable":true,"href":"https:\/\/conceptteam.org\/tr\/wp-json\/wp\/v2\/product_cat?post=4963"},{"taxonomy":"product_tag","embeddable":true,"href":"https:\/\/conceptteam.org\/tr\/wp-json\/wp\/v2\/product_tag?post=4963"}],"curies":[{"name":"wp","href":"https:\/\/api.w.org\/{rel}","templated":true}]}}