{"id":4964,"date":"2020-06-30T12:00:20","date_gmt":"2020-06-03T13:07:20","guid":{"rendered":"https:\/\/conceptteam.org\/product\/crispy-onion-yogurt-dip\/"},"modified":"2020-10-07T14:05:27","modified_gmt":"2020-10-07T14:05:27","slug":"cerceron-sos","status":"publish","type":"product","link":"https:\/\/conceptteam.org\/tr\/product\/cerceron-sos\/","title":{"rendered":"\u00c7er\u00e7eron Sos"},"content":{"rendered":"","protected":false},"excerpt":{"rendered":"<p>600 GR<br \/>\n<strong>***3 G\u00fcn \u00d6nce Sipari\u015f Verilmelidir***<\/strong><br \/>\n<strong>\u0130\u00e7indekiler:<\/strong> S\u00fczme Yo\u011furt, Kuru So\u011fan, M\u0131s\u0131r Ni\u015fastas\u0131, Tuz, Zeytinya\u011f, Ay\u00e7i\u00e7ek Ya\u011f\u0131. Gluten \u0130\u00e7ermez. Laktoz \u0130\u00e7erir. *Vejeteryan \u00dcr\u00fcn*<\/p>\n","protected":false},"featured_media":4911,"template":"","meta":[],"product_cat":[91,102],"product_tag":[],"_links":{"self":[{"href":"https:\/\/conceptteam.org\/tr\/wp-json\/wp\/v2\/product\/4964"}],"collection":[{"href":"https:\/\/conceptteam.org\/tr\/wp-json\/wp\/v2\/product"}],"about":[{"href":"https:\/\/conceptteam.org\/tr\/wp-json\/wp\/v2\/types\/product"}],"wp:featuredmedia":[{"embeddable":true,"href":"https:\/\/conceptteam.org\/tr\/wp-json\/wp\/v2\/media\/4911"}],"wp:attachment":[{"href":"https:\/\/conceptteam.org\/tr\/wp-json\/wp\/v2\/media?parent=4964"}],"wp:term":[{"taxonomy":"product_cat","embeddable":true,"href":"https:\/\/conceptteam.org\/tr\/wp-json\/wp\/v2\/product_cat?post=4964"},{"taxonomy":"product_tag","embeddable":true,"href":"https:\/\/conceptteam.org\/tr\/wp-json\/wp\/v2\/product_tag?post=4964"}],"curies":[{"name":"wp","href":"https:\/\/api.w.org\/{rel}","templated":true}]}}