{"id":4966,"date":"2020-06-20T13:00:12","date_gmt":"2020-06-03T13:02:12","guid":{"rendered":"https:\/\/conceptteam.org\/product\/homemade-roast-beef\/"},"modified":"2020-10-07T14:03:25","modified_gmt":"2020-10-07T14:03:25","slug":"ev-yapimi-butun-roast-beef","status":"publish","type":"product","link":"https:\/\/conceptteam.org\/tr\/product\/ev-yapimi-butun-roast-beef\/","title":{"rendered":"Ev Yap\u0131m\u0131 B\u00fct\u00fcn Roast Beef"},"content":{"rendered":"","protected":false},"excerpt":{"rendered":"<p>1000 GR<br \/>\n<strong>***3 G\u00fcn \u00d6nce Sipari\u015f Verilmelidir***<\/strong><br \/>\n<strong>\u0130\u00e7indekiler:<\/strong> Dana Eti, Tuz, Karabiber, So\u011fan, Sar\u0131msak, Taze Kekik, Hardal, Maydanoz. Gluten \u0130\u00e7ermez. Laktoz \u0130\u00e7ermez. <\/p>\n","protected":false},"featured_media":4896,"template":"","meta":[],"product_cat":[91,102],"product_tag":[],"_links":{"self":[{"href":"https:\/\/conceptteam.org\/tr\/wp-json\/wp\/v2\/product\/4966"}],"collection":[{"href":"https:\/\/conceptteam.org\/tr\/wp-json\/wp\/v2\/product"}],"about":[{"href":"https:\/\/conceptteam.org\/tr\/wp-json\/wp\/v2\/types\/product"}],"wp:featuredmedia":[{"embeddable":true,"href":"https:\/\/conceptteam.org\/tr\/wp-json\/wp\/v2\/media\/4896"}],"wp:attachment":[{"href":"https:\/\/conceptteam.org\/tr\/wp-json\/wp\/v2\/media?parent=4966"}],"wp:term":[{"taxonomy":"product_cat","embeddable":true,"href":"https:\/\/conceptteam.org\/tr\/wp-json\/wp\/v2\/product_cat?post=4966"},{"taxonomy":"product_tag","embeddable":true,"href":"https:\/\/conceptteam.org\/tr\/wp-json\/wp\/v2\/product_tag?post=4966"}],"curies":[{"name":"wp","href":"https:\/\/api.w.org\/{rel}","templated":true}]}}