{"id":4968,"date":"2020-06-27T12:00:31","date_gmt":"2020-06-03T12:56:31","guid":{"rendered":"https:\/\/conceptteam.org\/product\/roll-pastry-with-eggplant\/"},"modified":"2020-10-07T13:55:16","modified_gmt":"2020-10-07T13:55:16","slug":"gul-boregi-patlicanli","status":"publish","type":"product","link":"https:\/\/conceptteam.org\/tr\/product\/gul-boregi-patlicanli\/","title":{"rendered":"G\u00fcl B\u00f6re\u011fi Patl\u0131canl\u0131 &#8211; 6 Adet"},"content":{"rendered":"","protected":false},"excerpt":{"rendered":"<p>6 Adet<br \/>\n<strong>***3 G\u00fcn \u00d6nce Sipari\u015f Verilmelidir***<\/strong><br \/>\n<strong>\u0130\u00e7indekiler:<\/strong> Yufka, Yumurta, S\u00fct, S\u0131v\u0131 Ya\u011f, K\u00f6zlenmi\u015f Patl\u0131can, Sar\u0131msak. Gluten \u0130\u00e7erir. Laktoz \u0130\u00e7erir. *Vejeteryan \u00dcr\u00fcn*<\/p>\n","protected":false},"featured_media":4945,"template":"","meta":[],"product_cat":[91,102],"product_tag":[],"_links":{"self":[{"href":"https:\/\/conceptteam.org\/tr\/wp-json\/wp\/v2\/product\/4968"}],"collection":[{"href":"https:\/\/conceptteam.org\/tr\/wp-json\/wp\/v2\/product"}],"about":[{"href":"https:\/\/conceptteam.org\/tr\/wp-json\/wp\/v2\/types\/product"}],"wp:featuredmedia":[{"embeddable":true,"href":"https:\/\/conceptteam.org\/tr\/wp-json\/wp\/v2\/media\/4945"}],"wp:attachment":[{"href":"https:\/\/conceptteam.org\/tr\/wp-json\/wp\/v2\/media?parent=4968"}],"wp:term":[{"taxonomy":"product_cat","embeddable":true,"href":"https:\/\/conceptteam.org\/tr\/wp-json\/wp\/v2\/product_cat?post=4968"},{"taxonomy":"product_tag","embeddable":true,"href":"https:\/\/conceptteam.org\/tr\/wp-json\/wp\/v2\/product_tag?post=4968"}],"curies":[{"name":"wp","href":"https:\/\/api.w.org\/{rel}","templated":true}]}}