{"id":4969,"date":"2020-06-24T12:00:53","date_gmt":"2020-06-03T12:54:53","guid":{"rendered":"https:\/\/conceptteam.org\/product\/mosaic-cake\/"},"modified":"2020-10-07T13:53:35","modified_gmt":"2020-10-07T13:53:35","slug":"mozaik-pasta","status":"publish","type":"product","link":"https:\/\/conceptteam.org\/tr\/product\/mozaik-pasta\/","title":{"rendered":"Mozaik Pasta"},"content":{"rendered":"","protected":false},"excerpt":{"rendered":"<p>1500 GR<br \/>\n<strong>***3 G\u00fcn \u00d6nce Sipari\u015f Verilmelidir***<\/strong><br \/>\n<strong>\u0130\u00e7indekiler:<\/strong> S\u00fct, \u015eeker, Tereya\u011f, Kakao, Siyah \u00c7ikolata, Bisk\u00fcvi, Vanilya. Gluten  \u0130\u00e7erir. Laksoz \u0130\u00e7erir. *Vejeteryan \u00dcr\u00fcn*<\/p>\n","protected":false},"featured_media":4878,"template":"","meta":[],"product_cat":[91,102],"product_tag":[],"_links":{"self":[{"href":"https:\/\/conceptteam.org\/tr\/wp-json\/wp\/v2\/product\/4969"}],"collection":[{"href":"https:\/\/conceptteam.org\/tr\/wp-json\/wp\/v2\/product"}],"about":[{"href":"https:\/\/conceptteam.org\/tr\/wp-json\/wp\/v2\/types\/product"}],"wp:featuredmedia":[{"embeddable":true,"href":"https:\/\/conceptteam.org\/tr\/wp-json\/wp\/v2\/media\/4878"}],"wp:attachment":[{"href":"https:\/\/conceptteam.org\/tr\/wp-json\/wp\/v2\/media?parent=4969"}],"wp:term":[{"taxonomy":"product_cat","embeddable":true,"href":"https:\/\/conceptteam.org\/tr\/wp-json\/wp\/v2\/product_cat?post=4969"},{"taxonomy":"product_tag","embeddable":true,"href":"https:\/\/conceptteam.org\/tr\/wp-json\/wp\/v2\/product_tag?post=4969"}],"curies":[{"name":"wp","href":"https:\/\/api.w.org\/{rel}","templated":true}]}}