{"id":4971,"date":"2020-06-22T12:00:31","date_gmt":"2020-06-03T12:30:31","guid":{"rendered":"https:\/\/conceptteam.org\/product\/latte-mousse-and-raspberry-sauce\/"},"modified":"2020-10-07T13:41:57","modified_gmt":"2020-10-07T13:41:57","slug":"frambuaz-soslu-latte-mousse","status":"publish","type":"product","link":"https:\/\/conceptteam.org\/tr\/product\/frambuaz-soslu-latte-mousse\/","title":{"rendered":"Frambuaz Soslu Latte Mousse"},"content":{"rendered":"","protected":false},"excerpt":{"rendered":"<p>4 Kavanoz<br \/>\n1 Kavanoz: 200 GR<br \/>\n<strong>***3 G\u00fcn \u00d6nce Sipari\u015f Verilmelidir***<\/strong><br \/>\n<strong>\u0130\u00e7indekiler:<\/strong> S\u00fczme Yo\u011furt, Vanilya, Krema,  Beyaz \u00c7ikolata, Frambuaz, \u015eeker. Gluten \u0130\u00e7erir. Laktoz \u0130\u00e7erir. *Vejeteryan \u00dcr\u00fcn*<\/p>\n","protected":false},"featured_media":4915,"template":"","meta":[],"product_cat":[91,102],"product_tag":[],"_links":{"self":[{"href":"https:\/\/conceptteam.org\/tr\/wp-json\/wp\/v2\/product\/4971"}],"collection":[{"href":"https:\/\/conceptteam.org\/tr\/wp-json\/wp\/v2\/product"}],"about":[{"href":"https:\/\/conceptteam.org\/tr\/wp-json\/wp\/v2\/types\/product"}],"wp:featuredmedia":[{"embeddable":true,"href":"https:\/\/conceptteam.org\/tr\/wp-json\/wp\/v2\/media\/4915"}],"wp:attachment":[{"href":"https:\/\/conceptteam.org\/tr\/wp-json\/wp\/v2\/media?parent=4971"}],"wp:term":[{"taxonomy":"product_cat","embeddable":true,"href":"https:\/\/conceptteam.org\/tr\/wp-json\/wp\/v2\/product_cat?post=4971"},{"taxonomy":"product_tag","embeddable":true,"href":"https:\/\/conceptteam.org\/tr\/wp-json\/wp\/v2\/product_tag?post=4971"}],"curies":[{"name":"wp","href":"https:\/\/api.w.org\/{rel}","templated":true}]}}