{"id":4972,"date":"2020-06-21T12:00:56","date_gmt":"2020-06-03T12:26:56","guid":{"rendered":"https:\/\/conceptteam.org\/product\/cranberry-and-almond-granola\/"},"modified":"2020-10-07T13:50:04","modified_gmt":"2020-10-07T13:50:04","slug":"turna-yemisli-bademli-granola","status":"publish","type":"product","link":"https:\/\/conceptteam.org\/tr\/product\/turna-yemisli-bademli-granola\/","title":{"rendered":"Turna Yemi\u015fli Bademli Granola"},"content":{"rendered":"","protected":false},"excerpt":{"rendered":"<p>250 GR<br \/>\n<strong>***3 G\u00fcn \u00d6nce Sipari\u015f Verilmelidir***<\/strong><br \/>\n<strong>\u0130\u00e7indekiler:<\/strong> \u00c7i\u011f F\u0131nd\u0131k, \u00c7i\u011f Badem, Ceviz, Turna Yemi\u015fi, \u00c7ekirdeksiz Kuru Siyah \u00dcz\u00fcm, Kabuksuz \u0130\u00e7 Ay \u00c7ekirde\u011fi, Susam, Yulaf Ezmesi, Toz Tar\u00e7\u0131n, Tuz, Bal, \u00dcz\u00fcm Pekmezi, Zeytinya\u011f. Gluten \u0130\u00e7erir. *Vegan \u00dcr\u00fcn* Kabuklu \u00c7erez \u0130\u00e7erir.<\/p>\n","protected":false},"featured_media":4884,"template":"","meta":[],"product_cat":[91,102],"product_tag":[],"_links":{"self":[{"href":"https:\/\/conceptteam.org\/tr\/wp-json\/wp\/v2\/product\/4972"}],"collection":[{"href":"https:\/\/conceptteam.org\/tr\/wp-json\/wp\/v2\/product"}],"about":[{"href":"https:\/\/conceptteam.org\/tr\/wp-json\/wp\/v2\/types\/product"}],"wp:featuredmedia":[{"embeddable":true,"href":"https:\/\/conceptteam.org\/tr\/wp-json\/wp\/v2\/media\/4884"}],"wp:attachment":[{"href":"https:\/\/conceptteam.org\/tr\/wp-json\/wp\/v2\/media?parent=4972"}],"wp:term":[{"taxonomy":"product_cat","embeddable":true,"href":"https:\/\/conceptteam.org\/tr\/wp-json\/wp\/v2\/product_cat?post=4972"},{"taxonomy":"product_tag","embeddable":true,"href":"https:\/\/conceptteam.org\/tr\/wp-json\/wp\/v2\/product_tag?post=4972"}],"curies":[{"name":"wp","href":"https:\/\/api.w.org\/{rel}","templated":true}]}}