{"id":4973,"date":"2020-06-26T12:00:56","date_gmt":"2020-06-03T12:23:56","guid":{"rendered":"https:\/\/conceptteam.org\/product\/carrot-cake-with-walnuts\/"},"modified":"2020-10-07T13:41:21","modified_gmt":"2020-10-07T13:41:21","slug":"havuclu-cevizli-kek","status":"publish","type":"product","link":"https:\/\/conceptteam.org\/tr\/product\/havuclu-cevizli-kek\/","title":{"rendered":"Havu\u00e7lu Cevizli Kek"},"content":{"rendered":"","protected":false},"excerpt":{"rendered":"<p>8 Ki\u015filik<br \/>\n1200 GR<br \/>\n<strong>***3 G\u00fcn \u00d6nce Sipari\u015f Verilmelidir***<\/strong><br \/>\n<strong>\u0130\u00e7indekiler:<\/strong> Havu\u00e7, \u015eeker, Ceviz, Ay\u00e7i\u00e7ekya\u011f\u0131, Yumurta, S\u00fct, Vanilya Tozu, Kabartma Tozu, Un, Tar\u00e7\u0131n. Gluten \u0130\u00e7erir. Laktoz \u0130\u00e7erir. *Vejeteryan \u00dcr\u00fcn*<\/p>\n","protected":false},"featured_media":4925,"template":"","meta":[],"product_cat":[91,102],"product_tag":[],"_links":{"self":[{"href":"https:\/\/conceptteam.org\/tr\/wp-json\/wp\/v2\/product\/4973"}],"collection":[{"href":"https:\/\/conceptteam.org\/tr\/wp-json\/wp\/v2\/product"}],"about":[{"href":"https:\/\/conceptteam.org\/tr\/wp-json\/wp\/v2\/types\/product"}],"wp:featuredmedia":[{"embeddable":true,"href":"https:\/\/conceptteam.org\/tr\/wp-json\/wp\/v2\/media\/4925"}],"wp:attachment":[{"href":"https:\/\/conceptteam.org\/tr\/wp-json\/wp\/v2\/media?parent=4973"}],"wp:term":[{"taxonomy":"product_cat","embeddable":true,"href":"https:\/\/conceptteam.org\/tr\/wp-json\/wp\/v2\/product_cat?post=4973"},{"taxonomy":"product_tag","embeddable":true,"href":"https:\/\/conceptteam.org\/tr\/wp-json\/wp\/v2\/product_tag?post=4973"}],"curies":[{"name":"wp","href":"https:\/\/api.w.org\/{rel}","templated":true}]}}