{"id":4974,"date":"2020-06-25T12:00:18","date_gmt":"2020-06-03T12:21:18","guid":{"rendered":"https:\/\/conceptteam.org\/product\/wet-chocolate-cake\/"},"modified":"2020-10-07T13:41:13","modified_gmt":"2020-10-07T13:41:13","slug":"islak-cikolatali-kek","status":"publish","type":"product","link":"https:\/\/conceptteam.org\/tr\/product\/islak-cikolatali-kek\/","title":{"rendered":"Islak \u00c7ikolatal\u0131 Kek"},"content":{"rendered":"","protected":false},"excerpt":{"rendered":"<p>8 Ki\u015filik<br \/>\n1000 GR<br \/>\n<strong>***3 G\u00fcn \u00d6nce Sipari\u015f Verilmelidir***<\/strong><br \/>\n<strong>\u0130\u00e7indekiler:<\/strong> \u015eeker, Ay\u00e7i\u00e7ek Ya\u011f\u0131, S\u00fct, Kakao, Yumurta, Un, Vanilya. Gluten \u0130\u00e7erir. Laktoz \u0130\u00e7erir. *Vejeteryan \u00dcr\u00fcn*<\/p>\n","protected":false},"featured_media":4866,"template":"","meta":[],"product_cat":[91,102],"product_tag":[],"_links":{"self":[{"href":"https:\/\/conceptteam.org\/tr\/wp-json\/wp\/v2\/product\/4974"}],"collection":[{"href":"https:\/\/conceptteam.org\/tr\/wp-json\/wp\/v2\/product"}],"about":[{"href":"https:\/\/conceptteam.org\/tr\/wp-json\/wp\/v2\/types\/product"}],"wp:featuredmedia":[{"embeddable":true,"href":"https:\/\/conceptteam.org\/tr\/wp-json\/wp\/v2\/media\/4866"}],"wp:attachment":[{"href":"https:\/\/conceptteam.org\/tr\/wp-json\/wp\/v2\/media?parent=4974"}],"wp:term":[{"taxonomy":"product_cat","embeddable":true,"href":"https:\/\/conceptteam.org\/tr\/wp-json\/wp\/v2\/product_cat?post=4974"},{"taxonomy":"product_tag","embeddable":true,"href":"https:\/\/conceptteam.org\/tr\/wp-json\/wp\/v2\/product_tag?post=4974"}],"curies":[{"name":"wp","href":"https:\/\/api.w.org\/{rel}","templated":true}]}}